{"id":6367,"date":"2026-03-16T19:16:28","date_gmt":"2026-03-16T18:16:28","guid":{"rendered":"https:\/\/mills-nutrients.com\/product\/solid-ignite\/"},"modified":"2026-03-26T08:34:04","modified_gmt":"2026-03-26T07:34:04","slug":"solid-ignite","status":"publish","type":"product","link":"https:\/\/mills-nutrients.com\/es\/product\/solid-ignite\/","title":{"rendered":"Solid Ignite"},"content":{"rendered":"\n<p>Solid Ignite \u2013 Turboalimenta Tu Floraci\u00f3n. Libera Todo el Potencial Gen\u00e9tico. Mills Solid Ignite es un estimulador de floraci\u00f3n potente y de precisi\u00f3n dise\u00f1ado para acelerar la formaci\u00f3n de flores y mejorar dr\u00e1sticamente el rendimiento. Con una mezcla de az\u00facares, vitaminas y aditivos, Ignite proporciona el impulso metab\u00f3lico que las plantas necesitan para superar sus l\u00edmites naturales.   <\/p>\n\n<p><strong>Solo para productores autorizados<\/strong><\/p>\n","protected":false},"excerpt":{"rendered":"<p>Potencia tu floraci\u00f3n. Libera todo el potencial de tu planta. <\/p>\n","protected":false},"featured_media":6366,"template":"","meta":{"_acf_changed":false},"categories":[145],"class_list":["post-6367","product","type-product","status-publish","has-post-thumbnail","hentry","category-solidos"],"acf":[],"yoast_head":"<!-- This site is optimized with the Yoast SEO plugin v27.3 - https:\/\/yoast.com\/product\/yoast-seo-wordpress\/ -->\n<title>Mills Solids Solid Basis B para productores autorizados<\/title>\n<meta name=\"description\" content=\"Mills Solids Ignite es un acelerador de floraci\u00f3n concentrado para productores profesionales. Se introduce a partir de la semana 3 de floraci\u00f3n.\" \/>\n<meta name=\"robots\" content=\"index, follow, max-snippet:-1, max-image-preview:large, max-video-preview:-1\" \/>\n<link rel=\"canonical\" href=\"https:\/\/mills-nutrients.com\/es\/product\/solid-ignite\/\" \/>\n<meta property=\"og:locale\" content=\"es_ES\" \/>\n<meta property=\"og:type\" content=\"article\" \/>\n<meta property=\"og:title\" content=\"Mills Solids Solid Basis B para productores autorizados\" \/>\n<meta property=\"og:description\" content=\"Mills Solids Ignite es un acelerador de floraci\u00f3n concentrado para productores profesionales. Se introduce a partir de la semana 3 de floraci\u00f3n.\" \/>\n<meta property=\"og:url\" content=\"https:\/\/mills-nutrients.com\/es\/product\/solid-ignite\/\" \/>\n<meta property=\"og:site_name\" content=\"Mills\" \/>\n<meta property=\"article:modified_time\" content=\"2026-03-26T07:34:04+00:00\" \/>\n<meta name=\"twitter:card\" content=\"summary_large_image\" \/>\n<script type=\"application\/ld+json\" class=\"yoast-schema-graph\">{\"@context\":\"https:\\\/\\\/schema.org\",\"@graph\":[{\"@type\":\"WebPage\",\"@id\":\"https:\\\/\\\/mills-nutrients.com\\\/es\\\/product\\\/solid-ignite\\\/\",\"url\":\"https:\\\/\\\/mills-nutrients.com\\\/es\\\/product\\\/solid-ignite\\\/\",\"name\":\"Mills Solids Solid Basis B para productores autorizados\",\"isPartOf\":{\"@id\":\"https:\\\/\\\/mills-nutrients.com\\\/es\\\/#website\"},\"primaryImageOfPage\":{\"@id\":\"https:\\\/\\\/mills-nutrients.com\\\/es\\\/product\\\/solid-ignite\\\/#primaryimage\"},\"image\":{\"@id\":\"https:\\\/\\\/mills-nutrients.com\\\/es\\\/product\\\/solid-ignite\\\/#primaryimage\"},\"thumbnailUrl\":\"https:\\\/\\\/mills-nutrients.com\\\/wp-content\\\/uploads\\\/2026\\\/02\\\/Solid-Ignite.avif\",\"datePublished\":\"2026-03-16T18:16:28+00:00\",\"dateModified\":\"2026-03-26T07:34:04+00:00\",\"description\":\"Mills Solids Ignite es un acelerador de floraci\u00f3n concentrado para productores profesionales. Se introduce a partir de la semana 3 de floraci\u00f3n.\",\"breadcrumb\":{\"@id\":\"https:\\\/\\\/mills-nutrients.com\\\/es\\\/product\\\/solid-ignite\\\/#breadcrumb\"},\"inLanguage\":\"es\",\"potentialAction\":[{\"@type\":\"ReadAction\",\"target\":[\"https:\\\/\\\/mills-nutrients.com\\\/es\\\/product\\\/solid-ignite\\\/\"]}]},{\"@type\":\"ImageObject\",\"inLanguage\":\"es\",\"@id\":\"https:\\\/\\\/mills-nutrients.com\\\/es\\\/product\\\/solid-ignite\\\/#primaryimage\",\"url\":\"https:\\\/\\\/mills-nutrients.com\\\/wp-content\\\/uploads\\\/2026\\\/02\\\/Solid-Ignite.avif\",\"contentUrl\":\"https:\\\/\\\/mills-nutrients.com\\\/wp-content\\\/uploads\\\/2026\\\/02\\\/Solid-Ignite.avif\",\"width\":1250,\"height\":1250,\"caption\":\"Imagen del producto acelerador de floraci\u00f3n Mills Solids Ignite para productores profesionales, introducido desde la semana 3 de floraci\u00f3n y aplicado en microdosis.\"},{\"@type\":\"BreadcrumbList\",\"@id\":\"https:\\\/\\\/mills-nutrients.com\\\/es\\\/product\\\/solid-ignite\\\/#breadcrumb\",\"itemListElement\":[{\"@type\":\"ListItem\",\"position\":1,\"name\":\"Home\",\"item\":\"https:\\\/\\\/mills-nutrients.com\\\/es\\\/\"},{\"@type\":\"ListItem\",\"position\":2,\"name\":\"Solid Ignite\"}]},{\"@type\":\"WebSite\",\"@id\":\"https:\\\/\\\/mills-nutrients.com\\\/es\\\/#website\",\"url\":\"https:\\\/\\\/mills-nutrients.com\\\/es\\\/\",\"name\":\"Mills\",\"description\":\"\",\"publisher\":{\"@id\":\"https:\\\/\\\/mills-nutrients.com\\\/es\\\/#organization\"},\"potentialAction\":[{\"@type\":\"SearchAction\",\"target\":{\"@type\":\"EntryPoint\",\"urlTemplate\":\"https:\\\/\\\/mills-nutrients.com\\\/es\\\/?s={search_term_string}\"},\"query-input\":{\"@type\":\"PropertyValueSpecification\",\"valueRequired\":true,\"valueName\":\"search_term_string\"}}],\"inLanguage\":\"es\"},{\"@type\":\"Organization\",\"@id\":\"https:\\\/\\\/mills-nutrients.com\\\/es\\\/#organization\",\"name\":\"Mills\",\"url\":\"https:\\\/\\\/mills-nutrients.com\\\/es\\\/\",\"logo\":{\"@type\":\"ImageObject\",\"inLanguage\":\"es\",\"@id\":\"https:\\\/\\\/mills-nutrients.com\\\/es\\\/#\\\/schema\\\/logo\\\/image\\\/\",\"url\":\"https:\\\/\\\/mills-nutrients.com\\\/wp-content\\\/uploads\\\/2025\\\/08\\\/favicon-2-1.png\",\"contentUrl\":\"https:\\\/\\\/mills-nutrients.com\\\/wp-content\\\/uploads\\\/2025\\\/08\\\/favicon-2-1.png\",\"width\":48,\"height\":48,\"caption\":\"Mills\"},\"image\":{\"@id\":\"https:\\\/\\\/mills-nutrients.com\\\/es\\\/#\\\/schema\\\/logo\\\/image\\\/\"}}]}<\/script>\n<!-- \/ Yoast SEO plugin. -->","yoast_head_json":{"title":"Mills Solids Solid Basis B para productores autorizados","description":"Mills Solids Ignite es un acelerador de floraci\u00f3n concentrado para productores profesionales. Se introduce a partir de la semana 3 de floraci\u00f3n.","robots":{"index":"index","follow":"follow","max-snippet":"max-snippet:-1","max-image-preview":"max-image-preview:large","max-video-preview":"max-video-preview:-1"},"canonical":"https:\/\/mills-nutrients.com\/es\/product\/solid-ignite\/","og_locale":"es_ES","og_type":"article","og_title":"Mills Solids Solid Basis B para productores autorizados","og_description":"Mills Solids Ignite es un acelerador de floraci\u00f3n concentrado para productores profesionales. Se introduce a partir de la semana 3 de floraci\u00f3n.","og_url":"https:\/\/mills-nutrients.com\/es\/product\/solid-ignite\/","og_site_name":"Mills","article_modified_time":"2026-03-26T07:34:04+00:00","twitter_card":"summary_large_image","schema":{"@context":"https:\/\/schema.org","@graph":[{"@type":"WebPage","@id":"https:\/\/mills-nutrients.com\/es\/product\/solid-ignite\/","url":"https:\/\/mills-nutrients.com\/es\/product\/solid-ignite\/","name":"Mills Solids Solid Basis B para productores autorizados","isPartOf":{"@id":"https:\/\/mills-nutrients.com\/es\/#website"},"primaryImageOfPage":{"@id":"https:\/\/mills-nutrients.com\/es\/product\/solid-ignite\/#primaryimage"},"image":{"@id":"https:\/\/mills-nutrients.com\/es\/product\/solid-ignite\/#primaryimage"},"thumbnailUrl":"https:\/\/mills-nutrients.com\/wp-content\/uploads\/2026\/02\/Solid-Ignite.avif","datePublished":"2026-03-16T18:16:28+00:00","dateModified":"2026-03-26T07:34:04+00:00","description":"Mills Solids Ignite es un acelerador de floraci\u00f3n concentrado para productores profesionales. Se introduce a partir de la semana 3 de floraci\u00f3n.","breadcrumb":{"@id":"https:\/\/mills-nutrients.com\/es\/product\/solid-ignite\/#breadcrumb"},"inLanguage":"es","potentialAction":[{"@type":"ReadAction","target":["https:\/\/mills-nutrients.com\/es\/product\/solid-ignite\/"]}]},{"@type":"ImageObject","inLanguage":"es","@id":"https:\/\/mills-nutrients.com\/es\/product\/solid-ignite\/#primaryimage","url":"https:\/\/mills-nutrients.com\/wp-content\/uploads\/2026\/02\/Solid-Ignite.avif","contentUrl":"https:\/\/mills-nutrients.com\/wp-content\/uploads\/2026\/02\/Solid-Ignite.avif","width":1250,"height":1250,"caption":"Imagen del producto acelerador de floraci\u00f3n Mills Solids Ignite para productores profesionales, introducido desde la semana 3 de floraci\u00f3n y aplicado en microdosis."},{"@type":"BreadcrumbList","@id":"https:\/\/mills-nutrients.com\/es\/product\/solid-ignite\/#breadcrumb","itemListElement":[{"@type":"ListItem","position":1,"name":"Home","item":"https:\/\/mills-nutrients.com\/es\/"},{"@type":"ListItem","position":2,"name":"Solid Ignite"}]},{"@type":"WebSite","@id":"https:\/\/mills-nutrients.com\/es\/#website","url":"https:\/\/mills-nutrients.com\/es\/","name":"Mills","description":"","publisher":{"@id":"https:\/\/mills-nutrients.com\/es\/#organization"},"potentialAction":[{"@type":"SearchAction","target":{"@type":"EntryPoint","urlTemplate":"https:\/\/mills-nutrients.com\/es\/?s={search_term_string}"},"query-input":{"@type":"PropertyValueSpecification","valueRequired":true,"valueName":"search_term_string"}}],"inLanguage":"es"},{"@type":"Organization","@id":"https:\/\/mills-nutrients.com\/es\/#organization","name":"Mills","url":"https:\/\/mills-nutrients.com\/es\/","logo":{"@type":"ImageObject","inLanguage":"es","@id":"https:\/\/mills-nutrients.com\/es\/#\/schema\/logo\/image\/","url":"https:\/\/mills-nutrients.com\/wp-content\/uploads\/2025\/08\/favicon-2-1.png","contentUrl":"https:\/\/mills-nutrients.com\/wp-content\/uploads\/2025\/08\/favicon-2-1.png","width":48,"height":48,"caption":"Mills"},"image":{"@id":"https:\/\/mills-nutrients.com\/es\/#\/schema\/logo\/image\/"}}]}},"_links":{"self":[{"href":"https:\/\/mills-nutrients.com\/es\/wp-json\/wp\/v2\/product\/6367","targetHints":{"allow":["GET"]}}],"collection":[{"href":"https:\/\/mills-nutrients.com\/es\/wp-json\/wp\/v2\/product"}],"about":[{"href":"https:\/\/mills-nutrients.com\/es\/wp-json\/wp\/v2\/types\/product"}],"version-history":[{"count":3,"href":"https:\/\/mills-nutrients.com\/es\/wp-json\/wp\/v2\/product\/6367\/revisions"}],"predecessor-version":[{"id":6548,"href":"https:\/\/mills-nutrients.com\/es\/wp-json\/wp\/v2\/product\/6367\/revisions\/6548"}],"wp:featuredmedia":[{"embeddable":true,"href":"https:\/\/mills-nutrients.com\/es\/wp-json\/wp\/v2\/media\/6366"}],"wp:attachment":[{"href":"https:\/\/mills-nutrients.com\/es\/wp-json\/wp\/v2\/media?parent=6367"}],"wp:term":[{"taxonomy":"category","embeddable":true,"href":"https:\/\/mills-nutrients.com\/es\/wp-json\/wp\/v2\/categories?post=6367"}],"curies":[{"name":"wp","href":"https:\/\/api.w.org\/{rel}","templated":true}]}}