{"id":6359,"date":"2026-03-16T19:16:34","date_gmt":"2026-03-16T18:16:34","guid":{"rendered":"https:\/\/mills-nutrients.com\/product\/solid-basis-b\/"},"modified":"2026-03-26T08:34:45","modified_gmt":"2026-03-26T07:34:45","slug":"solid-basis-b","status":"publish","type":"product","link":"https:\/\/mills-nutrients.com\/es\/product\/solid-basis-b\/","title":{"rendered":"Solid Basis B"},"content":{"rendered":"\n<p>Solid Basis A&amp;B: dise\u00f1ado para la precisi\u00f3n, creado para el rendimiento. Mills Solid <a href=\"https:\/\/mills-nutrients.com\/es\/product\/basis-ab\/\">Basis A&amp;B<\/a> es el r\u00e9gimen de nutrientes de \u00faltima generaci\u00f3n dise\u00f1ado para ofrecer resultados constantes, predecibles y de alto rendimiento. Gracias a sus componentes de primera calidad y proporciones de nutrientes avanzadas, da a tus plantas exactamente lo que necesitan (ni m\u00e1s ni menos) desde el primer d\u00eda de crecimiento hasta el \u00faltimo abonado.   <\/p>\n\n<p><strong>Solo para productores autorizados<\/strong><\/p>\n","protected":false},"excerpt":{"rendered":"<p>La base para obtener resultados constantes y fiables.<\/p>\n","protected":false},"featured_media":6358,"template":"","meta":{"_acf_changed":false},"categories":[145],"class_list":["post-6359","product","type-product","status-publish","has-post-thumbnail","hentry","category-solidos"],"acf":[],"yoast_head":"<!-- This site is optimized with the Yoast SEO plugin v27.3 - https:\/\/yoast.com\/product\/yoast-seo-wordpress\/ -->\n<title>Mills Solids Solid Basis B para productores autorizados<\/title>\n<meta name=\"description\" content=\"Solid Basis B completa el r\u00e9gimen base de Mills Solids con f\u00f3sforo, potasio y micronutrientes quelatados con EDTA y EDDHA.\" \/>\n<meta name=\"robots\" content=\"index, follow, max-snippet:-1, max-image-preview:large, max-video-preview:-1\" \/>\n<link rel=\"canonical\" href=\"https:\/\/mills-nutrients.com\/es\/product\/solid-basis-b\/\" \/>\n<meta property=\"og:locale\" content=\"es_ES\" \/>\n<meta property=\"og:type\" content=\"article\" \/>\n<meta property=\"og:title\" content=\"Mills Solids Solid Basis B para productores autorizados\" \/>\n<meta property=\"og:description\" content=\"Solid Basis B completa el r\u00e9gimen base de Mills Solids con f\u00f3sforo, potasio y micronutrientes quelatados con EDTA y EDDHA.\" \/>\n<meta property=\"og:url\" content=\"https:\/\/mills-nutrients.com\/es\/product\/solid-basis-b\/\" \/>\n<meta property=\"og:site_name\" content=\"Mills\" \/>\n<meta property=\"article:modified_time\" content=\"2026-03-26T07:34:45+00:00\" \/>\n<meta name=\"twitter:card\" content=\"summary_large_image\" \/>\n<script type=\"application\/ld+json\" class=\"yoast-schema-graph\">{\"@context\":\"https:\\\/\\\/schema.org\",\"@graph\":[{\"@type\":\"WebPage\",\"@id\":\"https:\\\/\\\/mills-nutrients.com\\\/es\\\/product\\\/solid-basis-b\\\/\",\"url\":\"https:\\\/\\\/mills-nutrients.com\\\/es\\\/product\\\/solid-basis-b\\\/\",\"name\":\"Mills Solids Solid Basis B para productores autorizados\",\"isPartOf\":{\"@id\":\"https:\\\/\\\/mills-nutrients.com\\\/es\\\/#website\"},\"primaryImageOfPage\":{\"@id\":\"https:\\\/\\\/mills-nutrients.com\\\/es\\\/product\\\/solid-basis-b\\\/#primaryimage\"},\"image\":{\"@id\":\"https:\\\/\\\/mills-nutrients.com\\\/es\\\/product\\\/solid-basis-b\\\/#primaryimage\"},\"thumbnailUrl\":\"https:\\\/\\\/mills-nutrients.com\\\/wp-content\\\/uploads\\\/2026\\\/02\\\/Solid-B.avif\",\"datePublished\":\"2026-03-16T18:16:34+00:00\",\"dateModified\":\"2026-03-26T07:34:45+00:00\",\"description\":\"Solid Basis B completa el r\u00e9gimen base de Mills Solids con f\u00f3sforo, potasio y micronutrientes quelatados con EDTA y EDDHA.\",\"breadcrumb\":{\"@id\":\"https:\\\/\\\/mills-nutrients.com\\\/es\\\/product\\\/solid-basis-b\\\/#breadcrumb\"},\"inLanguage\":\"es\",\"potentialAction\":[{\"@type\":\"ReadAction\",\"target\":[\"https:\\\/\\\/mills-nutrients.com\\\/es\\\/product\\\/solid-basis-b\\\/\"]}]},{\"@type\":\"ImageObject\",\"inLanguage\":\"es\",\"@id\":\"https:\\\/\\\/mills-nutrients.com\\\/es\\\/product\\\/solid-basis-b\\\/#primaryimage\",\"url\":\"https:\\\/\\\/mills-nutrients.com\\\/wp-content\\\/uploads\\\/2026\\\/02\\\/Solid-B.avif\",\"contentUrl\":\"https:\\\/\\\/mills-nutrients.com\\\/wp-content\\\/uploads\\\/2026\\\/02\\\/Solid-B.avif\",\"width\":1250,\"height\":1250,\"caption\":\"Cubo blanco de Solids Basis B con etiqueta azul que muestra Mills Solids Solid Basis B para productores autorizados y cultivo a escala comercial.\"},{\"@type\":\"BreadcrumbList\",\"@id\":\"https:\\\/\\\/mills-nutrients.com\\\/es\\\/product\\\/solid-basis-b\\\/#breadcrumb\",\"itemListElement\":[{\"@type\":\"ListItem\",\"position\":1,\"name\":\"Home\",\"item\":\"https:\\\/\\\/mills-nutrients.com\\\/es\\\/\"},{\"@type\":\"ListItem\",\"position\":2,\"name\":\"Solid Basis B\"}]},{\"@type\":\"WebSite\",\"@id\":\"https:\\\/\\\/mills-nutrients.com\\\/es\\\/#website\",\"url\":\"https:\\\/\\\/mills-nutrients.com\\\/es\\\/\",\"name\":\"Mills\",\"description\":\"\",\"publisher\":{\"@id\":\"https:\\\/\\\/mills-nutrients.com\\\/es\\\/#organization\"},\"potentialAction\":[{\"@type\":\"SearchAction\",\"target\":{\"@type\":\"EntryPoint\",\"urlTemplate\":\"https:\\\/\\\/mills-nutrients.com\\\/es\\\/?s={search_term_string}\"},\"query-input\":{\"@type\":\"PropertyValueSpecification\",\"valueRequired\":true,\"valueName\":\"search_term_string\"}}],\"inLanguage\":\"es\"},{\"@type\":\"Organization\",\"@id\":\"https:\\\/\\\/mills-nutrients.com\\\/es\\\/#organization\",\"name\":\"Mills\",\"url\":\"https:\\\/\\\/mills-nutrients.com\\\/es\\\/\",\"logo\":{\"@type\":\"ImageObject\",\"inLanguage\":\"es\",\"@id\":\"https:\\\/\\\/mills-nutrients.com\\\/es\\\/#\\\/schema\\\/logo\\\/image\\\/\",\"url\":\"https:\\\/\\\/mills-nutrients.com\\\/wp-content\\\/uploads\\\/2025\\\/08\\\/favicon-2-1.png\",\"contentUrl\":\"https:\\\/\\\/mills-nutrients.com\\\/wp-content\\\/uploads\\\/2025\\\/08\\\/favicon-2-1.png\",\"width\":48,\"height\":48,\"caption\":\"Mills\"},\"image\":{\"@id\":\"https:\\\/\\\/mills-nutrients.com\\\/es\\\/#\\\/schema\\\/logo\\\/image\\\/\"}}]}<\/script>\n<!-- \/ Yoast SEO plugin. -->","yoast_head_json":{"title":"Mills Solids Solid Basis B para productores autorizados","description":"Solid Basis B completa el r\u00e9gimen base de Mills Solids con f\u00f3sforo, potasio y micronutrientes quelatados con EDTA y EDDHA.","robots":{"index":"index","follow":"follow","max-snippet":"max-snippet:-1","max-image-preview":"max-image-preview:large","max-video-preview":"max-video-preview:-1"},"canonical":"https:\/\/mills-nutrients.com\/es\/product\/solid-basis-b\/","og_locale":"es_ES","og_type":"article","og_title":"Mills Solids Solid Basis B para productores autorizados","og_description":"Solid Basis B completa el r\u00e9gimen base de Mills Solids con f\u00f3sforo, potasio y micronutrientes quelatados con EDTA y EDDHA.","og_url":"https:\/\/mills-nutrients.com\/es\/product\/solid-basis-b\/","og_site_name":"Mills","article_modified_time":"2026-03-26T07:34:45+00:00","twitter_card":"summary_large_image","schema":{"@context":"https:\/\/schema.org","@graph":[{"@type":"WebPage","@id":"https:\/\/mills-nutrients.com\/es\/product\/solid-basis-b\/","url":"https:\/\/mills-nutrients.com\/es\/product\/solid-basis-b\/","name":"Mills Solids Solid Basis B para productores autorizados","isPartOf":{"@id":"https:\/\/mills-nutrients.com\/es\/#website"},"primaryImageOfPage":{"@id":"https:\/\/mills-nutrients.com\/es\/product\/solid-basis-b\/#primaryimage"},"image":{"@id":"https:\/\/mills-nutrients.com\/es\/product\/solid-basis-b\/#primaryimage"},"thumbnailUrl":"https:\/\/mills-nutrients.com\/wp-content\/uploads\/2026\/02\/Solid-B.avif","datePublished":"2026-03-16T18:16:34+00:00","dateModified":"2026-03-26T07:34:45+00:00","description":"Solid Basis B completa el r\u00e9gimen base de Mills Solids con f\u00f3sforo, potasio y micronutrientes quelatados con EDTA y EDDHA.","breadcrumb":{"@id":"https:\/\/mills-nutrients.com\/es\/product\/solid-basis-b\/#breadcrumb"},"inLanguage":"es","potentialAction":[{"@type":"ReadAction","target":["https:\/\/mills-nutrients.com\/es\/product\/solid-basis-b\/"]}]},{"@type":"ImageObject","inLanguage":"es","@id":"https:\/\/mills-nutrients.com\/es\/product\/solid-basis-b\/#primaryimage","url":"https:\/\/mills-nutrients.com\/wp-content\/uploads\/2026\/02\/Solid-B.avif","contentUrl":"https:\/\/mills-nutrients.com\/wp-content\/uploads\/2026\/02\/Solid-B.avif","width":1250,"height":1250,"caption":"Cubo blanco de Solids Basis B con etiqueta azul que muestra Mills Solids Solid Basis B para productores autorizados y cultivo a escala comercial."},{"@type":"BreadcrumbList","@id":"https:\/\/mills-nutrients.com\/es\/product\/solid-basis-b\/#breadcrumb","itemListElement":[{"@type":"ListItem","position":1,"name":"Home","item":"https:\/\/mills-nutrients.com\/es\/"},{"@type":"ListItem","position":2,"name":"Solid Basis B"}]},{"@type":"WebSite","@id":"https:\/\/mills-nutrients.com\/es\/#website","url":"https:\/\/mills-nutrients.com\/es\/","name":"Mills","description":"","publisher":{"@id":"https:\/\/mills-nutrients.com\/es\/#organization"},"potentialAction":[{"@type":"SearchAction","target":{"@type":"EntryPoint","urlTemplate":"https:\/\/mills-nutrients.com\/es\/?s={search_term_string}"},"query-input":{"@type":"PropertyValueSpecification","valueRequired":true,"valueName":"search_term_string"}}],"inLanguage":"es"},{"@type":"Organization","@id":"https:\/\/mills-nutrients.com\/es\/#organization","name":"Mills","url":"https:\/\/mills-nutrients.com\/es\/","logo":{"@type":"ImageObject","inLanguage":"es","@id":"https:\/\/mills-nutrients.com\/es\/#\/schema\/logo\/image\/","url":"https:\/\/mills-nutrients.com\/wp-content\/uploads\/2025\/08\/favicon-2-1.png","contentUrl":"https:\/\/mills-nutrients.com\/wp-content\/uploads\/2025\/08\/favicon-2-1.png","width":48,"height":48,"caption":"Mills"},"image":{"@id":"https:\/\/mills-nutrients.com\/es\/#\/schema\/logo\/image\/"}}]}},"_links":{"self":[{"href":"https:\/\/mills-nutrients.com\/es\/wp-json\/wp\/v2\/product\/6359","targetHints":{"allow":["GET"]}}],"collection":[{"href":"https:\/\/mills-nutrients.com\/es\/wp-json\/wp\/v2\/product"}],"about":[{"href":"https:\/\/mills-nutrients.com\/es\/wp-json\/wp\/v2\/types\/product"}],"version-history":[{"count":1,"href":"https:\/\/mills-nutrients.com\/es\/wp-json\/wp\/v2\/product\/6359\/revisions"}],"predecessor-version":[{"id":6361,"href":"https:\/\/mills-nutrients.com\/es\/wp-json\/wp\/v2\/product\/6359\/revisions\/6361"}],"wp:featuredmedia":[{"embeddable":true,"href":"https:\/\/mills-nutrients.com\/es\/wp-json\/wp\/v2\/media\/6358"}],"wp:attachment":[{"href":"https:\/\/mills-nutrients.com\/es\/wp-json\/wp\/v2\/media?parent=6359"}],"wp:term":[{"taxonomy":"category","embeddable":true,"href":"https:\/\/mills-nutrients.com\/es\/wp-json\/wp\/v2\/categories?post=6359"}],"curies":[{"name":"wp","href":"https:\/\/api.w.org\/{rel}","templated":true}]}}