{"id":6351,"date":"2026-03-16T19:16:39","date_gmt":"2026-03-16T18:16:39","guid":{"rendered":"https:\/\/mills-nutrients.com\/product\/solid-basis-a\/"},"modified":"2026-03-26T08:35:05","modified_gmt":"2026-03-26T07:35:05","slug":"solid-basis-a","status":"publish","type":"product","link":"https:\/\/mills-nutrients.com\/es\/product\/solid-basis-a\/","title":{"rendered":"Solid Basis A"},"content":{"rendered":"<p>Mills Solid <a href=\"http:\/\/mills-nutrients.com\/product\/basis-ab\/\" target=\"_blank\" rel=\"noopener\">Basis A&amp;B<\/a> ofrece una nutrici\u00f3n completa y equilibrada para ayudar a tus plantas de principio a fin. Desarrollado con ingredientes de m\u00e1xima calidad y f\u00f3rmulas precisas, proporciona los elementos esenciales para un crecimiento fuerte y cosechas abundantes. <\/p>\n<p><strong>Solo para productores autorizados<\/strong><\/p>\n\n<p><\/p>\n","protected":false},"excerpt":{"rendered":"<p>La base para obtener resultados constantes y fiables.<\/p>\n","protected":false},"featured_media":6350,"template":"","meta":{"_acf_changed":false},"categories":[145],"class_list":["post-6351","product","type-product","status-publish","has-post-thumbnail","hentry","category-solidos"],"acf":[],"yoast_head":"<!-- This site is optimized with the Yoast SEO plugin v27.3 - https:\/\/yoast.com\/product\/yoast-seo-wordpress\/ -->\n<title>Mills Solids Basis A para productores autorizados<\/title>\n<meta name=\"description\" content=\"Mills Solids se ha creado para productores autorizados con instalaciones de cultivo comercial. Solid Basis A y B, y Solid Ignite desde la semana 3.\" \/>\n<meta name=\"robots\" content=\"index, follow, max-snippet:-1, max-image-preview:large, max-video-preview:-1\" \/>\n<link rel=\"canonical\" href=\"https:\/\/mills-nutrients.com\/es\/product\/solid-basis-a\/\" \/>\n<meta property=\"og:locale\" content=\"es_ES\" \/>\n<meta property=\"og:type\" content=\"article\" \/>\n<meta property=\"og:title\" content=\"Mills Solids Basis A para productores autorizados\" \/>\n<meta property=\"og:description\" content=\"Mills Solids se ha creado para productores autorizados con instalaciones de cultivo comercial. Solid Basis A y B, y Solid Ignite desde la semana 3.\" \/>\n<meta property=\"og:url\" content=\"https:\/\/mills-nutrients.com\/es\/product\/solid-basis-a\/\" \/>\n<meta property=\"og:site_name\" content=\"Mills\" \/>\n<meta property=\"article:modified_time\" content=\"2026-03-26T07:35:05+00:00\" \/>\n<meta name=\"twitter:card\" content=\"summary_large_image\" \/>\n<script type=\"application\/ld+json\" class=\"yoast-schema-graph\">{\"@context\":\"https:\\\/\\\/schema.org\",\"@graph\":[{\"@type\":\"WebPage\",\"@id\":\"https:\\\/\\\/mills-nutrients.com\\\/es\\\/product\\\/solid-basis-a\\\/\",\"url\":\"https:\\\/\\\/mills-nutrients.com\\\/es\\\/product\\\/solid-basis-a\\\/\",\"name\":\"Mills Solids Basis A para productores autorizados\",\"isPartOf\":{\"@id\":\"https:\\\/\\\/mills-nutrients.com\\\/es\\\/#website\"},\"primaryImageOfPage\":{\"@id\":\"https:\\\/\\\/mills-nutrients.com\\\/es\\\/product\\\/solid-basis-a\\\/#primaryimage\"},\"image\":{\"@id\":\"https:\\\/\\\/mills-nutrients.com\\\/es\\\/product\\\/solid-basis-a\\\/#primaryimage\"},\"thumbnailUrl\":\"https:\\\/\\\/mills-nutrients.com\\\/wp-content\\\/uploads\\\/2026\\\/02\\\/Solid-A.avif\",\"datePublished\":\"2026-03-16T18:16:39+00:00\",\"dateModified\":\"2026-03-26T07:35:05+00:00\",\"description\":\"Mills Solids se ha creado para productores autorizados con instalaciones de cultivo comercial. Solid Basis A y B, y Solid Ignite desde la semana 3.\",\"breadcrumb\":{\"@id\":\"https:\\\/\\\/mills-nutrients.com\\\/es\\\/product\\\/solid-basis-a\\\/#breadcrumb\"},\"inLanguage\":\"es\",\"potentialAction\":[{\"@type\":\"ReadAction\",\"target\":[\"https:\\\/\\\/mills-nutrients.com\\\/es\\\/product\\\/solid-basis-a\\\/\"]}]},{\"@type\":\"ImageObject\",\"inLanguage\":\"es\",\"@id\":\"https:\\\/\\\/mills-nutrients.com\\\/es\\\/product\\\/solid-basis-a\\\/#primaryimage\",\"url\":\"https:\\\/\\\/mills-nutrients.com\\\/wp-content\\\/uploads\\\/2026\\\/02\\\/Solid-A.avif\",\"contentUrl\":\"https:\\\/\\\/mills-nutrients.com\\\/wp-content\\\/uploads\\\/2026\\\/02\\\/Solid-A.avif\",\"width\":1250,\"height\":1250,\"caption\":\"Imagen de producto de Mills Solids Solid Basis A para productores autorizados y cultivo a escala comercial.\"},{\"@type\":\"BreadcrumbList\",\"@id\":\"https:\\\/\\\/mills-nutrients.com\\\/es\\\/product\\\/solid-basis-a\\\/#breadcrumb\",\"itemListElement\":[{\"@type\":\"ListItem\",\"position\":1,\"name\":\"Home\",\"item\":\"https:\\\/\\\/mills-nutrients.com\\\/es\\\/\"},{\"@type\":\"ListItem\",\"position\":2,\"name\":\"Solid Basis A\"}]},{\"@type\":\"WebSite\",\"@id\":\"https:\\\/\\\/mills-nutrients.com\\\/es\\\/#website\",\"url\":\"https:\\\/\\\/mills-nutrients.com\\\/es\\\/\",\"name\":\"Mills\",\"description\":\"\",\"publisher\":{\"@id\":\"https:\\\/\\\/mills-nutrients.com\\\/es\\\/#organization\"},\"potentialAction\":[{\"@type\":\"SearchAction\",\"target\":{\"@type\":\"EntryPoint\",\"urlTemplate\":\"https:\\\/\\\/mills-nutrients.com\\\/es\\\/?s={search_term_string}\"},\"query-input\":{\"@type\":\"PropertyValueSpecification\",\"valueRequired\":true,\"valueName\":\"search_term_string\"}}],\"inLanguage\":\"es\"},{\"@type\":\"Organization\",\"@id\":\"https:\\\/\\\/mills-nutrients.com\\\/es\\\/#organization\",\"name\":\"Mills\",\"url\":\"https:\\\/\\\/mills-nutrients.com\\\/es\\\/\",\"logo\":{\"@type\":\"ImageObject\",\"inLanguage\":\"es\",\"@id\":\"https:\\\/\\\/mills-nutrients.com\\\/es\\\/#\\\/schema\\\/logo\\\/image\\\/\",\"url\":\"https:\\\/\\\/mills-nutrients.com\\\/wp-content\\\/uploads\\\/2025\\\/08\\\/favicon-2-1.png\",\"contentUrl\":\"https:\\\/\\\/mills-nutrients.com\\\/wp-content\\\/uploads\\\/2025\\\/08\\\/favicon-2-1.png\",\"width\":48,\"height\":48,\"caption\":\"Mills\"},\"image\":{\"@id\":\"https:\\\/\\\/mills-nutrients.com\\\/es\\\/#\\\/schema\\\/logo\\\/image\\\/\"}}]}<\/script>\n<!-- \/ Yoast SEO plugin. -->","yoast_head_json":{"title":"Mills Solids Basis A para productores autorizados","description":"Mills Solids se ha creado para productores autorizados con instalaciones de cultivo comercial. Solid Basis A y B, y Solid Ignite desde la semana 3.","robots":{"index":"index","follow":"follow","max-snippet":"max-snippet:-1","max-image-preview":"max-image-preview:large","max-video-preview":"max-video-preview:-1"},"canonical":"https:\/\/mills-nutrients.com\/es\/product\/solid-basis-a\/","og_locale":"es_ES","og_type":"article","og_title":"Mills Solids Basis A para productores autorizados","og_description":"Mills Solids se ha creado para productores autorizados con instalaciones de cultivo comercial. Solid Basis A y B, y Solid Ignite desde la semana 3.","og_url":"https:\/\/mills-nutrients.com\/es\/product\/solid-basis-a\/","og_site_name":"Mills","article_modified_time":"2026-03-26T07:35:05+00:00","twitter_card":"summary_large_image","schema":{"@context":"https:\/\/schema.org","@graph":[{"@type":"WebPage","@id":"https:\/\/mills-nutrients.com\/es\/product\/solid-basis-a\/","url":"https:\/\/mills-nutrients.com\/es\/product\/solid-basis-a\/","name":"Mills Solids Basis A para productores autorizados","isPartOf":{"@id":"https:\/\/mills-nutrients.com\/es\/#website"},"primaryImageOfPage":{"@id":"https:\/\/mills-nutrients.com\/es\/product\/solid-basis-a\/#primaryimage"},"image":{"@id":"https:\/\/mills-nutrients.com\/es\/product\/solid-basis-a\/#primaryimage"},"thumbnailUrl":"https:\/\/mills-nutrients.com\/wp-content\/uploads\/2026\/02\/Solid-A.avif","datePublished":"2026-03-16T18:16:39+00:00","dateModified":"2026-03-26T07:35:05+00:00","description":"Mills Solids se ha creado para productores autorizados con instalaciones de cultivo comercial. Solid Basis A y B, y Solid Ignite desde la semana 3.","breadcrumb":{"@id":"https:\/\/mills-nutrients.com\/es\/product\/solid-basis-a\/#breadcrumb"},"inLanguage":"es","potentialAction":[{"@type":"ReadAction","target":["https:\/\/mills-nutrients.com\/es\/product\/solid-basis-a\/"]}]},{"@type":"ImageObject","inLanguage":"es","@id":"https:\/\/mills-nutrients.com\/es\/product\/solid-basis-a\/#primaryimage","url":"https:\/\/mills-nutrients.com\/wp-content\/uploads\/2026\/02\/Solid-A.avif","contentUrl":"https:\/\/mills-nutrients.com\/wp-content\/uploads\/2026\/02\/Solid-A.avif","width":1250,"height":1250,"caption":"Imagen de producto de Mills Solids Solid Basis A para productores autorizados y cultivo a escala comercial."},{"@type":"BreadcrumbList","@id":"https:\/\/mills-nutrients.com\/es\/product\/solid-basis-a\/#breadcrumb","itemListElement":[{"@type":"ListItem","position":1,"name":"Home","item":"https:\/\/mills-nutrients.com\/es\/"},{"@type":"ListItem","position":2,"name":"Solid Basis A"}]},{"@type":"WebSite","@id":"https:\/\/mills-nutrients.com\/es\/#website","url":"https:\/\/mills-nutrients.com\/es\/","name":"Mills","description":"","publisher":{"@id":"https:\/\/mills-nutrients.com\/es\/#organization"},"potentialAction":[{"@type":"SearchAction","target":{"@type":"EntryPoint","urlTemplate":"https:\/\/mills-nutrients.com\/es\/?s={search_term_string}"},"query-input":{"@type":"PropertyValueSpecification","valueRequired":true,"valueName":"search_term_string"}}],"inLanguage":"es"},{"@type":"Organization","@id":"https:\/\/mills-nutrients.com\/es\/#organization","name":"Mills","url":"https:\/\/mills-nutrients.com\/es\/","logo":{"@type":"ImageObject","inLanguage":"es","@id":"https:\/\/mills-nutrients.com\/es\/#\/schema\/logo\/image\/","url":"https:\/\/mills-nutrients.com\/wp-content\/uploads\/2025\/08\/favicon-2-1.png","contentUrl":"https:\/\/mills-nutrients.com\/wp-content\/uploads\/2025\/08\/favicon-2-1.png","width":48,"height":48,"caption":"Mills"},"image":{"@id":"https:\/\/mills-nutrients.com\/es\/#\/schema\/logo\/image\/"}}]}},"_links":{"self":[{"href":"https:\/\/mills-nutrients.com\/es\/wp-json\/wp\/v2\/product\/6351","targetHints":{"allow":["GET"]}}],"collection":[{"href":"https:\/\/mills-nutrients.com\/es\/wp-json\/wp\/v2\/product"}],"about":[{"href":"https:\/\/mills-nutrients.com\/es\/wp-json\/wp\/v2\/types\/product"}],"version-history":[{"count":3,"href":"https:\/\/mills-nutrients.com\/es\/wp-json\/wp\/v2\/product\/6351\/revisions"}],"predecessor-version":[{"id":6550,"href":"https:\/\/mills-nutrients.com\/es\/wp-json\/wp\/v2\/product\/6351\/revisions\/6550"}],"wp:featuredmedia":[{"embeddable":true,"href":"https:\/\/mills-nutrients.com\/es\/wp-json\/wp\/v2\/media\/6350"}],"wp:attachment":[{"href":"https:\/\/mills-nutrients.com\/es\/wp-json\/wp\/v2\/media?parent=6351"}],"wp:term":[{"taxonomy":"category","embeddable":true,"href":"https:\/\/mills-nutrients.com\/es\/wp-json\/wp\/v2\/categories?post=6351"}],"curies":[{"name":"wp","href":"https:\/\/api.w.org\/{rel}","templated":true}]}}