{"id":5056,"date":"2025-08-02T13:19:00","date_gmt":"2025-08-02T11:19:00","guid":{"rendered":"https:\/\/mills-nutrients.com\/product\/mills-organics\/"},"modified":"2026-01-05T06:03:49","modified_gmt":"2026-01-05T05:03:49","slug":"mills-organics","status":"publish","type":"product","link":"https:\/\/mills-nutrients.com\/es\/product\/mills-organics\/","title":{"rendered":"Mills Organics"},"content":{"rendered":"\n<p>Mills Organic Soil es una mezcla fina para el cultivador con conciencia ecol\u00f3gica. Con una mezcla de turba blanca y negra, Mills Organic Soil es ideal si busca la m\u00e1xima calidad y control sobre su aporte de nutrientes. Una mezcla natural incre\u00edblemente ligera y esponjosa, es ideal tanto para la propagaci\u00f3n como para el cultivo de ciclo completo con la gama de nutrientes org\u00e1nicos de Mills.  <\/p>\n","protected":false},"excerpt":{"rendered":"<p>La mezcla m\u00e1s completa y f\u00e1cil de usar de micro y macronutrientes org\u00e1nicos que ofrece resultados excepcionales.<\/p>\n","protected":false},"featured_media":5043,"template":"","meta":{"_acf_changed":false},"categories":[100],"class_list":["post-5056","product","type-product","status-publish","has-post-thumbnail","hentry","category-sustratos-mills-organicos"],"acf":[],"yoast_head":"<!-- This site is optimized with the Yoast SEO plugin v27.3 - https:\/\/yoast.com\/product\/yoast-seo-wordpress\/ -->\n<title>Suelo org\u00e1nico - Mills Organics- Mills<\/title>\n<meta name=\"description\" content=\"Mills Organic Soil es un medio de cultivo premium, con certificaci\u00f3n vegana y listado por OMRI, dise\u00f1ado para favorecer un desarrollo vegetal sano y sin qu\u00edmicos.\" \/>\n<meta name=\"robots\" content=\"index, follow, max-snippet:-1, max-image-preview:large, max-video-preview:-1\" \/>\n<link rel=\"canonical\" href=\"https:\/\/mills-nutrients.com\/es\/product\/mills-organics\/\" \/>\n<meta property=\"og:locale\" content=\"es_ES\" \/>\n<meta property=\"og:type\" content=\"article\" \/>\n<meta property=\"og:title\" content=\"Suelo org\u00e1nico - Mills Organics- Mills\" \/>\n<meta property=\"og:description\" content=\"Mills Organic Soil es un medio de cultivo premium, con certificaci\u00f3n vegana y listado por OMRI, dise\u00f1ado para favorecer un desarrollo vegetal sano y sin qu\u00edmicos.\" \/>\n<meta property=\"og:url\" content=\"https:\/\/mills-nutrients.com\/es\/product\/mills-organics\/\" \/>\n<meta property=\"og:site_name\" content=\"Mills\" \/>\n<meta property=\"article:modified_time\" content=\"2026-01-05T05:03:49+00:00\" \/>\n<meta property=\"og:image\" content=\"https:\/\/mills-nutrients.com\/wp-content\/uploads\/2025\/08\/mills-organic-soil-l-440x440-1.png\" \/>\n\t<meta property=\"og:image:width\" content=\"440\" \/>\n\t<meta property=\"og:image:height\" content=\"440\" \/>\n\t<meta property=\"og:image:type\" content=\"image\/png\" \/>\n<meta name=\"twitter:card\" content=\"summary_large_image\" \/>\n<script type=\"application\/ld+json\" class=\"yoast-schema-graph\">{\"@context\":\"https:\\\/\\\/schema.org\",\"@graph\":[{\"@type\":\"WebPage\",\"@id\":\"https:\\\/\\\/mills-nutrients.com\\\/es\\\/product\\\/mills-organics\\\/\",\"url\":\"https:\\\/\\\/mills-nutrients.com\\\/es\\\/product\\\/mills-organics\\\/\",\"name\":\"Suelo org\u00e1nico - Mills Organics- Mills\",\"isPartOf\":{\"@id\":\"https:\\\/\\\/mills-nutrients.com\\\/es\\\/#website\"},\"primaryImageOfPage\":{\"@id\":\"https:\\\/\\\/mills-nutrients.com\\\/es\\\/product\\\/mills-organics\\\/#primaryimage\"},\"image\":{\"@id\":\"https:\\\/\\\/mills-nutrients.com\\\/es\\\/product\\\/mills-organics\\\/#primaryimage\"},\"thumbnailUrl\":\"https:\\\/\\\/mills-nutrients.com\\\/wp-content\\\/uploads\\\/2025\\\/08\\\/mills-organic-soil-l-440x440-1.png\",\"datePublished\":\"2025-08-02T11:19:00+00:00\",\"dateModified\":\"2026-01-05T05:03:49+00:00\",\"description\":\"Mills Organic Soil es un medio de cultivo premium, con certificaci\u00f3n vegana y listado por OMRI, dise\u00f1ado para favorecer un desarrollo vegetal sano y sin qu\u00edmicos.\",\"breadcrumb\":{\"@id\":\"https:\\\/\\\/mills-nutrients.com\\\/es\\\/product\\\/mills-organics\\\/#breadcrumb\"},\"inLanguage\":\"es\",\"potentialAction\":[{\"@type\":\"ReadAction\",\"target\":[\"https:\\\/\\\/mills-nutrients.com\\\/es\\\/product\\\/mills-organics\\\/\"]}]},{\"@type\":\"ImageObject\",\"inLanguage\":\"es\",\"@id\":\"https:\\\/\\\/mills-nutrients.com\\\/es\\\/product\\\/mills-organics\\\/#primaryimage\",\"url\":\"https:\\\/\\\/mills-nutrients.com\\\/wp-content\\\/uploads\\\/2025\\\/08\\\/mills-organic-soil-l-440x440-1.png\",\"contentUrl\":\"https:\\\/\\\/mills-nutrients.com\\\/wp-content\\\/uploads\\\/2025\\\/08\\\/mills-organic-soil-l-440x440-1.png\",\"width\":440,\"height\":440},{\"@type\":\"BreadcrumbList\",\"@id\":\"https:\\\/\\\/mills-nutrients.com\\\/es\\\/product\\\/mills-organics\\\/#breadcrumb\",\"itemListElement\":[{\"@type\":\"ListItem\",\"position\":1,\"name\":\"Home\",\"item\":\"https:\\\/\\\/mills-nutrients.com\\\/es\\\/\"},{\"@type\":\"ListItem\",\"position\":2,\"name\":\"Mills Organics\"}]},{\"@type\":\"WebSite\",\"@id\":\"https:\\\/\\\/mills-nutrients.com\\\/es\\\/#website\",\"url\":\"https:\\\/\\\/mills-nutrients.com\\\/es\\\/\",\"name\":\"Mills\",\"description\":\"\",\"publisher\":{\"@id\":\"https:\\\/\\\/mills-nutrients.com\\\/es\\\/#organization\"},\"potentialAction\":[{\"@type\":\"SearchAction\",\"target\":{\"@type\":\"EntryPoint\",\"urlTemplate\":\"https:\\\/\\\/mills-nutrients.com\\\/es\\\/?s={search_term_string}\"},\"query-input\":{\"@type\":\"PropertyValueSpecification\",\"valueRequired\":true,\"valueName\":\"search_term_string\"}}],\"inLanguage\":\"es\"},{\"@type\":\"Organization\",\"@id\":\"https:\\\/\\\/mills-nutrients.com\\\/es\\\/#organization\",\"name\":\"Mills\",\"url\":\"https:\\\/\\\/mills-nutrients.com\\\/es\\\/\",\"logo\":{\"@type\":\"ImageObject\",\"inLanguage\":\"es\",\"@id\":\"https:\\\/\\\/mills-nutrients.com\\\/es\\\/#\\\/schema\\\/logo\\\/image\\\/\",\"url\":\"https:\\\/\\\/mills-nutrients.com\\\/wp-content\\\/uploads\\\/2025\\\/08\\\/favicon-2-1.png\",\"contentUrl\":\"https:\\\/\\\/mills-nutrients.com\\\/wp-content\\\/uploads\\\/2025\\\/08\\\/favicon-2-1.png\",\"width\":48,\"height\":48,\"caption\":\"Mills\"},\"image\":{\"@id\":\"https:\\\/\\\/mills-nutrients.com\\\/es\\\/#\\\/schema\\\/logo\\\/image\\\/\"}}]}<\/script>\n<!-- \/ Yoast SEO plugin. -->","yoast_head_json":{"title":"Suelo org\u00e1nico - Mills Organics- Mills","description":"Mills Organic Soil es un medio de cultivo premium, con certificaci\u00f3n vegana y listado por OMRI, dise\u00f1ado para favorecer un desarrollo vegetal sano y sin qu\u00edmicos.","robots":{"index":"index","follow":"follow","max-snippet":"max-snippet:-1","max-image-preview":"max-image-preview:large","max-video-preview":"max-video-preview:-1"},"canonical":"https:\/\/mills-nutrients.com\/es\/product\/mills-organics\/","og_locale":"es_ES","og_type":"article","og_title":"Suelo org\u00e1nico - Mills Organics- Mills","og_description":"Mills Organic Soil es un medio de cultivo premium, con certificaci\u00f3n vegana y listado por OMRI, dise\u00f1ado para favorecer un desarrollo vegetal sano y sin qu\u00edmicos.","og_url":"https:\/\/mills-nutrients.com\/es\/product\/mills-organics\/","og_site_name":"Mills","article_modified_time":"2026-01-05T05:03:49+00:00","og_image":[{"width":440,"height":440,"url":"https:\/\/mills-nutrients.com\/wp-content\/uploads\/2025\/08\/mills-organic-soil-l-440x440-1.png","type":"image\/png"}],"twitter_card":"summary_large_image","schema":{"@context":"https:\/\/schema.org","@graph":[{"@type":"WebPage","@id":"https:\/\/mills-nutrients.com\/es\/product\/mills-organics\/","url":"https:\/\/mills-nutrients.com\/es\/product\/mills-organics\/","name":"Suelo org\u00e1nico - Mills Organics- Mills","isPartOf":{"@id":"https:\/\/mills-nutrients.com\/es\/#website"},"primaryImageOfPage":{"@id":"https:\/\/mills-nutrients.com\/es\/product\/mills-organics\/#primaryimage"},"image":{"@id":"https:\/\/mills-nutrients.com\/es\/product\/mills-organics\/#primaryimage"},"thumbnailUrl":"https:\/\/mills-nutrients.com\/wp-content\/uploads\/2025\/08\/mills-organic-soil-l-440x440-1.png","datePublished":"2025-08-02T11:19:00+00:00","dateModified":"2026-01-05T05:03:49+00:00","description":"Mills Organic Soil es un medio de cultivo premium, con certificaci\u00f3n vegana y listado por OMRI, dise\u00f1ado para favorecer un desarrollo vegetal sano y sin qu\u00edmicos.","breadcrumb":{"@id":"https:\/\/mills-nutrients.com\/es\/product\/mills-organics\/#breadcrumb"},"inLanguage":"es","potentialAction":[{"@type":"ReadAction","target":["https:\/\/mills-nutrients.com\/es\/product\/mills-organics\/"]}]},{"@type":"ImageObject","inLanguage":"es","@id":"https:\/\/mills-nutrients.com\/es\/product\/mills-organics\/#primaryimage","url":"https:\/\/mills-nutrients.com\/wp-content\/uploads\/2025\/08\/mills-organic-soil-l-440x440-1.png","contentUrl":"https:\/\/mills-nutrients.com\/wp-content\/uploads\/2025\/08\/mills-organic-soil-l-440x440-1.png","width":440,"height":440},{"@type":"BreadcrumbList","@id":"https:\/\/mills-nutrients.com\/es\/product\/mills-organics\/#breadcrumb","itemListElement":[{"@type":"ListItem","position":1,"name":"Home","item":"https:\/\/mills-nutrients.com\/es\/"},{"@type":"ListItem","position":2,"name":"Mills Organics"}]},{"@type":"WebSite","@id":"https:\/\/mills-nutrients.com\/es\/#website","url":"https:\/\/mills-nutrients.com\/es\/","name":"Mills","description":"","publisher":{"@id":"https:\/\/mills-nutrients.com\/es\/#organization"},"potentialAction":[{"@type":"SearchAction","target":{"@type":"EntryPoint","urlTemplate":"https:\/\/mills-nutrients.com\/es\/?s={search_term_string}"},"query-input":{"@type":"PropertyValueSpecification","valueRequired":true,"valueName":"search_term_string"}}],"inLanguage":"es"},{"@type":"Organization","@id":"https:\/\/mills-nutrients.com\/es\/#organization","name":"Mills","url":"https:\/\/mills-nutrients.com\/es\/","logo":{"@type":"ImageObject","inLanguage":"es","@id":"https:\/\/mills-nutrients.com\/es\/#\/schema\/logo\/image\/","url":"https:\/\/mills-nutrients.com\/wp-content\/uploads\/2025\/08\/favicon-2-1.png","contentUrl":"https:\/\/mills-nutrients.com\/wp-content\/uploads\/2025\/08\/favicon-2-1.png","width":48,"height":48,"caption":"Mills"},"image":{"@id":"https:\/\/mills-nutrients.com\/es\/#\/schema\/logo\/image\/"}}]}},"_links":{"self":[{"href":"https:\/\/mills-nutrients.com\/es\/wp-json\/wp\/v2\/product\/5056","targetHints":{"allow":["GET"]}}],"collection":[{"href":"https:\/\/mills-nutrients.com\/es\/wp-json\/wp\/v2\/product"}],"about":[{"href":"https:\/\/mills-nutrients.com\/es\/wp-json\/wp\/v2\/types\/product"}],"version-history":[{"count":1,"href":"https:\/\/mills-nutrients.com\/es\/wp-json\/wp\/v2\/product\/5056\/revisions"}],"predecessor-version":[{"id":5057,"href":"https:\/\/mills-nutrients.com\/es\/wp-json\/wp\/v2\/product\/5056\/revisions\/5057"}],"wp:featuredmedia":[{"embeddable":true,"href":"https:\/\/mills-nutrients.com\/es\/wp-json\/wp\/v2\/media\/5043"}],"wp:attachment":[{"href":"https:\/\/mills-nutrients.com\/es\/wp-json\/wp\/v2\/media?parent=5056"}],"wp:term":[{"taxonomy":"category","embeddable":true,"href":"https:\/\/mills-nutrients.com\/es\/wp-json\/wp\/v2\/categories?post=5056"}],"curies":[{"name":"wp","href":"https:\/\/api.w.org\/{rel}","templated":true}]}}