{"id":5000,"date":"2025-08-03T13:19:00","date_gmt":"2025-08-03T11:19:00","guid":{"rendered":"https:\/\/mills-nutrients.com\/product\/mills-suelo-y-corcho\/"},"modified":"2026-01-05T05:57:52","modified_gmt":"2026-01-05T04:57:52","slug":"mills-suelo-y-corcho","status":"publish","type":"product","link":"https:\/\/mills-nutrients.com\/es\/product\/mills-suelo-y-corcho\/","title":{"rendered":"Mills suelo y corcho"},"content":{"rendered":"\n<p>Mills Soil &amp; Cork es una mezcla premium de turba, chips de coco y corcho fino. Este sustrato proporciona la cantidad perfecta de nutrientes para las primeras 4-6 semanas de crecimiento. <\/p>\n","protected":false},"excerpt":{"rendered":"<p>Una mezcla premium de turba, chips de coco y corcho fino, con nutrientes para las primeras 4-6 semanas de crecimiento.<\/p>\n","protected":false},"featured_media":4989,"template":"","meta":{"_acf_changed":false},"categories":[91],"class_list":["post-5000","product","type-product","status-publish","has-post-thumbnail","hentry","category-sustratos-mills-regulares"],"acf":[],"yoast_head":"<!-- This site is optimized with the Yoast SEO plugin v27.3 - https:\/\/yoast.com\/product\/yoast-seo-wordpress\/ -->\n<title>Mills suelo y corcho - Mills<\/title>\n<meta name=\"description\" content=\"Mills Ultimate Soil with Cork \u2013 mezcla premium de tierra y corcho dise\u00f1ada para una estructura, aireaci\u00f3n y retenci\u00f3n de agua \u00f3ptimas\" \/>\n<meta name=\"robots\" content=\"index, follow, max-snippet:-1, max-image-preview:large, max-video-preview:-1\" \/>\n<link rel=\"canonical\" href=\"https:\/\/mills-nutrients.com\/es\/product\/mills-suelo-y-corcho\/\" \/>\n<meta property=\"og:locale\" content=\"es_ES\" \/>\n<meta property=\"og:type\" content=\"article\" \/>\n<meta property=\"og:title\" content=\"Mills suelo y corcho - Mills\" \/>\n<meta property=\"og:description\" content=\"Mills Ultimate Soil with Cork \u2013 mezcla premium de tierra y corcho dise\u00f1ada para una estructura, aireaci\u00f3n y retenci\u00f3n de agua \u00f3ptimas\" \/>\n<meta property=\"og:url\" content=\"https:\/\/mills-nutrients.com\/es\/product\/mills-suelo-y-corcho\/\" \/>\n<meta property=\"og:site_name\" content=\"Mills\" \/>\n<meta property=\"article:modified_time\" content=\"2026-01-05T04:57:52+00:00\" \/>\n<meta property=\"og:image\" content=\"https:\/\/mills-nutrients.com\/wp-content\/uploads\/2025\/08\/Mills_Substrates_Soil-Cork-440x440-1.png\" \/>\n\t<meta property=\"og:image:width\" content=\"440\" \/>\n\t<meta property=\"og:image:height\" content=\"440\" \/>\n\t<meta property=\"og:image:type\" content=\"image\/png\" \/>\n<meta name=\"twitter:card\" content=\"summary_large_image\" \/>\n<script type=\"application\/ld+json\" class=\"yoast-schema-graph\">{\"@context\":\"https:\\\/\\\/schema.org\",\"@graph\":[{\"@type\":\"WebPage\",\"@id\":\"https:\\\/\\\/mills-nutrients.com\\\/es\\\/product\\\/mills-suelo-y-corcho\\\/\",\"url\":\"https:\\\/\\\/mills-nutrients.com\\\/es\\\/product\\\/mills-suelo-y-corcho\\\/\",\"name\":\"Mills suelo y corcho - Mills\",\"isPartOf\":{\"@id\":\"https:\\\/\\\/mills-nutrients.com\\\/es\\\/#website\"},\"primaryImageOfPage\":{\"@id\":\"https:\\\/\\\/mills-nutrients.com\\\/es\\\/product\\\/mills-suelo-y-corcho\\\/#primaryimage\"},\"image\":{\"@id\":\"https:\\\/\\\/mills-nutrients.com\\\/es\\\/product\\\/mills-suelo-y-corcho\\\/#primaryimage\"},\"thumbnailUrl\":\"https:\\\/\\\/mills-nutrients.com\\\/wp-content\\\/uploads\\\/2025\\\/08\\\/Mills_Substrates_Soil-Cork-440x440-1.png\",\"datePublished\":\"2025-08-03T11:19:00+00:00\",\"dateModified\":\"2026-01-05T04:57:52+00:00\",\"description\":\"Mills Ultimate Soil with Cork \u2013 mezcla premium de tierra y corcho dise\u00f1ada para una estructura, aireaci\u00f3n y retenci\u00f3n de agua \u00f3ptimas\",\"breadcrumb\":{\"@id\":\"https:\\\/\\\/mills-nutrients.com\\\/es\\\/product\\\/mills-suelo-y-corcho\\\/#breadcrumb\"},\"inLanguage\":\"es\",\"potentialAction\":[{\"@type\":\"ReadAction\",\"target\":[\"https:\\\/\\\/mills-nutrients.com\\\/es\\\/product\\\/mills-suelo-y-corcho\\\/\"]}]},{\"@type\":\"ImageObject\",\"inLanguage\":\"es\",\"@id\":\"https:\\\/\\\/mills-nutrients.com\\\/es\\\/product\\\/mills-suelo-y-corcho\\\/#primaryimage\",\"url\":\"https:\\\/\\\/mills-nutrients.com\\\/wp-content\\\/uploads\\\/2025\\\/08\\\/Mills_Substrates_Soil-Cork-440x440-1.png\",\"contentUrl\":\"https:\\\/\\\/mills-nutrients.com\\\/wp-content\\\/uploads\\\/2025\\\/08\\\/Mills_Substrates_Soil-Cork-440x440-1.png\",\"width\":440,\"height\":440},{\"@type\":\"BreadcrumbList\",\"@id\":\"https:\\\/\\\/mills-nutrients.com\\\/es\\\/product\\\/mills-suelo-y-corcho\\\/#breadcrumb\",\"itemListElement\":[{\"@type\":\"ListItem\",\"position\":1,\"name\":\"Home\",\"item\":\"https:\\\/\\\/mills-nutrients.com\\\/es\\\/\"},{\"@type\":\"ListItem\",\"position\":2,\"name\":\"Mills suelo y corcho\"}]},{\"@type\":\"WebSite\",\"@id\":\"https:\\\/\\\/mills-nutrients.com\\\/es\\\/#website\",\"url\":\"https:\\\/\\\/mills-nutrients.com\\\/es\\\/\",\"name\":\"Mills\",\"description\":\"\",\"publisher\":{\"@id\":\"https:\\\/\\\/mills-nutrients.com\\\/es\\\/#organization\"},\"potentialAction\":[{\"@type\":\"SearchAction\",\"target\":{\"@type\":\"EntryPoint\",\"urlTemplate\":\"https:\\\/\\\/mills-nutrients.com\\\/es\\\/?s={search_term_string}\"},\"query-input\":{\"@type\":\"PropertyValueSpecification\",\"valueRequired\":true,\"valueName\":\"search_term_string\"}}],\"inLanguage\":\"es\"},{\"@type\":\"Organization\",\"@id\":\"https:\\\/\\\/mills-nutrients.com\\\/es\\\/#organization\",\"name\":\"Mills\",\"url\":\"https:\\\/\\\/mills-nutrients.com\\\/es\\\/\",\"logo\":{\"@type\":\"ImageObject\",\"inLanguage\":\"es\",\"@id\":\"https:\\\/\\\/mills-nutrients.com\\\/es\\\/#\\\/schema\\\/logo\\\/image\\\/\",\"url\":\"https:\\\/\\\/mills-nutrients.com\\\/wp-content\\\/uploads\\\/2025\\\/08\\\/favicon-2-1.png\",\"contentUrl\":\"https:\\\/\\\/mills-nutrients.com\\\/wp-content\\\/uploads\\\/2025\\\/08\\\/favicon-2-1.png\",\"width\":48,\"height\":48,\"caption\":\"Mills\"},\"image\":{\"@id\":\"https:\\\/\\\/mills-nutrients.com\\\/es\\\/#\\\/schema\\\/logo\\\/image\\\/\"}}]}<\/script>\n<!-- \/ Yoast SEO plugin. -->","yoast_head_json":{"title":"Mills suelo y corcho - Mills","description":"Mills Ultimate Soil with Cork \u2013 mezcla premium de tierra y corcho dise\u00f1ada para una estructura, aireaci\u00f3n y retenci\u00f3n de agua \u00f3ptimas","robots":{"index":"index","follow":"follow","max-snippet":"max-snippet:-1","max-image-preview":"max-image-preview:large","max-video-preview":"max-video-preview:-1"},"canonical":"https:\/\/mills-nutrients.com\/es\/product\/mills-suelo-y-corcho\/","og_locale":"es_ES","og_type":"article","og_title":"Mills suelo y corcho - Mills","og_description":"Mills Ultimate Soil with Cork \u2013 mezcla premium de tierra y corcho dise\u00f1ada para una estructura, aireaci\u00f3n y retenci\u00f3n de agua \u00f3ptimas","og_url":"https:\/\/mills-nutrients.com\/es\/product\/mills-suelo-y-corcho\/","og_site_name":"Mills","article_modified_time":"2026-01-05T04:57:52+00:00","og_image":[{"width":440,"height":440,"url":"https:\/\/mills-nutrients.com\/wp-content\/uploads\/2025\/08\/Mills_Substrates_Soil-Cork-440x440-1.png","type":"image\/png"}],"twitter_card":"summary_large_image","schema":{"@context":"https:\/\/schema.org","@graph":[{"@type":"WebPage","@id":"https:\/\/mills-nutrients.com\/es\/product\/mills-suelo-y-corcho\/","url":"https:\/\/mills-nutrients.com\/es\/product\/mills-suelo-y-corcho\/","name":"Mills suelo y corcho - Mills","isPartOf":{"@id":"https:\/\/mills-nutrients.com\/es\/#website"},"primaryImageOfPage":{"@id":"https:\/\/mills-nutrients.com\/es\/product\/mills-suelo-y-corcho\/#primaryimage"},"image":{"@id":"https:\/\/mills-nutrients.com\/es\/product\/mills-suelo-y-corcho\/#primaryimage"},"thumbnailUrl":"https:\/\/mills-nutrients.com\/wp-content\/uploads\/2025\/08\/Mills_Substrates_Soil-Cork-440x440-1.png","datePublished":"2025-08-03T11:19:00+00:00","dateModified":"2026-01-05T04:57:52+00:00","description":"Mills Ultimate Soil with Cork \u2013 mezcla premium de tierra y corcho dise\u00f1ada para una estructura, aireaci\u00f3n y retenci\u00f3n de agua \u00f3ptimas","breadcrumb":{"@id":"https:\/\/mills-nutrients.com\/es\/product\/mills-suelo-y-corcho\/#breadcrumb"},"inLanguage":"es","potentialAction":[{"@type":"ReadAction","target":["https:\/\/mills-nutrients.com\/es\/product\/mills-suelo-y-corcho\/"]}]},{"@type":"ImageObject","inLanguage":"es","@id":"https:\/\/mills-nutrients.com\/es\/product\/mills-suelo-y-corcho\/#primaryimage","url":"https:\/\/mills-nutrients.com\/wp-content\/uploads\/2025\/08\/Mills_Substrates_Soil-Cork-440x440-1.png","contentUrl":"https:\/\/mills-nutrients.com\/wp-content\/uploads\/2025\/08\/Mills_Substrates_Soil-Cork-440x440-1.png","width":440,"height":440},{"@type":"BreadcrumbList","@id":"https:\/\/mills-nutrients.com\/es\/product\/mills-suelo-y-corcho\/#breadcrumb","itemListElement":[{"@type":"ListItem","position":1,"name":"Home","item":"https:\/\/mills-nutrients.com\/es\/"},{"@type":"ListItem","position":2,"name":"Mills suelo y corcho"}]},{"@type":"WebSite","@id":"https:\/\/mills-nutrients.com\/es\/#website","url":"https:\/\/mills-nutrients.com\/es\/","name":"Mills","description":"","publisher":{"@id":"https:\/\/mills-nutrients.com\/es\/#organization"},"potentialAction":[{"@type":"SearchAction","target":{"@type":"EntryPoint","urlTemplate":"https:\/\/mills-nutrients.com\/es\/?s={search_term_string}"},"query-input":{"@type":"PropertyValueSpecification","valueRequired":true,"valueName":"search_term_string"}}],"inLanguage":"es"},{"@type":"Organization","@id":"https:\/\/mills-nutrients.com\/es\/#organization","name":"Mills","url":"https:\/\/mills-nutrients.com\/es\/","logo":{"@type":"ImageObject","inLanguage":"es","@id":"https:\/\/mills-nutrients.com\/es\/#\/schema\/logo\/image\/","url":"https:\/\/mills-nutrients.com\/wp-content\/uploads\/2025\/08\/favicon-2-1.png","contentUrl":"https:\/\/mills-nutrients.com\/wp-content\/uploads\/2025\/08\/favicon-2-1.png","width":48,"height":48,"caption":"Mills"},"image":{"@id":"https:\/\/mills-nutrients.com\/es\/#\/schema\/logo\/image\/"}}]}},"_links":{"self":[{"href":"https:\/\/mills-nutrients.com\/es\/wp-json\/wp\/v2\/product\/5000","targetHints":{"allow":["GET"]}}],"collection":[{"href":"https:\/\/mills-nutrients.com\/es\/wp-json\/wp\/v2\/product"}],"about":[{"href":"https:\/\/mills-nutrients.com\/es\/wp-json\/wp\/v2\/types\/product"}],"version-history":[{"count":1,"href":"https:\/\/mills-nutrients.com\/es\/wp-json\/wp\/v2\/product\/5000\/revisions"}],"predecessor-version":[{"id":5001,"href":"https:\/\/mills-nutrients.com\/es\/wp-json\/wp\/v2\/product\/5000\/revisions\/5001"}],"wp:featuredmedia":[{"embeddable":true,"href":"https:\/\/mills-nutrients.com\/es\/wp-json\/wp\/v2\/media\/4989"}],"wp:attachment":[{"href":"https:\/\/mills-nutrients.com\/es\/wp-json\/wp\/v2\/media?parent=5000"}],"wp:term":[{"taxonomy":"category","embeddable":true,"href":"https:\/\/mills-nutrients.com\/es\/wp-json\/wp\/v2\/categories?post=5000"}],"curies":[{"name":"wp","href":"https:\/\/api.w.org\/{rel}","templated":true}]}}