{"id":4962,"date":"2025-08-04T13:19:00","date_gmt":"2025-08-04T11:19:00","guid":{"rendered":"https:\/\/mills-nutrients.com\/product\/mills-coco-cork\/"},"modified":"2026-01-05T05:56:06","modified_gmt":"2026-01-05T04:56:06","slug":"mills-coco-cork","status":"publish","type":"product","link":"https:\/\/mills-nutrients.com\/es\/product\/mills-coco-cork\/","title":{"rendered":"Mills Coco &amp; Cork"},"content":{"rendered":"\n<p>Mills Coco &amp; Cork es una excelente mezcla de 75% de turba de coco con certificaci\u00f3n RHP y 25% de corcho fino. Este sustrato proporciona una aireaci\u00f3n superior para un desarrollo radicular \u00f3ptimo, por lo que no es necesaria la perlita. <\/p>\n","protected":false},"excerpt":{"rendered":"<p>Una excelente mezcla de 75% de turba de coco con certificaci\u00f3n RHP y 25% de corcho fino, para una aireaci\u00f3n superior y un desarrollo radicular \u00f3ptimo.<br \/><\/p>\n","protected":false},"featured_media":4947,"template":"","meta":{"_acf_changed":false},"categories":[91],"class_list":["post-4962","product","type-product","status-publish","has-post-thumbnail","hentry","category-sustratos-mills-regulares"],"acf":[],"yoast_head":"<!-- This site is optimized with the Yoast SEO plugin v27.3 - https:\/\/yoast.com\/product\/yoast-seo-wordpress\/ -->\n<title>Mills Coco &amp; Cork - Mills<\/title>\n<meta name=\"description\" content=\"Mills Coco &amp; Cork es una excelente mezcla de 75% de turba de coco con certificaci\u00f3n RHP y 25% de corcho fino. Proporciona una aireaci\u00f3n superior para un desarrollo radicular \u00f3ptimo.\" \/>\n<meta name=\"robots\" content=\"index, follow, max-snippet:-1, max-image-preview:large, max-video-preview:-1\" \/>\n<link rel=\"canonical\" href=\"https:\/\/mills-nutrients.com\/es\/product\/mills-coco-cork\/\" \/>\n<meta property=\"og:locale\" content=\"es_ES\" \/>\n<meta property=\"og:type\" content=\"article\" \/>\n<meta property=\"og:title\" content=\"Mills Coco &amp; Cork - Mills\" \/>\n<meta property=\"og:description\" content=\"Mills Coco &amp; Cork es una excelente mezcla de 75% de turba de coco con certificaci\u00f3n RHP y 25% de corcho fino. Proporciona una aireaci\u00f3n superior para un desarrollo radicular \u00f3ptimo.\" \/>\n<meta property=\"og:url\" content=\"https:\/\/mills-nutrients.com\/es\/product\/mills-coco-cork\/\" \/>\n<meta property=\"og:site_name\" content=\"Mills\" \/>\n<meta property=\"article:modified_time\" content=\"2026-01-05T04:56:06+00:00\" \/>\n<meta property=\"og:image\" content=\"https:\/\/mills-nutrients.com\/wp-content\/uploads\/2025\/08\/Mills_Substrates_Coco-Cork-1-440x440-1.png\" \/>\n\t<meta property=\"og:image:width\" content=\"440\" \/>\n\t<meta property=\"og:image:height\" content=\"440\" \/>\n\t<meta property=\"og:image:type\" content=\"image\/png\" \/>\n<meta name=\"twitter:card\" content=\"summary_large_image\" \/>\n<script type=\"application\/ld+json\" class=\"yoast-schema-graph\">{\"@context\":\"https:\\\/\\\/schema.org\",\"@graph\":[{\"@type\":\"WebPage\",\"@id\":\"https:\\\/\\\/mills-nutrients.com\\\/es\\\/product\\\/mills-coco-cork\\\/\",\"url\":\"https:\\\/\\\/mills-nutrients.com\\\/es\\\/product\\\/mills-coco-cork\\\/\",\"name\":\"Mills Coco & Cork - Mills\",\"isPartOf\":{\"@id\":\"https:\\\/\\\/mills-nutrients.com\\\/es\\\/#website\"},\"primaryImageOfPage\":{\"@id\":\"https:\\\/\\\/mills-nutrients.com\\\/es\\\/product\\\/mills-coco-cork\\\/#primaryimage\"},\"image\":{\"@id\":\"https:\\\/\\\/mills-nutrients.com\\\/es\\\/product\\\/mills-coco-cork\\\/#primaryimage\"},\"thumbnailUrl\":\"https:\\\/\\\/mills-nutrients.com\\\/wp-content\\\/uploads\\\/2025\\\/08\\\/Mills_Substrates_Coco-Cork-1-440x440-1.png\",\"datePublished\":\"2025-08-04T11:19:00+00:00\",\"dateModified\":\"2026-01-05T04:56:06+00:00\",\"description\":\"Mills Coco & Cork es una excelente mezcla de 75% de turba de coco con certificaci\u00f3n RHP y 25% de corcho fino. Proporciona una aireaci\u00f3n superior para un desarrollo radicular \u00f3ptimo.\",\"breadcrumb\":{\"@id\":\"https:\\\/\\\/mills-nutrients.com\\\/es\\\/product\\\/mills-coco-cork\\\/#breadcrumb\"},\"inLanguage\":\"es\",\"potentialAction\":[{\"@type\":\"ReadAction\",\"target\":[\"https:\\\/\\\/mills-nutrients.com\\\/es\\\/product\\\/mills-coco-cork\\\/\"]}]},{\"@type\":\"ImageObject\",\"inLanguage\":\"es\",\"@id\":\"https:\\\/\\\/mills-nutrients.com\\\/es\\\/product\\\/mills-coco-cork\\\/#primaryimage\",\"url\":\"https:\\\/\\\/mills-nutrients.com\\\/wp-content\\\/uploads\\\/2025\\\/08\\\/Mills_Substrates_Coco-Cork-1-440x440-1.png\",\"contentUrl\":\"https:\\\/\\\/mills-nutrients.com\\\/wp-content\\\/uploads\\\/2025\\\/08\\\/Mills_Substrates_Coco-Cork-1-440x440-1.png\",\"width\":440,\"height\":440},{\"@type\":\"BreadcrumbList\",\"@id\":\"https:\\\/\\\/mills-nutrients.com\\\/es\\\/product\\\/mills-coco-cork\\\/#breadcrumb\",\"itemListElement\":[{\"@type\":\"ListItem\",\"position\":1,\"name\":\"Home\",\"item\":\"https:\\\/\\\/mills-nutrients.com\\\/es\\\/\"},{\"@type\":\"ListItem\",\"position\":2,\"name\":\"Mills Coco &amp; Cork\"}]},{\"@type\":\"WebSite\",\"@id\":\"https:\\\/\\\/mills-nutrients.com\\\/es\\\/#website\",\"url\":\"https:\\\/\\\/mills-nutrients.com\\\/es\\\/\",\"name\":\"Mills\",\"description\":\"\",\"publisher\":{\"@id\":\"https:\\\/\\\/mills-nutrients.com\\\/es\\\/#organization\"},\"potentialAction\":[{\"@type\":\"SearchAction\",\"target\":{\"@type\":\"EntryPoint\",\"urlTemplate\":\"https:\\\/\\\/mills-nutrients.com\\\/es\\\/?s={search_term_string}\"},\"query-input\":{\"@type\":\"PropertyValueSpecification\",\"valueRequired\":true,\"valueName\":\"search_term_string\"}}],\"inLanguage\":\"es\"},{\"@type\":\"Organization\",\"@id\":\"https:\\\/\\\/mills-nutrients.com\\\/es\\\/#organization\",\"name\":\"Mills\",\"url\":\"https:\\\/\\\/mills-nutrients.com\\\/es\\\/\",\"logo\":{\"@type\":\"ImageObject\",\"inLanguage\":\"es\",\"@id\":\"https:\\\/\\\/mills-nutrients.com\\\/es\\\/#\\\/schema\\\/logo\\\/image\\\/\",\"url\":\"https:\\\/\\\/mills-nutrients.com\\\/wp-content\\\/uploads\\\/2025\\\/08\\\/favicon-2-1.png\",\"contentUrl\":\"https:\\\/\\\/mills-nutrients.com\\\/wp-content\\\/uploads\\\/2025\\\/08\\\/favicon-2-1.png\",\"width\":48,\"height\":48,\"caption\":\"Mills\"},\"image\":{\"@id\":\"https:\\\/\\\/mills-nutrients.com\\\/es\\\/#\\\/schema\\\/logo\\\/image\\\/\"}}]}<\/script>\n<!-- \/ Yoast SEO plugin. -->","yoast_head_json":{"title":"Mills Coco & Cork - Mills","description":"Mills Coco & Cork es una excelente mezcla de 75% de turba de coco con certificaci\u00f3n RHP y 25% de corcho fino. Proporciona una aireaci\u00f3n superior para un desarrollo radicular \u00f3ptimo.","robots":{"index":"index","follow":"follow","max-snippet":"max-snippet:-1","max-image-preview":"max-image-preview:large","max-video-preview":"max-video-preview:-1"},"canonical":"https:\/\/mills-nutrients.com\/es\/product\/mills-coco-cork\/","og_locale":"es_ES","og_type":"article","og_title":"Mills Coco & Cork - Mills","og_description":"Mills Coco & Cork es una excelente mezcla de 75% de turba de coco con certificaci\u00f3n RHP y 25% de corcho fino. Proporciona una aireaci\u00f3n superior para un desarrollo radicular \u00f3ptimo.","og_url":"https:\/\/mills-nutrients.com\/es\/product\/mills-coco-cork\/","og_site_name":"Mills","article_modified_time":"2026-01-05T04:56:06+00:00","og_image":[{"width":440,"height":440,"url":"https:\/\/mills-nutrients.com\/wp-content\/uploads\/2025\/08\/Mills_Substrates_Coco-Cork-1-440x440-1.png","type":"image\/png"}],"twitter_card":"summary_large_image","schema":{"@context":"https:\/\/schema.org","@graph":[{"@type":"WebPage","@id":"https:\/\/mills-nutrients.com\/es\/product\/mills-coco-cork\/","url":"https:\/\/mills-nutrients.com\/es\/product\/mills-coco-cork\/","name":"Mills Coco & Cork - Mills","isPartOf":{"@id":"https:\/\/mills-nutrients.com\/es\/#website"},"primaryImageOfPage":{"@id":"https:\/\/mills-nutrients.com\/es\/product\/mills-coco-cork\/#primaryimage"},"image":{"@id":"https:\/\/mills-nutrients.com\/es\/product\/mills-coco-cork\/#primaryimage"},"thumbnailUrl":"https:\/\/mills-nutrients.com\/wp-content\/uploads\/2025\/08\/Mills_Substrates_Coco-Cork-1-440x440-1.png","datePublished":"2025-08-04T11:19:00+00:00","dateModified":"2026-01-05T04:56:06+00:00","description":"Mills Coco & Cork es una excelente mezcla de 75% de turba de coco con certificaci\u00f3n RHP y 25% de corcho fino. Proporciona una aireaci\u00f3n superior para un desarrollo radicular \u00f3ptimo.","breadcrumb":{"@id":"https:\/\/mills-nutrients.com\/es\/product\/mills-coco-cork\/#breadcrumb"},"inLanguage":"es","potentialAction":[{"@type":"ReadAction","target":["https:\/\/mills-nutrients.com\/es\/product\/mills-coco-cork\/"]}]},{"@type":"ImageObject","inLanguage":"es","@id":"https:\/\/mills-nutrients.com\/es\/product\/mills-coco-cork\/#primaryimage","url":"https:\/\/mills-nutrients.com\/wp-content\/uploads\/2025\/08\/Mills_Substrates_Coco-Cork-1-440x440-1.png","contentUrl":"https:\/\/mills-nutrients.com\/wp-content\/uploads\/2025\/08\/Mills_Substrates_Coco-Cork-1-440x440-1.png","width":440,"height":440},{"@type":"BreadcrumbList","@id":"https:\/\/mills-nutrients.com\/es\/product\/mills-coco-cork\/#breadcrumb","itemListElement":[{"@type":"ListItem","position":1,"name":"Home","item":"https:\/\/mills-nutrients.com\/es\/"},{"@type":"ListItem","position":2,"name":"Mills Coco &amp; Cork"}]},{"@type":"WebSite","@id":"https:\/\/mills-nutrients.com\/es\/#website","url":"https:\/\/mills-nutrients.com\/es\/","name":"Mills","description":"","publisher":{"@id":"https:\/\/mills-nutrients.com\/es\/#organization"},"potentialAction":[{"@type":"SearchAction","target":{"@type":"EntryPoint","urlTemplate":"https:\/\/mills-nutrients.com\/es\/?s={search_term_string}"},"query-input":{"@type":"PropertyValueSpecification","valueRequired":true,"valueName":"search_term_string"}}],"inLanguage":"es"},{"@type":"Organization","@id":"https:\/\/mills-nutrients.com\/es\/#organization","name":"Mills","url":"https:\/\/mills-nutrients.com\/es\/","logo":{"@type":"ImageObject","inLanguage":"es","@id":"https:\/\/mills-nutrients.com\/es\/#\/schema\/logo\/image\/","url":"https:\/\/mills-nutrients.com\/wp-content\/uploads\/2025\/08\/favicon-2-1.png","contentUrl":"https:\/\/mills-nutrients.com\/wp-content\/uploads\/2025\/08\/favicon-2-1.png","width":48,"height":48,"caption":"Mills"},"image":{"@id":"https:\/\/mills-nutrients.com\/es\/#\/schema\/logo\/image\/"}}]}},"_links":{"self":[{"href":"https:\/\/mills-nutrients.com\/es\/wp-json\/wp\/v2\/product\/4962","targetHints":{"allow":["GET"]}}],"collection":[{"href":"https:\/\/mills-nutrients.com\/es\/wp-json\/wp\/v2\/product"}],"about":[{"href":"https:\/\/mills-nutrients.com\/es\/wp-json\/wp\/v2\/types\/product"}],"version-history":[{"count":1,"href":"https:\/\/mills-nutrients.com\/es\/wp-json\/wp\/v2\/product\/4962\/revisions"}],"predecessor-version":[{"id":4963,"href":"https:\/\/mills-nutrients.com\/es\/wp-json\/wp\/v2\/product\/4962\/revisions\/4963"}],"wp:featuredmedia":[{"embeddable":true,"href":"https:\/\/mills-nutrients.com\/es\/wp-json\/wp\/v2\/media\/4947"}],"wp:attachment":[{"href":"https:\/\/mills-nutrients.com\/es\/wp-json\/wp\/v2\/media?parent=4962"}],"wp:term":[{"taxonomy":"category","embeddable":true,"href":"https:\/\/mills-nutrients.com\/es\/wp-json\/wp\/v2\/categories?post=4962"}],"curies":[{"name":"wp","href":"https:\/\/api.w.org\/{rel}","templated":true}]}}