{"id":4956,"date":"2025-08-05T13:19:00","date_gmt":"2025-08-05T11:19:00","guid":{"rendered":"https:\/\/mills-nutrients.com\/product\/fibra-de-coco-mills\/"},"modified":"2026-01-05T05:52:58","modified_gmt":"2026-01-05T04:52:58","slug":"fibra-de-coco-mills","status":"publish","type":"product","link":"https:\/\/mills-nutrients.com\/es\/product\/fibra-de-coco-mills\/","title":{"rendered":"Fibra de coco Mills"},"content":{"rendered":"\n<p>La fibra de coco de Mills es de pH neutro, con una consistencia ligera que favorece el desarrollo de sistemas radiculares fuertes y extensos para plantas fuertes y sanas con grandes rendimientos. La fibra de coco proporciona el equilibrio \u00f3ptimo de humedad y aireaci\u00f3n. <\/p>\n","protected":false},"excerpt":{"rendered":"<p>Un sustrato de pH neutro que proporciona el equilibrio \u00f3ptimo de humedad y aireaci\u00f3n.<\/p>\n","protected":false},"featured_media":4943,"template":"","meta":{"_acf_changed":false},"categories":[91],"class_list":["post-4956","product","type-product","status-publish","has-post-thumbnail","hentry","category-sustratos-mills-regulares"],"acf":[],"yoast_head":"<!-- This site is optimized with the Yoast SEO plugin v27.3 - https:\/\/yoast.com\/product\/yoast-seo-wordpress\/ -->\n<title>Fibra de coco de Mills Nutrients - Mills<\/title>\n<meta name=\"description\" content=\"La fibra de coco de Mills es de pH neutro, tiene una consistencia ligera y proporciona el equilibrio \u00f3ptimo de retenci\u00f3n de humedad y aireaci\u00f3n en la zona radicular.\" \/>\n<meta name=\"robots\" content=\"index, follow, max-snippet:-1, max-image-preview:large, max-video-preview:-1\" \/>\n<link rel=\"canonical\" href=\"https:\/\/mills-nutrients.com\/es\/product\/fibra-de-coco-mills\/\" \/>\n<meta property=\"og:locale\" content=\"es_ES\" \/>\n<meta property=\"og:type\" content=\"article\" \/>\n<meta property=\"og:title\" content=\"Fibra de coco de Mills Nutrients - Mills\" \/>\n<meta property=\"og:description\" content=\"La fibra de coco de Mills es de pH neutro, tiene una consistencia ligera y proporciona el equilibrio \u00f3ptimo de retenci\u00f3n de humedad y aireaci\u00f3n en la zona radicular.\" \/>\n<meta property=\"og:url\" content=\"https:\/\/mills-nutrients.com\/es\/product\/fibra-de-coco-mills\/\" \/>\n<meta property=\"og:site_name\" content=\"Mills\" \/>\n<meta property=\"article:modified_time\" content=\"2026-01-05T04:52:58+00:00\" \/>\n<meta property=\"og:image\" content=\"https:\/\/mills-nutrients.com\/wp-content\/uploads\/2025\/08\/mills-cocopeat-440x440-1.png\" \/>\n\t<meta property=\"og:image:width\" content=\"440\" \/>\n\t<meta property=\"og:image:height\" content=\"440\" \/>\n\t<meta property=\"og:image:type\" content=\"image\/png\" \/>\n<meta name=\"twitter:card\" content=\"summary_large_image\" \/>\n<script type=\"application\/ld+json\" class=\"yoast-schema-graph\">{\"@context\":\"https:\\\/\\\/schema.org\",\"@graph\":[{\"@type\":\"WebPage\",\"@id\":\"https:\\\/\\\/mills-nutrients.com\\\/es\\\/product\\\/fibra-de-coco-mills\\\/\",\"url\":\"https:\\\/\\\/mills-nutrients.com\\\/es\\\/product\\\/fibra-de-coco-mills\\\/\",\"name\":\"Fibra de coco de Mills Nutrients - Mills\",\"isPartOf\":{\"@id\":\"https:\\\/\\\/mills-nutrients.com\\\/es\\\/#website\"},\"primaryImageOfPage\":{\"@id\":\"https:\\\/\\\/mills-nutrients.com\\\/es\\\/product\\\/fibra-de-coco-mills\\\/#primaryimage\"},\"image\":{\"@id\":\"https:\\\/\\\/mills-nutrients.com\\\/es\\\/product\\\/fibra-de-coco-mills\\\/#primaryimage\"},\"thumbnailUrl\":\"https:\\\/\\\/mills-nutrients.com\\\/wp-content\\\/uploads\\\/2025\\\/08\\\/mills-cocopeat-440x440-1.png\",\"datePublished\":\"2025-08-05T11:19:00+00:00\",\"dateModified\":\"2026-01-05T04:52:58+00:00\",\"description\":\"La fibra de coco de Mills es de pH neutro, tiene una consistencia ligera y proporciona el equilibrio \u00f3ptimo de retenci\u00f3n de humedad y aireaci\u00f3n en la zona radicular.\",\"breadcrumb\":{\"@id\":\"https:\\\/\\\/mills-nutrients.com\\\/es\\\/product\\\/fibra-de-coco-mills\\\/#breadcrumb\"},\"inLanguage\":\"es\",\"potentialAction\":[{\"@type\":\"ReadAction\",\"target\":[\"https:\\\/\\\/mills-nutrients.com\\\/es\\\/product\\\/fibra-de-coco-mills\\\/\"]}]},{\"@type\":\"ImageObject\",\"inLanguage\":\"es\",\"@id\":\"https:\\\/\\\/mills-nutrients.com\\\/es\\\/product\\\/fibra-de-coco-mills\\\/#primaryimage\",\"url\":\"https:\\\/\\\/mills-nutrients.com\\\/wp-content\\\/uploads\\\/2025\\\/08\\\/mills-cocopeat-440x440-1.png\",\"contentUrl\":\"https:\\\/\\\/mills-nutrients.com\\\/wp-content\\\/uploads\\\/2025\\\/08\\\/mills-cocopeat-440x440-1.png\",\"width\":440,\"height\":440},{\"@type\":\"BreadcrumbList\",\"@id\":\"https:\\\/\\\/mills-nutrients.com\\\/es\\\/product\\\/fibra-de-coco-mills\\\/#breadcrumb\",\"itemListElement\":[{\"@type\":\"ListItem\",\"position\":1,\"name\":\"Home\",\"item\":\"https:\\\/\\\/mills-nutrients.com\\\/es\\\/\"},{\"@type\":\"ListItem\",\"position\":2,\"name\":\"Fibra de coco Mills\"}]},{\"@type\":\"WebSite\",\"@id\":\"https:\\\/\\\/mills-nutrients.com\\\/es\\\/#website\",\"url\":\"https:\\\/\\\/mills-nutrients.com\\\/es\\\/\",\"name\":\"Mills\",\"description\":\"\",\"publisher\":{\"@id\":\"https:\\\/\\\/mills-nutrients.com\\\/es\\\/#organization\"},\"potentialAction\":[{\"@type\":\"SearchAction\",\"target\":{\"@type\":\"EntryPoint\",\"urlTemplate\":\"https:\\\/\\\/mills-nutrients.com\\\/es\\\/?s={search_term_string}\"},\"query-input\":{\"@type\":\"PropertyValueSpecification\",\"valueRequired\":true,\"valueName\":\"search_term_string\"}}],\"inLanguage\":\"es\"},{\"@type\":\"Organization\",\"@id\":\"https:\\\/\\\/mills-nutrients.com\\\/es\\\/#organization\",\"name\":\"Mills\",\"url\":\"https:\\\/\\\/mills-nutrients.com\\\/es\\\/\",\"logo\":{\"@type\":\"ImageObject\",\"inLanguage\":\"es\",\"@id\":\"https:\\\/\\\/mills-nutrients.com\\\/es\\\/#\\\/schema\\\/logo\\\/image\\\/\",\"url\":\"https:\\\/\\\/mills-nutrients.com\\\/wp-content\\\/uploads\\\/2025\\\/08\\\/favicon-2-1.png\",\"contentUrl\":\"https:\\\/\\\/mills-nutrients.com\\\/wp-content\\\/uploads\\\/2025\\\/08\\\/favicon-2-1.png\",\"width\":48,\"height\":48,\"caption\":\"Mills\"},\"image\":{\"@id\":\"https:\\\/\\\/mills-nutrients.com\\\/es\\\/#\\\/schema\\\/logo\\\/image\\\/\"}}]}<\/script>\n<!-- \/ Yoast SEO plugin. -->","yoast_head_json":{"title":"Fibra de coco de Mills Nutrients - Mills","description":"La fibra de coco de Mills es de pH neutro, tiene una consistencia ligera y proporciona el equilibrio \u00f3ptimo de retenci\u00f3n de humedad y aireaci\u00f3n en la zona radicular.","robots":{"index":"index","follow":"follow","max-snippet":"max-snippet:-1","max-image-preview":"max-image-preview:large","max-video-preview":"max-video-preview:-1"},"canonical":"https:\/\/mills-nutrients.com\/es\/product\/fibra-de-coco-mills\/","og_locale":"es_ES","og_type":"article","og_title":"Fibra de coco de Mills Nutrients - Mills","og_description":"La fibra de coco de Mills es de pH neutro, tiene una consistencia ligera y proporciona el equilibrio \u00f3ptimo de retenci\u00f3n de humedad y aireaci\u00f3n en la zona radicular.","og_url":"https:\/\/mills-nutrients.com\/es\/product\/fibra-de-coco-mills\/","og_site_name":"Mills","article_modified_time":"2026-01-05T04:52:58+00:00","og_image":[{"width":440,"height":440,"url":"https:\/\/mills-nutrients.com\/wp-content\/uploads\/2025\/08\/mills-cocopeat-440x440-1.png","type":"image\/png"}],"twitter_card":"summary_large_image","schema":{"@context":"https:\/\/schema.org","@graph":[{"@type":"WebPage","@id":"https:\/\/mills-nutrients.com\/es\/product\/fibra-de-coco-mills\/","url":"https:\/\/mills-nutrients.com\/es\/product\/fibra-de-coco-mills\/","name":"Fibra de coco de Mills Nutrients - Mills","isPartOf":{"@id":"https:\/\/mills-nutrients.com\/es\/#website"},"primaryImageOfPage":{"@id":"https:\/\/mills-nutrients.com\/es\/product\/fibra-de-coco-mills\/#primaryimage"},"image":{"@id":"https:\/\/mills-nutrients.com\/es\/product\/fibra-de-coco-mills\/#primaryimage"},"thumbnailUrl":"https:\/\/mills-nutrients.com\/wp-content\/uploads\/2025\/08\/mills-cocopeat-440x440-1.png","datePublished":"2025-08-05T11:19:00+00:00","dateModified":"2026-01-05T04:52:58+00:00","description":"La fibra de coco de Mills es de pH neutro, tiene una consistencia ligera y proporciona el equilibrio \u00f3ptimo de retenci\u00f3n de humedad y aireaci\u00f3n en la zona radicular.","breadcrumb":{"@id":"https:\/\/mills-nutrients.com\/es\/product\/fibra-de-coco-mills\/#breadcrumb"},"inLanguage":"es","potentialAction":[{"@type":"ReadAction","target":["https:\/\/mills-nutrients.com\/es\/product\/fibra-de-coco-mills\/"]}]},{"@type":"ImageObject","inLanguage":"es","@id":"https:\/\/mills-nutrients.com\/es\/product\/fibra-de-coco-mills\/#primaryimage","url":"https:\/\/mills-nutrients.com\/wp-content\/uploads\/2025\/08\/mills-cocopeat-440x440-1.png","contentUrl":"https:\/\/mills-nutrients.com\/wp-content\/uploads\/2025\/08\/mills-cocopeat-440x440-1.png","width":440,"height":440},{"@type":"BreadcrumbList","@id":"https:\/\/mills-nutrients.com\/es\/product\/fibra-de-coco-mills\/#breadcrumb","itemListElement":[{"@type":"ListItem","position":1,"name":"Home","item":"https:\/\/mills-nutrients.com\/es\/"},{"@type":"ListItem","position":2,"name":"Fibra de coco Mills"}]},{"@type":"WebSite","@id":"https:\/\/mills-nutrients.com\/es\/#website","url":"https:\/\/mills-nutrients.com\/es\/","name":"Mills","description":"","publisher":{"@id":"https:\/\/mills-nutrients.com\/es\/#organization"},"potentialAction":[{"@type":"SearchAction","target":{"@type":"EntryPoint","urlTemplate":"https:\/\/mills-nutrients.com\/es\/?s={search_term_string}"},"query-input":{"@type":"PropertyValueSpecification","valueRequired":true,"valueName":"search_term_string"}}],"inLanguage":"es"},{"@type":"Organization","@id":"https:\/\/mills-nutrients.com\/es\/#organization","name":"Mills","url":"https:\/\/mills-nutrients.com\/es\/","logo":{"@type":"ImageObject","inLanguage":"es","@id":"https:\/\/mills-nutrients.com\/es\/#\/schema\/logo\/image\/","url":"https:\/\/mills-nutrients.com\/wp-content\/uploads\/2025\/08\/favicon-2-1.png","contentUrl":"https:\/\/mills-nutrients.com\/wp-content\/uploads\/2025\/08\/favicon-2-1.png","width":48,"height":48,"caption":"Mills"},"image":{"@id":"https:\/\/mills-nutrients.com\/es\/#\/schema\/logo\/image\/"}}]}},"_links":{"self":[{"href":"https:\/\/mills-nutrients.com\/es\/wp-json\/wp\/v2\/product\/4956","targetHints":{"allow":["GET"]}}],"collection":[{"href":"https:\/\/mills-nutrients.com\/es\/wp-json\/wp\/v2\/product"}],"about":[{"href":"https:\/\/mills-nutrients.com\/es\/wp-json\/wp\/v2\/types\/product"}],"version-history":[{"count":1,"href":"https:\/\/mills-nutrients.com\/es\/wp-json\/wp\/v2\/product\/4956\/revisions"}],"predecessor-version":[{"id":4957,"href":"https:\/\/mills-nutrients.com\/es\/wp-json\/wp\/v2\/product\/4956\/revisions\/4957"}],"wp:featuredmedia":[{"embeddable":true,"href":"https:\/\/mills-nutrients.com\/es\/wp-json\/wp\/v2\/media\/4943"}],"wp:attachment":[{"href":"https:\/\/mills-nutrients.com\/es\/wp-json\/wp\/v2\/media?parent=4956"}],"wp:term":[{"taxonomy":"category","embeddable":true,"href":"https:\/\/mills-nutrients.com\/es\/wp-json\/wp\/v2\/categories?post=4956"}],"curies":[{"name":"wp","href":"https:\/\/api.w.org\/{rel}","templated":true}]}}