{"id":4616,"date":"2023-08-16T14:01:59","date_gmt":"2023-08-16T12:01:59","guid":{"rendered":"https:\/\/mills-nutrients.com\/politica-de-privacidad\/"},"modified":"2025-11-20T09:44:24","modified_gmt":"2025-11-20T08:44:24","slug":"politica-de-privacidad","status":"publish","type":"page","link":"https:\/\/mills-nutrients.com\/es\/politica-de-privacidad\/","title":{"rendered":"Pol\u00edtica de privacidad"},"content":{"rendered":"\t\t<div data-elementor-type=\"wp-page\" data-elementor-id=\"4616\" class=\"elementor elementor-4616 elementor-25\" data-elementor-post-type=\"page\">\n\t\t\t\t<div class=\"elementor-element elementor-element-c655ea9 e-flex e-con-boxed e-con e-parent\" data-id=\"c655ea9\" data-element_type=\"container\" data-e-type=\"container\">\n\t\t\t\t\t<div class=\"e-con-inner\">\n\t\t\t\t<div class=\"elementor-element elementor-element-ee8993a elementor-widget elementor-widget-heading\" data-id=\"ee8993a\" data-element_type=\"widget\" data-e-type=\"widget\" data-widget_type=\"heading.default\">\n\t\t\t\t<div class=\"elementor-widget-container\">\n\t\t\t\t\t<h1 class=\"elementor-heading-title elementor-size-default\">Condiciones de privacidad <span style=\"color: #f05121\">.<\/span>\n<\/h1>\t\t\t\t<\/div>\n\t\t\t\t<\/div>\n\t\t\t\t<div class=\"elementor-element elementor-element-77be6a1 elementor-widget elementor-widget-text-editor\" data-id=\"77be6a1\" data-element_type=\"widget\" data-e-type=\"widget\" data-widget_type=\"text-editor.default\">\n\t\t\t\t<div class=\"elementor-widget-container\">\n\t\t\t\t\t\t\t\t\t<p>Gracias por visitar la Pol\u00edtica de privacidad de Mills Nutrients. Esta Pol\u00edtica de privacidad explica c\u00f3mo Mills Nutrients B.V. (denominados colectivamente \u201cMills Nutrients\u201d, \u201cnosotros\u201d o \u201cnuestro\u201d) recopila, utiliza y comparte informaci\u00f3n sobre usted (\u201custed\u201d, \u201csuyo\u201d o \u201cusuario\u201d) cuando accede a nuestros sitios web (\u201cServicios\u201d) o los utiliza. <\/p><p>Los usuarios son responsables de cualquier dato de terceros que proporcionen o compartan a trav\u00e9s de los Servicios y confirman que tienen el consentimiento del tercero para proporcionarnos dichos datos.<\/p><h3>Informaci\u00f3n que recopilamos<\/h3><p>Podemos recopilar y combinar informaci\u00f3n sobre usted cuando acceda a los Servicios o los utilice, incluyendo:<\/p><p><strong>Informaci\u00f3n de contacto<\/strong>: como la direcci\u00f3n (calle, ciudad, estado, c\u00f3digo postal)<\/p><p><strong>Informaci\u00f3n de registro y uso<\/strong>: como el tipo de navegador, el modelo de hardware, el sistema operativo, la direcci\u00f3n IP, los identificadores \u00fanicos del dispositivo, las horas de acceso, las p\u00e1ginas visitadas, los enlaces en los que se ha hecho clic, el comportamiento de navegaci\u00f3n, como el tiempo dedicado, el sitio del que procede y el sitio que visita cuando nos abandona.<\/p><p><strong>Informaci\u00f3n de la cuenta<\/strong>: si crea una cuenta en los Servicios, recopilamos la informaci\u00f3n que nos proporciona relacionada con la cuenta, como el nombre y los apellidos, el nombre de usuario, la contrase\u00f1a y la direcci\u00f3n de correo electr\u00f3nico.<\/p><p><strong>Informaci\u00f3n transaccional<\/strong>: como los art\u00edculos colocados en su carrito, los productos comprados, los detalles del producto, la informaci\u00f3n de env\u00edo, el precio de compra, la fecha de compra y la informaci\u00f3n de pago.<\/p><h3>C\u00f3mo utilizamos su informaci\u00f3n<\/h3><p>Utilizamos la informaci\u00f3n que recopilamos sobre usted para proporcionar, mantener y mejorar nuestros Servicios y otras interacciones que tenemos con usted. Por ejemplo, utilizamos la informaci\u00f3n recopilada para: <\/p><ul><li>Facilitar y mejorar nuestra experiencia en l\u00ednea;<\/li><li>Proporcionar y entregar productos y servicios, realizar la autenticaci\u00f3n, procesar transacciones y devoluciones, y enviarle informaci\u00f3n relacionada, incluyendo confirmaciones, recibos, facturas, encuestas de experiencia del cliente y avisos relacionados con productos o Servicios;<\/li><li>Procesar y entregar promociones;<\/li><li>Responder a sus comentarios y preguntas y proporcionar servicio de atenci\u00f3n al cliente;<\/li><li>Si nos ha indicado que desea recibir notificaciones o mensajes promocionales;<\/li><li>Detectar, investigar y prevenir transacciones fraudulentas y otras actividades ilegales y proteger nuestros derechos y propiedad y los de otros;<\/li><li>Cumplir con nuestras obligaciones legales y financieras;<\/li><li>Supervisar y analizar tendencias, uso y actividades;<\/li><li>Proporcionar y permitir que nuestros socios proporcionen publicidad y marketing dirigidos a sus intereses.<\/li><\/ul><h3>C\u00f3mo podemos compartir informaci\u00f3n<\/h3><p>Podemos compartir su Informaci\u00f3n Personal en las siguientes situaciones:<\/p><p><strong>Proveedores de servicios externos<\/strong>: podemos compartir datos con proveedores de servicios, vendedores, contratistas o agentes que completan transacciones o realizan servicios en nuestro nombre, como aquellos que nos ayudan con nuestro negocio y operaciones internas como el env\u00edo y la entrega, el procesamiento de pagos, la prevenci\u00f3n del fraude, el servicio de atenci\u00f3n al cliente, la personalizaci\u00f3n, el marketing y la publicidad.<\/p><p><strong>Cambio en el negocio<\/strong>: podemos compartir datos en relaci\u00f3n con una transacci\u00f3n comercial corporativa, como una fusi\u00f3n o adquisici\u00f3n de todo o una parte de nuestro negocio a otra empresa, empresa conjunta, reorganizaci\u00f3n corporativa, insolvencia o quiebra, financiaci\u00f3n o venta de activos de la empresa.<\/p><p><strong>Para cumplir con la ley<\/strong>: podemos compartir datos para facilitar los procesos legales de las solicitudes legales de las autoridades p\u00fablicas, incluso para cumplir con las demandas de seguridad nacional o de aplicaci\u00f3n de la ley seg\u00fan lo permitido por la ley.<\/p><p><strong>Con su consentimiento<\/strong>: podemos compartir datos con terceros cuando tengamos su consentimiento.<\/p><p><strong>Con socios publicitarios y anal\u00edticos<\/strong>: consulte la secci\u00f3n titulada \u201cPublicidad y an\u00e1lisis\u201d a continuaci\u00f3n.<\/p><h3>Google Analytics<\/h3><p>Utilizamos Google Analytics, un servicio de an\u00e1lisis proporcionado por Google LLC. Utilizamos este servicio para ayudar a analizar c\u00f3mo los usuarios utilizan el Servicio, con el fin de analizar el uso en todos los dispositivos y ofrecer mejoras para todos los usuarios. Para obtener m\u00e1s informaci\u00f3n sobre Google Analytics, visite su <g id=\"gid_0\">Pol\u00edtica de privacidad<\/g>. Para excluirse de esta funci\u00f3n instalando el complemento de navegador de exclusi\u00f3n de Google Analytics, haga clic <a target=\"_new\" rel=\"noopener\">aqu\u00ed<\/a>.   <\/p><h3>Seguridad de los datos<\/h3><p>Implementamos medidas de seguridad comercialmente razonables dise\u00f1adas para proteger su informaci\u00f3n. Sin embargo, ninguna medida de seguridad es completamente impenetrable. <\/p><h3>Retenci\u00f3n de datos<\/h3><p>Almacenamos la informaci\u00f3n que recopilamos sobre usted durante el tiempo que sea necesario para el prop\u00f3sito(s) para el que la recopilamos o para otros fines comerciales leg\u00edtimos, incluyendo el cumplimiento de nuestras obligaciones legales, regulatorias o de otro tipo.<\/p><h3>Derechos de privacidad de la UE<\/h3><p>Las personas ubicadas en ciertos pa\u00edses, incluyendo el Espacio Econ\u00f3mico Europeo (EEE) y el Reino Unido, tienen ciertos derechos legales bajo el Reglamento General de Protecci\u00f3n de Datos (RGPD) en relaci\u00f3n con sus datos personales.<\/p><p>En la medida en que la informaci\u00f3n que recopilamos est\u00e9 asociada con una persona f\u00edsica identificada o identificable y est\u00e9 protegida como datos personales bajo el RGPD, se denomina en esta Pol\u00edtica de Privacidad como \u201cDatos Personales\u201d.<\/p><h4>Solicitudes de acceso del interesado<\/h4><p>Sujeto a cualquier exenci\u00f3n prevista por la ley, usted puede tener el derecho a solicitar:<\/p><ul><li>Una copia de los Datos Personales que tenemos sobre usted;<\/li><li>Corregir los Datos Personales que tenemos sobre usted;<\/li><li>Eliminar su Cuenta o Datos Personales;<\/li><li>Oponerse al procesamiento de sus Datos Personales para ciertos fines.<\/li><\/ul><p>Para acceder a sus derechos de privacidad, env\u00edenos un correo electr\u00f3nico a <a rel=\"noopener\">info@mills-nutrients.com<\/a>.<\/p><p>Generalmente procesaremos las solicitudes en un plazo de un mes. Es posible que necesitemos solicitarle informaci\u00f3n espec\u00edfica para ayudarnos a confirmar su identidad y\/o la jurisdicci\u00f3n en la que reside. Si su solicitud es complicada o si ha realizado un gran n\u00famero de solicitudes, puede que tardemos m\u00e1s. Le informaremos si necesitamos m\u00e1s de un mes para responder.   <\/p><h3>Bases legales para el procesamiento de Datos Personales<\/h3><p>Podemos procesar sus Datos Personales bajo la ley de protecci\u00f3n de datos aplicable sobre las siguientes bases legales:<\/p><ul><li><strong>Necesidad contractual<\/strong>: podemos procesar sus Datos Personales para celebrar o ejecutar un contrato con usted.<\/li><li><strong>Consentimiento<\/strong>: cuando haya dado su consentimiento para procesar sus Datos Personales. Puede retirar su consentimiento en cualquier momento. <\/li><li><strong>Inter\u00e9s leg\u00edtimo<\/strong>: procesamos sus Datos Personales para proporcionarle nuestros Servicios, como mejorar nuestra experiencia de usuario en l\u00ednea, comunicarnos con usted, proporcionarle servicio de atenci\u00f3n al cliente y mejorar nuestro negocio.<\/li><\/ul><h3>Limitaciones de edad<\/h3><p>Nuestro Servicio est\u00e1 destinado a adultos de 18 a\u00f1os o m\u00e1s. No recopilamos conscientemente informaci\u00f3n de identificaci\u00f3n personal de ni\u00f1os. Si usted es padre, madre o tutor legal y cree que su hijo menor de 13 a\u00f1os nos ha dado informaci\u00f3n, env\u00edenos un correo electr\u00f3nico o escr\u00edbanos a la direcci\u00f3n que aparece al final de esta Pol\u00edtica de Privacidad. Por favor, marque sus consultas como \u201cSolicitud de informaci\u00f3n COPPA\u201d.   <\/p><h3>Cambios en esta Pol\u00edtica de Privacidad<\/h3><p>Mills Nutrients puede cambiar esta Pol\u00edtica de Privacidad de vez en cuando. Le animamos a visitar esta p\u00e1gina para mantenerse informado. Si los cambios son importantes, podemos proporcionarle un aviso adicional a su direcci\u00f3n de correo electr\u00f3nico o a trav\u00e9s de nuestros Servicios. Su uso continuado de los Servicios indica su aceptaci\u00f3n de la Pol\u00edtica de Privacidad modificada.   <\/p><h3>Boletines<\/h3><p>Puede optar por no recibir nuestros correos electr\u00f3nicos de marketing y\/o boletines poni\u00e9ndose en contacto con nosotros como se describe en \u201cCont\u00e1ctenos\u201d a continuaci\u00f3n. Es posible que sigamos envi\u00e1ndole mensajes transaccionales, que incluyen comunicaciones relacionadas con los Servicios y respuestas a sus preguntas. <\/p><h3>Almacenamiento de informaci\u00f3n<\/h3><p>La informaci\u00f3n que mantenemos puede ser almacenada tanto dentro como fuera de la Uni\u00f3n Europea. Si usted vive fuera de la UE, entiende y acepta que podemos transferir su informaci\u00f3n internacionalmente, y que las leyes de otros pa\u00edses pueden no ofrecer el mismo nivel de protecci\u00f3n que las de su pa\u00eds. <\/p><h3>Cont\u00e1ctenos<\/h3><p>Si tiene preguntas, comentarios o inquietudes sobre esta Pol\u00edtica de Privacidad, puede ponerse en contacto con nosotros en:<\/p><p>Mills Nutrients<br>info@mills-nutrients.com<br>+31 20 223 3957<\/p>\t\t\t\t\t\t\t\t<\/div>\n\t\t\t\t<\/div>\n\t\t\t\t\t<\/div>\n\t\t\t\t<\/div>\n\t\t\t\t<\/div>\n\t\t","protected":false},"excerpt":{"rendered":"<p>Condiciones de privacidad . Gracias por visitar la Pol\u00edtica de privacidad de Mills Nutrients. Esta Pol\u00edtica de privacidad explica c\u00f3mo Mills Nutrients B.V. (denominados colectivamente \u201cMills Nutrients\u201d, \u201cnosotros\u201d o \u201cnuestro\u201d) recopila, utiliza y comparte informaci\u00f3n sobre usted (\u201custed\u201d, \u201csuyo\u201d o \u201cusuario\u201d) cuando accede a nuestros sitios web (\u201cServicios\u201d) o los utiliza. Los usuarios son responsables [&hellip;]<\/p>\n","protected":false},"author":6,"featured_media":0,"parent":0,"menu_order":16,"comment_status":"closed","ping_status":"closed","template":"elementor_header_footer","meta":{"_acf_changed":false,"footnotes":""},"class_list":["post-4616","page","type-page","status-publish","hentry"],"acf":[],"yoast_head":"<!-- This site is optimized with the Yoast SEO plugin v27.3 - https:\/\/yoast.com\/product\/yoast-seo-wordpress\/ -->\n<title>Pol\u00edtica de privacidad - Mills<\/title>\n<meta name=\"robots\" content=\"index, follow, max-snippet:-1, max-image-preview:large, max-video-preview:-1\" \/>\n<link rel=\"canonical\" href=\"https:\/\/mills-nutrients.com\/es\/politica-de-privacidad\/\" \/>\n<meta property=\"og:locale\" content=\"es_ES\" \/>\n<meta property=\"og:type\" content=\"article\" \/>\n<meta property=\"og:title\" content=\"Pol\u00edtica de privacidad - Mills\" \/>\n<meta property=\"og:description\" content=\"Condiciones de privacidad . Gracias por visitar la Pol\u00edtica de privacidad de Mills Nutrients. Esta Pol\u00edtica de privacidad explica c\u00f3mo Mills Nutrients B.V. (denominados colectivamente \u201cMills Nutrients\u201d, \u201cnosotros\u201d o \u201cnuestro\u201d) recopila, utiliza y comparte informaci\u00f3n sobre usted (\u201custed\u201d, \u201csuyo\u201d o \u201cusuario\u201d) cuando accede a nuestros sitios web (\u201cServicios\u201d) o los utiliza. Los usuarios son responsables [&hellip;]\" \/>\n<meta property=\"og:url\" content=\"https:\/\/mills-nutrients.com\/es\/politica-de-privacidad\/\" \/>\n<meta property=\"og:site_name\" content=\"Mills\" \/>\n<meta property=\"article:modified_time\" content=\"2025-11-20T08:44:24+00:00\" \/>\n<meta name=\"twitter:card\" content=\"summary_large_image\" \/>\n<meta name=\"twitter:label1\" content=\"Tiempo de lectura\" \/>\n\t<meta name=\"twitter:data1\" content=\"7 minutos\" \/>\n<script type=\"application\/ld+json\" class=\"yoast-schema-graph\">{\"@context\":\"https:\\\/\\\/schema.org\",\"@graph\":[{\"@type\":\"WebPage\",\"@id\":\"https:\\\/\\\/mills-nutrients.com\\\/es\\\/politica-de-privacidad\\\/\",\"url\":\"https:\\\/\\\/mills-nutrients.com\\\/es\\\/politica-de-privacidad\\\/\",\"name\":\"Pol\u00edtica de privacidad - Mills\",\"isPartOf\":{\"@id\":\"https:\\\/\\\/mills-nutrients.com\\\/es\\\/#website\"},\"datePublished\":\"2023-08-16T12:01:59+00:00\",\"dateModified\":\"2025-11-20T08:44:24+00:00\",\"breadcrumb\":{\"@id\":\"https:\\\/\\\/mills-nutrients.com\\\/es\\\/politica-de-privacidad\\\/#breadcrumb\"},\"inLanguage\":\"es\",\"potentialAction\":[{\"@type\":\"ReadAction\",\"target\":[\"https:\\\/\\\/mills-nutrients.com\\\/es\\\/politica-de-privacidad\\\/\"]}]},{\"@type\":\"BreadcrumbList\",\"@id\":\"https:\\\/\\\/mills-nutrients.com\\\/es\\\/politica-de-privacidad\\\/#breadcrumb\",\"itemListElement\":[{\"@type\":\"ListItem\",\"position\":1,\"name\":\"Home\",\"item\":\"https:\\\/\\\/mills-nutrients.com\\\/es\\\/\"},{\"@type\":\"ListItem\",\"position\":2,\"name\":\"Pol\u00edtica de privacidad\"}]},{\"@type\":\"WebSite\",\"@id\":\"https:\\\/\\\/mills-nutrients.com\\\/es\\\/#website\",\"url\":\"https:\\\/\\\/mills-nutrients.com\\\/es\\\/\",\"name\":\"Mills\",\"description\":\"\",\"publisher\":{\"@id\":\"https:\\\/\\\/mills-nutrients.com\\\/es\\\/#organization\"},\"potentialAction\":[{\"@type\":\"SearchAction\",\"target\":{\"@type\":\"EntryPoint\",\"urlTemplate\":\"https:\\\/\\\/mills-nutrients.com\\\/es\\\/?s={search_term_string}\"},\"query-input\":{\"@type\":\"PropertyValueSpecification\",\"valueRequired\":true,\"valueName\":\"search_term_string\"}}],\"inLanguage\":\"es\"},{\"@type\":\"Organization\",\"@id\":\"https:\\\/\\\/mills-nutrients.com\\\/es\\\/#organization\",\"name\":\"Mills\",\"url\":\"https:\\\/\\\/mills-nutrients.com\\\/es\\\/\",\"logo\":{\"@type\":\"ImageObject\",\"inLanguage\":\"es\",\"@id\":\"https:\\\/\\\/mills-nutrients.com\\\/es\\\/#\\\/schema\\\/logo\\\/image\\\/\",\"url\":\"https:\\\/\\\/mills-nutrients.com\\\/wp-content\\\/uploads\\\/2025\\\/08\\\/favicon-2-1.png\",\"contentUrl\":\"https:\\\/\\\/mills-nutrients.com\\\/wp-content\\\/uploads\\\/2025\\\/08\\\/favicon-2-1.png\",\"width\":48,\"height\":48,\"caption\":\"Mills\"},\"image\":{\"@id\":\"https:\\\/\\\/mills-nutrients.com\\\/es\\\/#\\\/schema\\\/logo\\\/image\\\/\"}}]}<\/script>\n<!-- \/ Yoast SEO plugin. -->","yoast_head_json":{"title":"Pol\u00edtica de privacidad - Mills","robots":{"index":"index","follow":"follow","max-snippet":"max-snippet:-1","max-image-preview":"max-image-preview:large","max-video-preview":"max-video-preview:-1"},"canonical":"https:\/\/mills-nutrients.com\/es\/politica-de-privacidad\/","og_locale":"es_ES","og_type":"article","og_title":"Pol\u00edtica de privacidad - Mills","og_description":"Condiciones de privacidad . Gracias por visitar la Pol\u00edtica de privacidad de Mills Nutrients. Esta Pol\u00edtica de privacidad explica c\u00f3mo Mills Nutrients B.V. (denominados colectivamente \u201cMills Nutrients\u201d, \u201cnosotros\u201d o \u201cnuestro\u201d) recopila, utiliza y comparte informaci\u00f3n sobre usted (\u201custed\u201d, \u201csuyo\u201d o \u201cusuario\u201d) cuando accede a nuestros sitios web (\u201cServicios\u201d) o los utiliza. Los usuarios son responsables [&hellip;]","og_url":"https:\/\/mills-nutrients.com\/es\/politica-de-privacidad\/","og_site_name":"Mills","article_modified_time":"2025-11-20T08:44:24+00:00","twitter_card":"summary_large_image","twitter_misc":{"Tiempo de lectura":"7 minutos"},"schema":{"@context":"https:\/\/schema.org","@graph":[{"@type":"WebPage","@id":"https:\/\/mills-nutrients.com\/es\/politica-de-privacidad\/","url":"https:\/\/mills-nutrients.com\/es\/politica-de-privacidad\/","name":"Pol\u00edtica de privacidad - Mills","isPartOf":{"@id":"https:\/\/mills-nutrients.com\/es\/#website"},"datePublished":"2023-08-16T12:01:59+00:00","dateModified":"2025-11-20T08:44:24+00:00","breadcrumb":{"@id":"https:\/\/mills-nutrients.com\/es\/politica-de-privacidad\/#breadcrumb"},"inLanguage":"es","potentialAction":[{"@type":"ReadAction","target":["https:\/\/mills-nutrients.com\/es\/politica-de-privacidad\/"]}]},{"@type":"BreadcrumbList","@id":"https:\/\/mills-nutrients.com\/es\/politica-de-privacidad\/#breadcrumb","itemListElement":[{"@type":"ListItem","position":1,"name":"Home","item":"https:\/\/mills-nutrients.com\/es\/"},{"@type":"ListItem","position":2,"name":"Pol\u00edtica de privacidad"}]},{"@type":"WebSite","@id":"https:\/\/mills-nutrients.com\/es\/#website","url":"https:\/\/mills-nutrients.com\/es\/","name":"Mills","description":"","publisher":{"@id":"https:\/\/mills-nutrients.com\/es\/#organization"},"potentialAction":[{"@type":"SearchAction","target":{"@type":"EntryPoint","urlTemplate":"https:\/\/mills-nutrients.com\/es\/?s={search_term_string}"},"query-input":{"@type":"PropertyValueSpecification","valueRequired":true,"valueName":"search_term_string"}}],"inLanguage":"es"},{"@type":"Organization","@id":"https:\/\/mills-nutrients.com\/es\/#organization","name":"Mills","url":"https:\/\/mills-nutrients.com\/es\/","logo":{"@type":"ImageObject","inLanguage":"es","@id":"https:\/\/mills-nutrients.com\/es\/#\/schema\/logo\/image\/","url":"https:\/\/mills-nutrients.com\/wp-content\/uploads\/2025\/08\/favicon-2-1.png","contentUrl":"https:\/\/mills-nutrients.com\/wp-content\/uploads\/2025\/08\/favicon-2-1.png","width":48,"height":48,"caption":"Mills"},"image":{"@id":"https:\/\/mills-nutrients.com\/es\/#\/schema\/logo\/image\/"}}]}},"_links":{"self":[{"href":"https:\/\/mills-nutrients.com\/es\/wp-json\/wp\/v2\/pages\/4616","targetHints":{"allow":["GET"]}}],"collection":[{"href":"https:\/\/mills-nutrients.com\/es\/wp-json\/wp\/v2\/pages"}],"about":[{"href":"https:\/\/mills-nutrients.com\/es\/wp-json\/wp\/v2\/types\/page"}],"author":[{"embeddable":true,"href":"https:\/\/mills-nutrients.com\/es\/wp-json\/wp\/v2\/users\/6"}],"replies":[{"embeddable":true,"href":"https:\/\/mills-nutrients.com\/es\/wp-json\/wp\/v2\/comments?post=4616"}],"version-history":[{"count":2,"href":"https:\/\/mills-nutrients.com\/es\/wp-json\/wp\/v2\/pages\/4616\/revisions"}],"predecessor-version":[{"id":4618,"href":"https:\/\/mills-nutrients.com\/es\/wp-json\/wp\/v2\/pages\/4616\/revisions\/4618"}],"wp:attachment":[{"href":"https:\/\/mills-nutrients.com\/es\/wp-json\/wp\/v2\/media?parent=4616"}],"curies":[{"name":"wp","href":"https:\/\/api.w.org\/{rel}","templated":true}]}}