{"id":4608,"date":"2025-08-18T07:08:30","date_gmt":"2025-08-18T05:08:30","guid":{"rendered":"https:\/\/mills-nutrients.com\/aviso-legal\/"},"modified":"2025-11-20T09:43:45","modified_gmt":"2025-11-20T08:43:45","slug":"aviso-legal","status":"publish","type":"page","link":"https:\/\/mills-nutrients.com\/es\/aviso-legal\/","title":{"rendered":"Aviso legal"},"content":{"rendered":"\t\t<div data-elementor-type=\"wp-page\" data-elementor-id=\"4608\" class=\"elementor elementor-4608 elementor-1977\" data-elementor-post-type=\"page\">\n\t\t\t\t<div class=\"elementor-element elementor-element-c655ea9 e-flex e-con-boxed e-con e-parent\" data-id=\"c655ea9\" data-element_type=\"container\" data-e-type=\"container\">\n\t\t\t\t\t<div class=\"e-con-inner\">\n\t\t\t\t<div class=\"elementor-element elementor-element-ee8993a elementor-widget elementor-widget-heading\" data-id=\"ee8993a\" data-element_type=\"widget\" data-e-type=\"widget\" data-widget_type=\"heading.default\">\n\t\t\t\t<div class=\"elementor-widget-container\">\n\t\t\t\t\t<h1 class=\"elementor-heading-title elementor-size-default\">Aviso legal <span style=\"color: #f05121\">.<\/span>\n<\/h1>\t\t\t\t<\/div>\n\t\t\t\t<\/div>\n\t\t\t\t<div class=\"elementor-element elementor-element-77be6a1 elementor-widget elementor-widget-text-editor\" data-id=\"77be6a1\" data-element_type=\"widget\" data-e-type=\"widget\" data-widget_type=\"text-editor.default\">\n\t\t\t\t<div class=\"elementor-widget-container\">\n\t\t\t\t\t\t\t\t\t<p>Cl\u00e1usula 1: El comprador no pondr\u00e1 a disposici\u00f3n, entregar\u00e1, preparar\u00e1, manipular\u00e1, procesar\u00e1, ofrecer\u00e1 a la venta, vender\u00e1, proporcionar\u00e1, transportar\u00e1, fabricar\u00e1 ni tendr\u00e1 en su poder los nutrientes para plantas que Mills Nutrients &amp; Substrates deba suministrar, si sabe o tiene motivos fundados para sospechar que est\u00e1n destinados a la comisi\u00f3n de alguno de los delitos tipificados en el art\u00edculo 11 bis en relaci\u00f3n con el art\u00edculo 11, apartados tercero y quinto, de la Ley del Opio, as\u00ed como en el art\u00edculo 1, apartado 2, de la Ordenanza de la Ley del Opio, a saber, en beneficio del cultivo de c\u00e1\u00f1amo profesional o a gran escala, tal como se contempla en estos art\u00edculos.<\/p><p>Cl\u00e1usula 2: El comprador es consciente de que el hecho de ofrecer a la venta, vender, entregar o poner a disposici\u00f3n de otro comprador los nutrientes para plantas suministrados por Mills Nutrients &amp; Substrates, que sea culpable del cultivo de c\u00e1\u00f1amo profesional o a gran escala mencionado anteriormente, o de facilitarlo, puede dar lugar a que Mills Nutrients &amp; Substrates sea sospechosa de haber cometido un delito en el sentido del art\u00edculo 11 bis. art\u00edculo 11, apartado 3 y apartado 5, de la Ley del Opio.<\/p><p>Cl\u00e1usula 3: En el marco de la obligaci\u00f3n de diligencia tanto de Mills Nutrients &amp; Substrates como del comprador de los nutrientes para plantas suministrados por Mills Nutrients &amp; Substrates para evitar que Mills Nutrients &amp; Substrates sea culpable de infringir el art\u00edculo 11 bis de la Ley del Opio, el comprador declara, al realizar su pedido a Mills Nutrients &amp; Substrates, que los nutrientes para plantas que ha pedido no est\u00e1n destinados a ser utilizados, puestos a disposici\u00f3n, entregados, preparados, manipulados, procesados, ofrecidos a la venta, vendidos, proporcionados o transportados en beneficio de o en relaci\u00f3n con el cultivo de c\u00e1\u00f1amo profesional o a gran escala.<\/p><p>Cl\u00e1usula 4: Si el comprador tiene conocimiento de que los nutrientes para plantas que ha comprado o que se le han suministrado van a ser utilizados en el cultivo de c\u00e1\u00f1amo profesional o a gran escala al que se refiere este aviso legal, se compromete, mediante la compra y la aceptaci\u00f3n de los nutrientes para plantas de Mills Nutrients &amp; Substrates, a comunicar inmediatamente este hecho a Mills Nutrients &amp; Substrates.<\/p><p>Cl\u00e1usula 5: Si el comprador act\u00faa en contra de lo estipulado en este aviso legal, Mills Nutrients &amp; Substrates rescindir\u00e1 inmediatamente el contrato de compraventa y no proceder\u00e1 a la entrega. En ese caso, se pondr\u00e1 fin de inmediato a todos los contactos comerciales con el comprador en cuesti\u00f3n. En ese caso, Mills Nutrients &amp; Substrates tendr\u00e1 derecho a reclamar al comprador todos los da\u00f1os y perjuicios, incluido el lucro cesante. En ese caso, el comprador no tendr\u00e1 derecho a indemnizaci\u00f3n alguna.<\/p><p>Cl\u00e1usula 6: Si el comprador ofrece a la venta, vende, entrega o pone a disposici\u00f3n los nutrientes para plantas que se van a pedir a Mills Nutrients &amp; Substrates en contra de este aviso legal y\/o de la legislaci\u00f3n neerlandesa sobre la Ley del Opio en relaci\u00f3n con los nutrientes para plantas y\/o los productos de cannabis en beneficio del cultivo de c\u00e1\u00f1amo profesional o a gran escala, ser\u00e1 responsable de todos los da\u00f1os y perjuicios que Mills Nutrients &amp; Substrates sufra como consecuencia de cualquier investigaci\u00f3n penal y\/o enjuiciamiento penal, as\u00ed como como consecuencia de las posibles medidas de derecho administrativo que se exijan contra Mills Nutrients &amp; Substrates y\/o sus empleados.<\/p><p>Cl\u00e1usula 7: Por da\u00f1os y perjuicios se entender\u00e1n todos los da\u00f1os y perjuicios directos o indirectos, materiales e inmateriales, los da\u00f1os comerciales, los da\u00f1os consecuenciales y otros tipos de da\u00f1os que Mills Nutrients &amp; Substrates sufra como consecuencia de la investigaci\u00f3n penal y\/o el enjuiciamiento penal y\/o las medidas de derecho administrativo. Estos da\u00f1os y perjuicios incluyen tambi\u00e9n, entre otros, la p\u00e9rdida de beneficios, los costes de asistencia jur\u00eddica y otros tipos de asesoramiento, los da\u00f1os a la reputaci\u00f3n, la p\u00e9rdida de bienes, los da\u00f1os materiales e inmateriales.<\/p>\t\t\t\t\t\t\t\t<\/div>\n\t\t\t\t<\/div>\n\t\t\t\t\t<\/div>\n\t\t\t\t<\/div>\n\t\t\t\t<\/div>\n\t\t","protected":false},"excerpt":{"rendered":"<p>Aviso legal . Cl\u00e1usula 1: El comprador no pondr\u00e1 a disposici\u00f3n, entregar\u00e1, preparar\u00e1, manipular\u00e1, procesar\u00e1, ofrecer\u00e1 a la venta, vender\u00e1, proporcionar\u00e1, transportar\u00e1, fabricar\u00e1 ni tendr\u00e1 en su poder los nutrientes para plantas que Mills Nutrients &amp; Substrates deba suministrar, si sabe o tiene motivos fundados para sospechar que est\u00e1n destinados a la comisi\u00f3n de alguno [&hellip;]<\/p>\n","protected":false},"author":6,"featured_media":0,"parent":0,"menu_order":15,"comment_status":"closed","ping_status":"closed","template":"elementor_header_footer","meta":{"_acf_changed":false,"footnotes":""},"class_list":["post-4608","page","type-page","status-publish","hentry"],"acf":[],"yoast_head":"<!-- This site is optimized with the Yoast SEO plugin v27.3 - https:\/\/yoast.com\/product\/yoast-seo-wordpress\/ -->\n<title>Aviso legal - Mills<\/title>\n<meta name=\"robots\" content=\"index, follow, max-snippet:-1, max-image-preview:large, max-video-preview:-1\" \/>\n<link rel=\"canonical\" href=\"https:\/\/mills-nutrients.com\/es\/aviso-legal\/\" \/>\n<meta property=\"og:locale\" content=\"es_ES\" \/>\n<meta property=\"og:type\" content=\"article\" \/>\n<meta property=\"og:title\" content=\"Aviso legal - Mills\" \/>\n<meta property=\"og:description\" content=\"Aviso legal . Cl\u00e1usula 1: El comprador no pondr\u00e1 a disposici\u00f3n, entregar\u00e1, preparar\u00e1, manipular\u00e1, procesar\u00e1, ofrecer\u00e1 a la venta, vender\u00e1, proporcionar\u00e1, transportar\u00e1, fabricar\u00e1 ni tendr\u00e1 en su poder los nutrientes para plantas que Mills Nutrients &amp; Substrates deba suministrar, si sabe o tiene motivos fundados para sospechar que est\u00e1n destinados a la comisi\u00f3n de alguno [&hellip;]\" \/>\n<meta property=\"og:url\" content=\"https:\/\/mills-nutrients.com\/es\/aviso-legal\/\" \/>\n<meta property=\"og:site_name\" content=\"Mills\" \/>\n<meta property=\"article:modified_time\" content=\"2025-11-20T08:43:45+00:00\" \/>\n<meta name=\"twitter:card\" content=\"summary_large_image\" \/>\n<meta name=\"twitter:label1\" content=\"Tiempo de lectura\" \/>\n\t<meta name=\"twitter:data1\" content=\"4 minutos\" \/>\n<script type=\"application\/ld+json\" class=\"yoast-schema-graph\">{\"@context\":\"https:\\\/\\\/schema.org\",\"@graph\":[{\"@type\":\"WebPage\",\"@id\":\"https:\\\/\\\/mills-nutrients.com\\\/es\\\/aviso-legal\\\/\",\"url\":\"https:\\\/\\\/mills-nutrients.com\\\/es\\\/aviso-legal\\\/\",\"name\":\"Aviso legal - Mills\",\"isPartOf\":{\"@id\":\"https:\\\/\\\/mills-nutrients.com\\\/es\\\/#website\"},\"datePublished\":\"2025-08-18T05:08:30+00:00\",\"dateModified\":\"2025-11-20T08:43:45+00:00\",\"breadcrumb\":{\"@id\":\"https:\\\/\\\/mills-nutrients.com\\\/es\\\/aviso-legal\\\/#breadcrumb\"},\"inLanguage\":\"es\",\"potentialAction\":[{\"@type\":\"ReadAction\",\"target\":[\"https:\\\/\\\/mills-nutrients.com\\\/es\\\/aviso-legal\\\/\"]}]},{\"@type\":\"BreadcrumbList\",\"@id\":\"https:\\\/\\\/mills-nutrients.com\\\/es\\\/aviso-legal\\\/#breadcrumb\",\"itemListElement\":[{\"@type\":\"ListItem\",\"position\":1,\"name\":\"Home\",\"item\":\"https:\\\/\\\/mills-nutrients.com\\\/es\\\/\"},{\"@type\":\"ListItem\",\"position\":2,\"name\":\"Aviso legal\"}]},{\"@type\":\"WebSite\",\"@id\":\"https:\\\/\\\/mills-nutrients.com\\\/es\\\/#website\",\"url\":\"https:\\\/\\\/mills-nutrients.com\\\/es\\\/\",\"name\":\"Mills\",\"description\":\"\",\"publisher\":{\"@id\":\"https:\\\/\\\/mills-nutrients.com\\\/es\\\/#organization\"},\"potentialAction\":[{\"@type\":\"SearchAction\",\"target\":{\"@type\":\"EntryPoint\",\"urlTemplate\":\"https:\\\/\\\/mills-nutrients.com\\\/es\\\/?s={search_term_string}\"},\"query-input\":{\"@type\":\"PropertyValueSpecification\",\"valueRequired\":true,\"valueName\":\"search_term_string\"}}],\"inLanguage\":\"es\"},{\"@type\":\"Organization\",\"@id\":\"https:\\\/\\\/mills-nutrients.com\\\/es\\\/#organization\",\"name\":\"Mills\",\"url\":\"https:\\\/\\\/mills-nutrients.com\\\/es\\\/\",\"logo\":{\"@type\":\"ImageObject\",\"inLanguage\":\"es\",\"@id\":\"https:\\\/\\\/mills-nutrients.com\\\/es\\\/#\\\/schema\\\/logo\\\/image\\\/\",\"url\":\"https:\\\/\\\/mills-nutrients.com\\\/wp-content\\\/uploads\\\/2025\\\/08\\\/favicon-2-1.png\",\"contentUrl\":\"https:\\\/\\\/mills-nutrients.com\\\/wp-content\\\/uploads\\\/2025\\\/08\\\/favicon-2-1.png\",\"width\":48,\"height\":48,\"caption\":\"Mills\"},\"image\":{\"@id\":\"https:\\\/\\\/mills-nutrients.com\\\/es\\\/#\\\/schema\\\/logo\\\/image\\\/\"}}]}<\/script>\n<!-- \/ Yoast SEO plugin. -->","yoast_head_json":{"title":"Aviso legal - Mills","robots":{"index":"index","follow":"follow","max-snippet":"max-snippet:-1","max-image-preview":"max-image-preview:large","max-video-preview":"max-video-preview:-1"},"canonical":"https:\/\/mills-nutrients.com\/es\/aviso-legal\/","og_locale":"es_ES","og_type":"article","og_title":"Aviso legal - Mills","og_description":"Aviso legal . Cl\u00e1usula 1: El comprador no pondr\u00e1 a disposici\u00f3n, entregar\u00e1, preparar\u00e1, manipular\u00e1, procesar\u00e1, ofrecer\u00e1 a la venta, vender\u00e1, proporcionar\u00e1, transportar\u00e1, fabricar\u00e1 ni tendr\u00e1 en su poder los nutrientes para plantas que Mills Nutrients &amp; Substrates deba suministrar, si sabe o tiene motivos fundados para sospechar que est\u00e1n destinados a la comisi\u00f3n de alguno [&hellip;]","og_url":"https:\/\/mills-nutrients.com\/es\/aviso-legal\/","og_site_name":"Mills","article_modified_time":"2025-11-20T08:43:45+00:00","twitter_card":"summary_large_image","twitter_misc":{"Tiempo de lectura":"4 minutos"},"schema":{"@context":"https:\/\/schema.org","@graph":[{"@type":"WebPage","@id":"https:\/\/mills-nutrients.com\/es\/aviso-legal\/","url":"https:\/\/mills-nutrients.com\/es\/aviso-legal\/","name":"Aviso legal - Mills","isPartOf":{"@id":"https:\/\/mills-nutrients.com\/es\/#website"},"datePublished":"2025-08-18T05:08:30+00:00","dateModified":"2025-11-20T08:43:45+00:00","breadcrumb":{"@id":"https:\/\/mills-nutrients.com\/es\/aviso-legal\/#breadcrumb"},"inLanguage":"es","potentialAction":[{"@type":"ReadAction","target":["https:\/\/mills-nutrients.com\/es\/aviso-legal\/"]}]},{"@type":"BreadcrumbList","@id":"https:\/\/mills-nutrients.com\/es\/aviso-legal\/#breadcrumb","itemListElement":[{"@type":"ListItem","position":1,"name":"Home","item":"https:\/\/mills-nutrients.com\/es\/"},{"@type":"ListItem","position":2,"name":"Aviso legal"}]},{"@type":"WebSite","@id":"https:\/\/mills-nutrients.com\/es\/#website","url":"https:\/\/mills-nutrients.com\/es\/","name":"Mills","description":"","publisher":{"@id":"https:\/\/mills-nutrients.com\/es\/#organization"},"potentialAction":[{"@type":"SearchAction","target":{"@type":"EntryPoint","urlTemplate":"https:\/\/mills-nutrients.com\/es\/?s={search_term_string}"},"query-input":{"@type":"PropertyValueSpecification","valueRequired":true,"valueName":"search_term_string"}}],"inLanguage":"es"},{"@type":"Organization","@id":"https:\/\/mills-nutrients.com\/es\/#organization","name":"Mills","url":"https:\/\/mills-nutrients.com\/es\/","logo":{"@type":"ImageObject","inLanguage":"es","@id":"https:\/\/mills-nutrients.com\/es\/#\/schema\/logo\/image\/","url":"https:\/\/mills-nutrients.com\/wp-content\/uploads\/2025\/08\/favicon-2-1.png","contentUrl":"https:\/\/mills-nutrients.com\/wp-content\/uploads\/2025\/08\/favicon-2-1.png","width":48,"height":48,"caption":"Mills"},"image":{"@id":"https:\/\/mills-nutrients.com\/es\/#\/schema\/logo\/image\/"}}]}},"_links":{"self":[{"href":"https:\/\/mills-nutrients.com\/es\/wp-json\/wp\/v2\/pages\/4608","targetHints":{"allow":["GET"]}}],"collection":[{"href":"https:\/\/mills-nutrients.com\/es\/wp-json\/wp\/v2\/pages"}],"about":[{"href":"https:\/\/mills-nutrients.com\/es\/wp-json\/wp\/v2\/types\/page"}],"author":[{"embeddable":true,"href":"https:\/\/mills-nutrients.com\/es\/wp-json\/wp\/v2\/users\/6"}],"replies":[{"embeddable":true,"href":"https:\/\/mills-nutrients.com\/es\/wp-json\/wp\/v2\/comments?post=4608"}],"version-history":[{"count":2,"href":"https:\/\/mills-nutrients.com\/es\/wp-json\/wp\/v2\/pages\/4608\/revisions"}],"predecessor-version":[{"id":4610,"href":"https:\/\/mills-nutrients.com\/es\/wp-json\/wp\/v2\/pages\/4608\/revisions\/4610"}],"wp:attachment":[{"href":"https:\/\/mills-nutrients.com\/es\/wp-json\/wp\/v2\/media?parent=4608"}],"curies":[{"name":"wp","href":"https:\/\/api.w.org\/{rel}","templated":true}]}}