{"id":6363,"date":"2026-03-16T19:16:28","date_gmt":"2026-03-16T18:16:28","guid":{"rendered":"https:\/\/mills-nutrients.com\/product\/solid-ignite\/"},"modified":"2026-03-16T19:42:36","modified_gmt":"2026-03-16T18:42:36","slug":"solid-ignite","status":"publish","type":"product","link":"https:\/\/mills-nutrients.com\/de\/product\/solid-ignite\/","title":{"rendered":"Solid Ignite"},"content":{"rendered":"\n<p>Solid Ignite \u2013 Turbolade deine Bl\u00fcte. Entfalte das volle genetische Potenzial. Mills Solid Ignite ist ein kraftvoller, pr\u00e4zise entwickelter Bl\u00fctestimulator, der die Bl\u00fctenbildung beschleunigt und den Ertrag dramatisch steigert. Mit einer Mischung aus Zuckern, Vitaminen und Zusatzstoffen liefert Ignite den metabolischen Schub, den Pflanzen brauchen, um ihre nat\u00fcrlichen Grenzen zu \u00fcberschreiten.   <\/p>\n\n<p><strong>Nur f\u00fcr lizenzierte Produzenten<\/strong><\/p>\n","protected":false},"excerpt":{"rendered":"<p>Steigere deine Bl\u00fcte. Entfalte das volle Potenzial deiner Pflanze. <\/p>\n","protected":false},"featured_media":6362,"template":"","meta":{"_acf_changed":false},"categories":[144],"class_list":["post-6363","product","type-product","status-publish","has-post-thumbnail","hentry","category-feststoffe"],"acf":[],"yoast_head":"<!-- This site is optimized with the Yoast SEO plugin v27.3 - https:\/\/yoast.com\/product\/yoast-seo-wordpress\/ -->\n<title>Mills Solids Ignite f\u00fcr lizenzierte Produzenten<\/title>\n<meta name=\"description\" content=\"Mills Solids Ignite ist ein konzentrierter Bl\u00fctebeschleuniger f\u00fcr lizenzierte Produzenten. Wird ab Woche 3 der Bl\u00fctephase eingesetzt.\" \/>\n<meta name=\"robots\" content=\"index, follow, max-snippet:-1, max-image-preview:large, max-video-preview:-1\" \/>\n<link rel=\"canonical\" href=\"https:\/\/mills-nutrients.com\/de\/product\/solid-ignite\/\" \/>\n<meta property=\"og:locale\" content=\"de_DE\" \/>\n<meta property=\"og:type\" content=\"article\" \/>\n<meta property=\"og:title\" content=\"Mills Solids Ignite f\u00fcr lizenzierte Produzenten\" \/>\n<meta property=\"og:description\" content=\"Mills Solids Ignite ist ein konzentrierter Bl\u00fctebeschleuniger f\u00fcr lizenzierte Produzenten. Wird ab Woche 3 der Bl\u00fctephase eingesetzt.\" \/>\n<meta property=\"og:url\" content=\"https:\/\/mills-nutrients.com\/de\/product\/solid-ignite\/\" \/>\n<meta property=\"og:site_name\" content=\"Mills\" \/>\n<meta property=\"article:modified_time\" content=\"2026-03-16T18:42:36+00:00\" \/>\n<meta name=\"twitter:card\" content=\"summary_large_image\" \/>\n<script type=\"application\/ld+json\" class=\"yoast-schema-graph\">{\"@context\":\"https:\\\/\\\/schema.org\",\"@graph\":[{\"@type\":\"WebPage\",\"@id\":\"https:\\\/\\\/mills-nutrients.com\\\/de\\\/product\\\/solid-ignite\\\/\",\"url\":\"https:\\\/\\\/mills-nutrients.com\\\/de\\\/product\\\/solid-ignite\\\/\",\"name\":\"Mills Solids Ignite f\u00fcr lizenzierte Produzenten\",\"isPartOf\":{\"@id\":\"https:\\\/\\\/mills-nutrients.com\\\/de\\\/#website\"},\"primaryImageOfPage\":{\"@id\":\"https:\\\/\\\/mills-nutrients.com\\\/de\\\/product\\\/solid-ignite\\\/#primaryimage\"},\"image\":{\"@id\":\"https:\\\/\\\/mills-nutrients.com\\\/de\\\/product\\\/solid-ignite\\\/#primaryimage\"},\"thumbnailUrl\":\"https:\\\/\\\/mills-nutrients.com\\\/wp-content\\\/uploads\\\/2026\\\/02\\\/Solid-Ignite.avif\",\"datePublished\":\"2026-03-16T18:16:28+00:00\",\"dateModified\":\"2026-03-16T18:42:36+00:00\",\"description\":\"Mills Solids Ignite ist ein konzentrierter Bl\u00fctebeschleuniger f\u00fcr lizenzierte Produzenten. Wird ab Woche 3 der Bl\u00fctephase eingesetzt.\",\"breadcrumb\":{\"@id\":\"https:\\\/\\\/mills-nutrients.com\\\/de\\\/product\\\/solid-ignite\\\/#breadcrumb\"},\"inLanguage\":\"de\",\"potentialAction\":[{\"@type\":\"ReadAction\",\"target\":[\"https:\\\/\\\/mills-nutrients.com\\\/de\\\/product\\\/solid-ignite\\\/\"]}]},{\"@type\":\"ImageObject\",\"inLanguage\":\"de\",\"@id\":\"https:\\\/\\\/mills-nutrients.com\\\/de\\\/product\\\/solid-ignite\\\/#primaryimage\",\"url\":\"https:\\\/\\\/mills-nutrients.com\\\/wp-content\\\/uploads\\\/2026\\\/02\\\/Solid-Ignite.avif\",\"contentUrl\":\"https:\\\/\\\/mills-nutrients.com\\\/wp-content\\\/uploads\\\/2026\\\/02\\\/Solid-Ignite.avif\",\"width\":1250,\"height\":1250,\"caption\":\"Mills Solids Ignite Bl\u00fctebeschleuniger-Produktbild f\u00fcr lizenzierte Produzenten, wird ab Woche 3 der Bl\u00fctephase eingesetzt und in Mikrodosen verwendet.\"},{\"@type\":\"BreadcrumbList\",\"@id\":\"https:\\\/\\\/mills-nutrients.com\\\/de\\\/product\\\/solid-ignite\\\/#breadcrumb\",\"itemListElement\":[{\"@type\":\"ListItem\",\"position\":1,\"name\":\"Home\",\"item\":\"https:\\\/\\\/mills-nutrients.com\\\/de\\\/\"},{\"@type\":\"ListItem\",\"position\":2,\"name\":\"Solid Ignite\"}]},{\"@type\":\"WebSite\",\"@id\":\"https:\\\/\\\/mills-nutrients.com\\\/de\\\/#website\",\"url\":\"https:\\\/\\\/mills-nutrients.com\\\/de\\\/\",\"name\":\"Mills\",\"description\":\"\",\"publisher\":{\"@id\":\"https:\\\/\\\/mills-nutrients.com\\\/de\\\/#organization\"},\"potentialAction\":[{\"@type\":\"SearchAction\",\"target\":{\"@type\":\"EntryPoint\",\"urlTemplate\":\"https:\\\/\\\/mills-nutrients.com\\\/de\\\/?s={search_term_string}\"},\"query-input\":{\"@type\":\"PropertyValueSpecification\",\"valueRequired\":true,\"valueName\":\"search_term_string\"}}],\"inLanguage\":\"de\"},{\"@type\":\"Organization\",\"@id\":\"https:\\\/\\\/mills-nutrients.com\\\/de\\\/#organization\",\"name\":\"Mills\",\"url\":\"https:\\\/\\\/mills-nutrients.com\\\/de\\\/\",\"logo\":{\"@type\":\"ImageObject\",\"inLanguage\":\"de\",\"@id\":\"https:\\\/\\\/mills-nutrients.com\\\/de\\\/#\\\/schema\\\/logo\\\/image\\\/\",\"url\":\"https:\\\/\\\/mills-nutrients.com\\\/wp-content\\\/uploads\\\/2025\\\/08\\\/favicon-2-1.png\",\"contentUrl\":\"https:\\\/\\\/mills-nutrients.com\\\/wp-content\\\/uploads\\\/2025\\\/08\\\/favicon-2-1.png\",\"width\":48,\"height\":48,\"caption\":\"Mills\"},\"image\":{\"@id\":\"https:\\\/\\\/mills-nutrients.com\\\/de\\\/#\\\/schema\\\/logo\\\/image\\\/\"}}]}<\/script>\n<!-- \/ Yoast SEO plugin. -->","yoast_head_json":{"title":"Mills Solids Ignite f\u00fcr lizenzierte Produzenten","description":"Mills Solids Ignite ist ein konzentrierter Bl\u00fctebeschleuniger f\u00fcr lizenzierte Produzenten. Wird ab Woche 3 der Bl\u00fctephase eingesetzt.","robots":{"index":"index","follow":"follow","max-snippet":"max-snippet:-1","max-image-preview":"max-image-preview:large","max-video-preview":"max-video-preview:-1"},"canonical":"https:\/\/mills-nutrients.com\/de\/product\/solid-ignite\/","og_locale":"de_DE","og_type":"article","og_title":"Mills Solids Ignite f\u00fcr lizenzierte Produzenten","og_description":"Mills Solids Ignite ist ein konzentrierter Bl\u00fctebeschleuniger f\u00fcr lizenzierte Produzenten. Wird ab Woche 3 der Bl\u00fctephase eingesetzt.","og_url":"https:\/\/mills-nutrients.com\/de\/product\/solid-ignite\/","og_site_name":"Mills","article_modified_time":"2026-03-16T18:42:36+00:00","twitter_card":"summary_large_image","schema":{"@context":"https:\/\/schema.org","@graph":[{"@type":"WebPage","@id":"https:\/\/mills-nutrients.com\/de\/product\/solid-ignite\/","url":"https:\/\/mills-nutrients.com\/de\/product\/solid-ignite\/","name":"Mills Solids Ignite f\u00fcr lizenzierte Produzenten","isPartOf":{"@id":"https:\/\/mills-nutrients.com\/de\/#website"},"primaryImageOfPage":{"@id":"https:\/\/mills-nutrients.com\/de\/product\/solid-ignite\/#primaryimage"},"image":{"@id":"https:\/\/mills-nutrients.com\/de\/product\/solid-ignite\/#primaryimage"},"thumbnailUrl":"https:\/\/mills-nutrients.com\/wp-content\/uploads\/2026\/02\/Solid-Ignite.avif","datePublished":"2026-03-16T18:16:28+00:00","dateModified":"2026-03-16T18:42:36+00:00","description":"Mills Solids Ignite ist ein konzentrierter Bl\u00fctebeschleuniger f\u00fcr lizenzierte Produzenten. Wird ab Woche 3 der Bl\u00fctephase eingesetzt.","breadcrumb":{"@id":"https:\/\/mills-nutrients.com\/de\/product\/solid-ignite\/#breadcrumb"},"inLanguage":"de","potentialAction":[{"@type":"ReadAction","target":["https:\/\/mills-nutrients.com\/de\/product\/solid-ignite\/"]}]},{"@type":"ImageObject","inLanguage":"de","@id":"https:\/\/mills-nutrients.com\/de\/product\/solid-ignite\/#primaryimage","url":"https:\/\/mills-nutrients.com\/wp-content\/uploads\/2026\/02\/Solid-Ignite.avif","contentUrl":"https:\/\/mills-nutrients.com\/wp-content\/uploads\/2026\/02\/Solid-Ignite.avif","width":1250,"height":1250,"caption":"Mills Solids Ignite Bl\u00fctebeschleuniger-Produktbild f\u00fcr lizenzierte Produzenten, wird ab Woche 3 der Bl\u00fctephase eingesetzt und in Mikrodosen verwendet."},{"@type":"BreadcrumbList","@id":"https:\/\/mills-nutrients.com\/de\/product\/solid-ignite\/#breadcrumb","itemListElement":[{"@type":"ListItem","position":1,"name":"Home","item":"https:\/\/mills-nutrients.com\/de\/"},{"@type":"ListItem","position":2,"name":"Solid Ignite"}]},{"@type":"WebSite","@id":"https:\/\/mills-nutrients.com\/de\/#website","url":"https:\/\/mills-nutrients.com\/de\/","name":"Mills","description":"","publisher":{"@id":"https:\/\/mills-nutrients.com\/de\/#organization"},"potentialAction":[{"@type":"SearchAction","target":{"@type":"EntryPoint","urlTemplate":"https:\/\/mills-nutrients.com\/de\/?s={search_term_string}"},"query-input":{"@type":"PropertyValueSpecification","valueRequired":true,"valueName":"search_term_string"}}],"inLanguage":"de"},{"@type":"Organization","@id":"https:\/\/mills-nutrients.com\/de\/#organization","name":"Mills","url":"https:\/\/mills-nutrients.com\/de\/","logo":{"@type":"ImageObject","inLanguage":"de","@id":"https:\/\/mills-nutrients.com\/de\/#\/schema\/logo\/image\/","url":"https:\/\/mills-nutrients.com\/wp-content\/uploads\/2025\/08\/favicon-2-1.png","contentUrl":"https:\/\/mills-nutrients.com\/wp-content\/uploads\/2025\/08\/favicon-2-1.png","width":48,"height":48,"caption":"Mills"},"image":{"@id":"https:\/\/mills-nutrients.com\/de\/#\/schema\/logo\/image\/"}}]}},"_links":{"self":[{"href":"https:\/\/mills-nutrients.com\/de\/wp-json\/wp\/v2\/product\/6363","targetHints":{"allow":["GET"]}}],"collection":[{"href":"https:\/\/mills-nutrients.com\/de\/wp-json\/wp\/v2\/product"}],"about":[{"href":"https:\/\/mills-nutrients.com\/de\/wp-json\/wp\/v2\/types\/product"}],"version-history":[{"count":1,"href":"https:\/\/mills-nutrients.com\/de\/wp-json\/wp\/v2\/product\/6363\/revisions"}],"predecessor-version":[{"id":6365,"href":"https:\/\/mills-nutrients.com\/de\/wp-json\/wp\/v2\/product\/6363\/revisions\/6365"}],"wp:featuredmedia":[{"embeddable":true,"href":"https:\/\/mills-nutrients.com\/de\/wp-json\/wp\/v2\/media\/6362"}],"wp:attachment":[{"href":"https:\/\/mills-nutrients.com\/de\/wp-json\/wp\/v2\/media?parent=6363"}],"wp:term":[{"taxonomy":"category","embeddable":true,"href":"https:\/\/mills-nutrients.com\/de\/wp-json\/wp\/v2\/categories?post=6363"}],"curies":[{"name":"wp","href":"https:\/\/api.w.org\/{rel}","templated":true}]}}