{"id":6355,"date":"2026-03-16T19:16:34","date_gmt":"2026-03-16T18:16:34","guid":{"rendered":"https:\/\/mills-nutrients.com\/product\/solid-basis-b\/"},"modified":"2026-03-16T19:41:22","modified_gmt":"2026-03-16T18:41:22","slug":"solid-basis-b","status":"publish","type":"product","link":"https:\/\/mills-nutrients.com\/de\/product\/solid-basis-b\/","title":{"rendered":"Solid Basis B"},"content":{"rendered":"\n<p>Solid Basis A&amp;B \u2013 Entwickelt f\u00fcr Pr\u00e4zision. Gebaut f\u00fcr Leistung. Mills Solid <a href=\"https:\/\/mills-nutrients.com\/de\/product\/basis-ab\/\">Basis A&amp;B<\/a> ist das N\u00e4hrstoffsystem der n\u00e4chsten Generation, das f\u00fcr konsistente, vorhersehbare und leistungsstarke Ergebnisse entwickelt wurde. Basierend auf erstklassigen Inhaltsstoffen und fortschrittlichen N\u00e4hrstoffverh\u00e4ltnissen gibt es deinen Pflanzen genau das, was sie brauchen \u2013 nicht mehr und nicht weniger \u2013 vom ersten Tag der Wachstumsphase bis zur letzten F\u00fctterung.   <\/p>\n\n<p><strong>Nur f\u00fcr lizenzierte Produzenten<\/strong><\/p>\n","protected":false},"excerpt":{"rendered":"<p>Das Fundament f\u00fcr konsistente, zuverl\u00e4ssige Ergebnisse.<\/p>\n","protected":false},"featured_media":6354,"template":"","meta":{"_acf_changed":false},"categories":[144],"class_list":["post-6355","product","type-product","status-publish","has-post-thumbnail","hentry","category-feststoffe"],"acf":[],"yoast_head":"<!-- This site is optimized with the Yoast SEO plugin v27.3 - https:\/\/yoast.com\/product\/yoast-seo-wordpress\/ -->\n<title>Mills Solids Solid Basis B f\u00fcr lizenzierte Produzenten<\/title>\n<meta name=\"description\" content=\"Solid Basis B vervollst\u00e4ndigt das Mills Solids Basissystem mit Phosphor, Kalium und chelatisierten Mikron\u00e4hrstoffen unter Verwendung von EDTA und EDDHA.\" \/>\n<meta name=\"robots\" content=\"index, follow, max-snippet:-1, max-image-preview:large, max-video-preview:-1\" \/>\n<link rel=\"canonical\" href=\"https:\/\/mills-nutrients.com\/de\/product\/solid-basis-b\/\" \/>\n<meta property=\"og:locale\" content=\"de_DE\" \/>\n<meta property=\"og:type\" content=\"article\" \/>\n<meta property=\"og:title\" content=\"Mills Solids Solid Basis B f\u00fcr lizenzierte Produzenten\" \/>\n<meta property=\"og:description\" content=\"Solid Basis B vervollst\u00e4ndigt das Mills Solids Basissystem mit Phosphor, Kalium und chelatisierten Mikron\u00e4hrstoffen unter Verwendung von EDTA und EDDHA.\" \/>\n<meta property=\"og:url\" content=\"https:\/\/mills-nutrients.com\/de\/product\/solid-basis-b\/\" \/>\n<meta property=\"og:site_name\" content=\"Mills\" \/>\n<meta property=\"article:modified_time\" content=\"2026-03-16T18:41:22+00:00\" \/>\n<meta name=\"twitter:card\" content=\"summary_large_image\" \/>\n<script type=\"application\/ld+json\" class=\"yoast-schema-graph\">{\"@context\":\"https:\\\/\\\/schema.org\",\"@graph\":[{\"@type\":\"WebPage\",\"@id\":\"https:\\\/\\\/mills-nutrients.com\\\/de\\\/product\\\/solid-basis-b\\\/\",\"url\":\"https:\\\/\\\/mills-nutrients.com\\\/de\\\/product\\\/solid-basis-b\\\/\",\"name\":\"Mills Solids Solid Basis B f\u00fcr lizenzierte Produzenten\",\"isPartOf\":{\"@id\":\"https:\\\/\\\/mills-nutrients.com\\\/de\\\/#website\"},\"primaryImageOfPage\":{\"@id\":\"https:\\\/\\\/mills-nutrients.com\\\/de\\\/product\\\/solid-basis-b\\\/#primaryimage\"},\"image\":{\"@id\":\"https:\\\/\\\/mills-nutrients.com\\\/de\\\/product\\\/solid-basis-b\\\/#primaryimage\"},\"thumbnailUrl\":\"https:\\\/\\\/mills-nutrients.com\\\/wp-content\\\/uploads\\\/2026\\\/02\\\/Solid-B.avif\",\"datePublished\":\"2026-03-16T18:16:34+00:00\",\"dateModified\":\"2026-03-16T18:41:22+00:00\",\"description\":\"Solid Basis B vervollst\u00e4ndigt das Mills Solids Basissystem mit Phosphor, Kalium und chelatisierten Mikron\u00e4hrstoffen unter Verwendung von EDTA und EDDHA.\",\"breadcrumb\":{\"@id\":\"https:\\\/\\\/mills-nutrients.com\\\/de\\\/product\\\/solid-basis-b\\\/#breadcrumb\"},\"inLanguage\":\"de\",\"potentialAction\":[{\"@type\":\"ReadAction\",\"target\":[\"https:\\\/\\\/mills-nutrients.com\\\/de\\\/product\\\/solid-basis-b\\\/\"]}]},{\"@type\":\"ImageObject\",\"inLanguage\":\"de\",\"@id\":\"https:\\\/\\\/mills-nutrients.com\\\/de\\\/product\\\/solid-basis-b\\\/#primaryimage\",\"url\":\"https:\\\/\\\/mills-nutrients.com\\\/wp-content\\\/uploads\\\/2026\\\/02\\\/Solid-B.avif\",\"contentUrl\":\"https:\\\/\\\/mills-nutrients.com\\\/wp-content\\\/uploads\\\/2026\\\/02\\\/Solid-B.avif\",\"width\":1250,\"height\":1250,\"caption\":\"Wei\u00dfer Eimer von Solids Basis B mit blauem Etikett, das Mills Solids Solid Basis B f\u00fcr lizenzierte Produzenten und den kommerziellen Anbau zeigt.\"},{\"@type\":\"BreadcrumbList\",\"@id\":\"https:\\\/\\\/mills-nutrients.com\\\/de\\\/product\\\/solid-basis-b\\\/#breadcrumb\",\"itemListElement\":[{\"@type\":\"ListItem\",\"position\":1,\"name\":\"Home\",\"item\":\"https:\\\/\\\/mills-nutrients.com\\\/de\\\/\"},{\"@type\":\"ListItem\",\"position\":2,\"name\":\"Solid Basis B\"}]},{\"@type\":\"WebSite\",\"@id\":\"https:\\\/\\\/mills-nutrients.com\\\/de\\\/#website\",\"url\":\"https:\\\/\\\/mills-nutrients.com\\\/de\\\/\",\"name\":\"Mills\",\"description\":\"\",\"publisher\":{\"@id\":\"https:\\\/\\\/mills-nutrients.com\\\/de\\\/#organization\"},\"potentialAction\":[{\"@type\":\"SearchAction\",\"target\":{\"@type\":\"EntryPoint\",\"urlTemplate\":\"https:\\\/\\\/mills-nutrients.com\\\/de\\\/?s={search_term_string}\"},\"query-input\":{\"@type\":\"PropertyValueSpecification\",\"valueRequired\":true,\"valueName\":\"search_term_string\"}}],\"inLanguage\":\"de\"},{\"@type\":\"Organization\",\"@id\":\"https:\\\/\\\/mills-nutrients.com\\\/de\\\/#organization\",\"name\":\"Mills\",\"url\":\"https:\\\/\\\/mills-nutrients.com\\\/de\\\/\",\"logo\":{\"@type\":\"ImageObject\",\"inLanguage\":\"de\",\"@id\":\"https:\\\/\\\/mills-nutrients.com\\\/de\\\/#\\\/schema\\\/logo\\\/image\\\/\",\"url\":\"https:\\\/\\\/mills-nutrients.com\\\/wp-content\\\/uploads\\\/2025\\\/08\\\/favicon-2-1.png\",\"contentUrl\":\"https:\\\/\\\/mills-nutrients.com\\\/wp-content\\\/uploads\\\/2025\\\/08\\\/favicon-2-1.png\",\"width\":48,\"height\":48,\"caption\":\"Mills\"},\"image\":{\"@id\":\"https:\\\/\\\/mills-nutrients.com\\\/de\\\/#\\\/schema\\\/logo\\\/image\\\/\"}}]}<\/script>\n<!-- \/ Yoast SEO plugin. -->","yoast_head_json":{"title":"Mills Solids Solid Basis B f\u00fcr lizenzierte Produzenten","description":"Solid Basis B vervollst\u00e4ndigt das Mills Solids Basissystem mit Phosphor, Kalium und chelatisierten Mikron\u00e4hrstoffen unter Verwendung von EDTA und EDDHA.","robots":{"index":"index","follow":"follow","max-snippet":"max-snippet:-1","max-image-preview":"max-image-preview:large","max-video-preview":"max-video-preview:-1"},"canonical":"https:\/\/mills-nutrients.com\/de\/product\/solid-basis-b\/","og_locale":"de_DE","og_type":"article","og_title":"Mills Solids Solid Basis B f\u00fcr lizenzierte Produzenten","og_description":"Solid Basis B vervollst\u00e4ndigt das Mills Solids Basissystem mit Phosphor, Kalium und chelatisierten Mikron\u00e4hrstoffen unter Verwendung von EDTA und EDDHA.","og_url":"https:\/\/mills-nutrients.com\/de\/product\/solid-basis-b\/","og_site_name":"Mills","article_modified_time":"2026-03-16T18:41:22+00:00","twitter_card":"summary_large_image","schema":{"@context":"https:\/\/schema.org","@graph":[{"@type":"WebPage","@id":"https:\/\/mills-nutrients.com\/de\/product\/solid-basis-b\/","url":"https:\/\/mills-nutrients.com\/de\/product\/solid-basis-b\/","name":"Mills Solids Solid Basis B f\u00fcr lizenzierte Produzenten","isPartOf":{"@id":"https:\/\/mills-nutrients.com\/de\/#website"},"primaryImageOfPage":{"@id":"https:\/\/mills-nutrients.com\/de\/product\/solid-basis-b\/#primaryimage"},"image":{"@id":"https:\/\/mills-nutrients.com\/de\/product\/solid-basis-b\/#primaryimage"},"thumbnailUrl":"https:\/\/mills-nutrients.com\/wp-content\/uploads\/2026\/02\/Solid-B.avif","datePublished":"2026-03-16T18:16:34+00:00","dateModified":"2026-03-16T18:41:22+00:00","description":"Solid Basis B vervollst\u00e4ndigt das Mills Solids Basissystem mit Phosphor, Kalium und chelatisierten Mikron\u00e4hrstoffen unter Verwendung von EDTA und EDDHA.","breadcrumb":{"@id":"https:\/\/mills-nutrients.com\/de\/product\/solid-basis-b\/#breadcrumb"},"inLanguage":"de","potentialAction":[{"@type":"ReadAction","target":["https:\/\/mills-nutrients.com\/de\/product\/solid-basis-b\/"]}]},{"@type":"ImageObject","inLanguage":"de","@id":"https:\/\/mills-nutrients.com\/de\/product\/solid-basis-b\/#primaryimage","url":"https:\/\/mills-nutrients.com\/wp-content\/uploads\/2026\/02\/Solid-B.avif","contentUrl":"https:\/\/mills-nutrients.com\/wp-content\/uploads\/2026\/02\/Solid-B.avif","width":1250,"height":1250,"caption":"Wei\u00dfer Eimer von Solids Basis B mit blauem Etikett, das Mills Solids Solid Basis B f\u00fcr lizenzierte Produzenten und den kommerziellen Anbau zeigt."},{"@type":"BreadcrumbList","@id":"https:\/\/mills-nutrients.com\/de\/product\/solid-basis-b\/#breadcrumb","itemListElement":[{"@type":"ListItem","position":1,"name":"Home","item":"https:\/\/mills-nutrients.com\/de\/"},{"@type":"ListItem","position":2,"name":"Solid Basis B"}]},{"@type":"WebSite","@id":"https:\/\/mills-nutrients.com\/de\/#website","url":"https:\/\/mills-nutrients.com\/de\/","name":"Mills","description":"","publisher":{"@id":"https:\/\/mills-nutrients.com\/de\/#organization"},"potentialAction":[{"@type":"SearchAction","target":{"@type":"EntryPoint","urlTemplate":"https:\/\/mills-nutrients.com\/de\/?s={search_term_string}"},"query-input":{"@type":"PropertyValueSpecification","valueRequired":true,"valueName":"search_term_string"}}],"inLanguage":"de"},{"@type":"Organization","@id":"https:\/\/mills-nutrients.com\/de\/#organization","name":"Mills","url":"https:\/\/mills-nutrients.com\/de\/","logo":{"@type":"ImageObject","inLanguage":"de","@id":"https:\/\/mills-nutrients.com\/de\/#\/schema\/logo\/image\/","url":"https:\/\/mills-nutrients.com\/wp-content\/uploads\/2025\/08\/favicon-2-1.png","contentUrl":"https:\/\/mills-nutrients.com\/wp-content\/uploads\/2025\/08\/favicon-2-1.png","width":48,"height":48,"caption":"Mills"},"image":{"@id":"https:\/\/mills-nutrients.com\/de\/#\/schema\/logo\/image\/"}}]}},"_links":{"self":[{"href":"https:\/\/mills-nutrients.com\/de\/wp-json\/wp\/v2\/product\/6355","targetHints":{"allow":["GET"]}}],"collection":[{"href":"https:\/\/mills-nutrients.com\/de\/wp-json\/wp\/v2\/product"}],"about":[{"href":"https:\/\/mills-nutrients.com\/de\/wp-json\/wp\/v2\/types\/product"}],"version-history":[{"count":1,"href":"https:\/\/mills-nutrients.com\/de\/wp-json\/wp\/v2\/product\/6355\/revisions"}],"predecessor-version":[{"id":6357,"href":"https:\/\/mills-nutrients.com\/de\/wp-json\/wp\/v2\/product\/6355\/revisions\/6357"}],"wp:featuredmedia":[{"embeddable":true,"href":"https:\/\/mills-nutrients.com\/de\/wp-json\/wp\/v2\/media\/6354"}],"wp:attachment":[{"href":"https:\/\/mills-nutrients.com\/de\/wp-json\/wp\/v2\/media?parent=6355"}],"wp:term":[{"taxonomy":"category","embeddable":true,"href":"https:\/\/mills-nutrients.com\/de\/wp-json\/wp\/v2\/categories?post=6355"}],"curies":[{"name":"wp","href":"https:\/\/api.w.org\/{rel}","templated":true}]}}