{"id":6347,"date":"2026-03-16T19:16:39","date_gmt":"2026-03-16T18:16:39","guid":{"rendered":"https:\/\/mills-nutrients.com\/product\/solid-basis-a\/"},"modified":"2026-03-26T08:50:20","modified_gmt":"2026-03-26T07:50:20","slug":"solid-basis-a","status":"publish","type":"product","link":"https:\/\/mills-nutrients.com\/de\/product\/solid-basis-a\/","title":{"rendered":"Solid Basis A"},"content":{"rendered":"<p>Mills Solid <a href=\"http:\/\/mills-nutrients.com\/product\/basis-ab\/\" target=\"_blank\" rel=\"noopener\">Basis A&amp;B<\/a> liefert eine vollst\u00e4ndige, ausgewogene Ern\u00e4hrung, um deine Pflanzen von Anfang bis Ende zu unterst\u00fctzen. Entwickelt mit hochwertigen Inhaltsstoffen und pr\u00e4zisen Formulierungen, bietet es die essenziellen Bausteine f\u00fcr kr\u00e4ftiges Wachstum und reiche Ertr\u00e4ge. <\/p>\n<p><strong>Nur f\u00fcr lizenzierte Produzenten<\/strong><\/p>\n\n<p><\/p>\n","protected":false},"excerpt":{"rendered":"<p>Das Fundament f\u00fcr konsistente, zuverl\u00e4ssige Ergebnisse.<\/p>\n","protected":false},"featured_media":6346,"template":"","meta":{"_acf_changed":false},"categories":[144],"class_list":["post-6347","product","type-product","status-publish","has-post-thumbnail","hentry","category-feststoffe"],"acf":[],"yoast_head":"<!-- This site is optimized with the Yoast SEO plugin v27.3 - https:\/\/yoast.com\/product\/yoast-seo-wordpress\/ -->\n<title>Mills Solids Basis A f\u00fcr lizenzierte Produzenten<\/title>\n<meta name=\"description\" content=\"Mills Solids wurde f\u00fcr lizenzierte Produzenten in kommerziellen Zuchtanlagen entwickelt. Solid Basis A und B sowie Solid Ignite ab Woche 3.\" \/>\n<meta name=\"robots\" content=\"index, follow, max-snippet:-1, max-image-preview:large, max-video-preview:-1\" \/>\n<link rel=\"canonical\" href=\"https:\/\/mills-nutrients.com\/de\/product\/solid-basis-a\/\" \/>\n<meta property=\"og:locale\" content=\"de_DE\" \/>\n<meta property=\"og:type\" content=\"article\" \/>\n<meta property=\"og:title\" content=\"Mills Solids Basis A f\u00fcr lizenzierte Produzenten\" \/>\n<meta property=\"og:description\" content=\"Mills Solids wurde f\u00fcr lizenzierte Produzenten in kommerziellen Zuchtanlagen entwickelt. Solid Basis A und B sowie Solid Ignite ab Woche 3.\" \/>\n<meta property=\"og:url\" content=\"https:\/\/mills-nutrients.com\/de\/product\/solid-basis-a\/\" \/>\n<meta property=\"og:site_name\" content=\"Mills\" \/>\n<meta property=\"article:modified_time\" content=\"2026-03-26T07:50:20+00:00\" \/>\n<meta name=\"twitter:card\" content=\"summary_large_image\" \/>\n<script type=\"application\/ld+json\" class=\"yoast-schema-graph\">{\"@context\":\"https:\\\/\\\/schema.org\",\"@graph\":[{\"@type\":\"WebPage\",\"@id\":\"https:\\\/\\\/mills-nutrients.com\\\/de\\\/product\\\/solid-basis-a\\\/\",\"url\":\"https:\\\/\\\/mills-nutrients.com\\\/de\\\/product\\\/solid-basis-a\\\/\",\"name\":\"Mills Solids Basis A f\u00fcr lizenzierte Produzenten\",\"isPartOf\":{\"@id\":\"https:\\\/\\\/mills-nutrients.com\\\/de\\\/#website\"},\"primaryImageOfPage\":{\"@id\":\"https:\\\/\\\/mills-nutrients.com\\\/de\\\/product\\\/solid-basis-a\\\/#primaryimage\"},\"image\":{\"@id\":\"https:\\\/\\\/mills-nutrients.com\\\/de\\\/product\\\/solid-basis-a\\\/#primaryimage\"},\"thumbnailUrl\":\"https:\\\/\\\/mills-nutrients.com\\\/wp-content\\\/uploads\\\/2026\\\/02\\\/Solid-A.avif\",\"datePublished\":\"2026-03-16T18:16:39+00:00\",\"dateModified\":\"2026-03-26T07:50:20+00:00\",\"description\":\"Mills Solids wurde f\u00fcr lizenzierte Produzenten in kommerziellen Zuchtanlagen entwickelt. Solid Basis A und B sowie Solid Ignite ab Woche 3.\",\"breadcrumb\":{\"@id\":\"https:\\\/\\\/mills-nutrients.com\\\/de\\\/product\\\/solid-basis-a\\\/#breadcrumb\"},\"inLanguage\":\"de\",\"potentialAction\":[{\"@type\":\"ReadAction\",\"target\":[\"https:\\\/\\\/mills-nutrients.com\\\/de\\\/product\\\/solid-basis-a\\\/\"]}]},{\"@type\":\"ImageObject\",\"inLanguage\":\"de\",\"@id\":\"https:\\\/\\\/mills-nutrients.com\\\/de\\\/product\\\/solid-basis-a\\\/#primaryimage\",\"url\":\"https:\\\/\\\/mills-nutrients.com\\\/wp-content\\\/uploads\\\/2026\\\/02\\\/Solid-A.avif\",\"contentUrl\":\"https:\\\/\\\/mills-nutrients.com\\\/wp-content\\\/uploads\\\/2026\\\/02\\\/Solid-A.avif\",\"width\":1250,\"height\":1250,\"caption\":\"Produkt-Packshot von Mills Solids Solid Basis A f\u00fcr lizenzierte Produzenten und den kommerziellen Anbau.\"},{\"@type\":\"BreadcrumbList\",\"@id\":\"https:\\\/\\\/mills-nutrients.com\\\/de\\\/product\\\/solid-basis-a\\\/#breadcrumb\",\"itemListElement\":[{\"@type\":\"ListItem\",\"position\":1,\"name\":\"Home\",\"item\":\"https:\\\/\\\/mills-nutrients.com\\\/de\\\/\"},{\"@type\":\"ListItem\",\"position\":2,\"name\":\"Solid Basis A\"}]},{\"@type\":\"WebSite\",\"@id\":\"https:\\\/\\\/mills-nutrients.com\\\/de\\\/#website\",\"url\":\"https:\\\/\\\/mills-nutrients.com\\\/de\\\/\",\"name\":\"Mills\",\"description\":\"\",\"publisher\":{\"@id\":\"https:\\\/\\\/mills-nutrients.com\\\/de\\\/#organization\"},\"potentialAction\":[{\"@type\":\"SearchAction\",\"target\":{\"@type\":\"EntryPoint\",\"urlTemplate\":\"https:\\\/\\\/mills-nutrients.com\\\/de\\\/?s={search_term_string}\"},\"query-input\":{\"@type\":\"PropertyValueSpecification\",\"valueRequired\":true,\"valueName\":\"search_term_string\"}}],\"inLanguage\":\"de\"},{\"@type\":\"Organization\",\"@id\":\"https:\\\/\\\/mills-nutrients.com\\\/de\\\/#organization\",\"name\":\"Mills\",\"url\":\"https:\\\/\\\/mills-nutrients.com\\\/de\\\/\",\"logo\":{\"@type\":\"ImageObject\",\"inLanguage\":\"de\",\"@id\":\"https:\\\/\\\/mills-nutrients.com\\\/de\\\/#\\\/schema\\\/logo\\\/image\\\/\",\"url\":\"https:\\\/\\\/mills-nutrients.com\\\/wp-content\\\/uploads\\\/2025\\\/08\\\/favicon-2-1.png\",\"contentUrl\":\"https:\\\/\\\/mills-nutrients.com\\\/wp-content\\\/uploads\\\/2025\\\/08\\\/favicon-2-1.png\",\"width\":48,\"height\":48,\"caption\":\"Mills\"},\"image\":{\"@id\":\"https:\\\/\\\/mills-nutrients.com\\\/de\\\/#\\\/schema\\\/logo\\\/image\\\/\"}}]}<\/script>\n<!-- \/ Yoast SEO plugin. -->","yoast_head_json":{"title":"Mills Solids Basis A f\u00fcr lizenzierte Produzenten","description":"Mills Solids wurde f\u00fcr lizenzierte Produzenten in kommerziellen Zuchtanlagen entwickelt. Solid Basis A und B sowie Solid Ignite ab Woche 3.","robots":{"index":"index","follow":"follow","max-snippet":"max-snippet:-1","max-image-preview":"max-image-preview:large","max-video-preview":"max-video-preview:-1"},"canonical":"https:\/\/mills-nutrients.com\/de\/product\/solid-basis-a\/","og_locale":"de_DE","og_type":"article","og_title":"Mills Solids Basis A f\u00fcr lizenzierte Produzenten","og_description":"Mills Solids wurde f\u00fcr lizenzierte Produzenten in kommerziellen Zuchtanlagen entwickelt. Solid Basis A und B sowie Solid Ignite ab Woche 3.","og_url":"https:\/\/mills-nutrients.com\/de\/product\/solid-basis-a\/","og_site_name":"Mills","article_modified_time":"2026-03-26T07:50:20+00:00","twitter_card":"summary_large_image","schema":{"@context":"https:\/\/schema.org","@graph":[{"@type":"WebPage","@id":"https:\/\/mills-nutrients.com\/de\/product\/solid-basis-a\/","url":"https:\/\/mills-nutrients.com\/de\/product\/solid-basis-a\/","name":"Mills Solids Basis A f\u00fcr lizenzierte Produzenten","isPartOf":{"@id":"https:\/\/mills-nutrients.com\/de\/#website"},"primaryImageOfPage":{"@id":"https:\/\/mills-nutrients.com\/de\/product\/solid-basis-a\/#primaryimage"},"image":{"@id":"https:\/\/mills-nutrients.com\/de\/product\/solid-basis-a\/#primaryimage"},"thumbnailUrl":"https:\/\/mills-nutrients.com\/wp-content\/uploads\/2026\/02\/Solid-A.avif","datePublished":"2026-03-16T18:16:39+00:00","dateModified":"2026-03-26T07:50:20+00:00","description":"Mills Solids wurde f\u00fcr lizenzierte Produzenten in kommerziellen Zuchtanlagen entwickelt. Solid Basis A und B sowie Solid Ignite ab Woche 3.","breadcrumb":{"@id":"https:\/\/mills-nutrients.com\/de\/product\/solid-basis-a\/#breadcrumb"},"inLanguage":"de","potentialAction":[{"@type":"ReadAction","target":["https:\/\/mills-nutrients.com\/de\/product\/solid-basis-a\/"]}]},{"@type":"ImageObject","inLanguage":"de","@id":"https:\/\/mills-nutrients.com\/de\/product\/solid-basis-a\/#primaryimage","url":"https:\/\/mills-nutrients.com\/wp-content\/uploads\/2026\/02\/Solid-A.avif","contentUrl":"https:\/\/mills-nutrients.com\/wp-content\/uploads\/2026\/02\/Solid-A.avif","width":1250,"height":1250,"caption":"Produkt-Packshot von Mills Solids Solid Basis A f\u00fcr lizenzierte Produzenten und den kommerziellen Anbau."},{"@type":"BreadcrumbList","@id":"https:\/\/mills-nutrients.com\/de\/product\/solid-basis-a\/#breadcrumb","itemListElement":[{"@type":"ListItem","position":1,"name":"Home","item":"https:\/\/mills-nutrients.com\/de\/"},{"@type":"ListItem","position":2,"name":"Solid Basis A"}]},{"@type":"WebSite","@id":"https:\/\/mills-nutrients.com\/de\/#website","url":"https:\/\/mills-nutrients.com\/de\/","name":"Mills","description":"","publisher":{"@id":"https:\/\/mills-nutrients.com\/de\/#organization"},"potentialAction":[{"@type":"SearchAction","target":{"@type":"EntryPoint","urlTemplate":"https:\/\/mills-nutrients.com\/de\/?s={search_term_string}"},"query-input":{"@type":"PropertyValueSpecification","valueRequired":true,"valueName":"search_term_string"}}],"inLanguage":"de"},{"@type":"Organization","@id":"https:\/\/mills-nutrients.com\/de\/#organization","name":"Mills","url":"https:\/\/mills-nutrients.com\/de\/","logo":{"@type":"ImageObject","inLanguage":"de","@id":"https:\/\/mills-nutrients.com\/de\/#\/schema\/logo\/image\/","url":"https:\/\/mills-nutrients.com\/wp-content\/uploads\/2025\/08\/favicon-2-1.png","contentUrl":"https:\/\/mills-nutrients.com\/wp-content\/uploads\/2025\/08\/favicon-2-1.png","width":48,"height":48,"caption":"Mills"},"image":{"@id":"https:\/\/mills-nutrients.com\/de\/#\/schema\/logo\/image\/"}}]}},"_links":{"self":[{"href":"https:\/\/mills-nutrients.com\/de\/wp-json\/wp\/v2\/product\/6347","targetHints":{"allow":["GET"]}}],"collection":[{"href":"https:\/\/mills-nutrients.com\/de\/wp-json\/wp\/v2\/product"}],"about":[{"href":"https:\/\/mills-nutrients.com\/de\/wp-json\/wp\/v2\/types\/product"}],"version-history":[{"count":3,"href":"https:\/\/mills-nutrients.com\/de\/wp-json\/wp\/v2\/product\/6347\/revisions"}],"predecessor-version":[{"id":6552,"href":"https:\/\/mills-nutrients.com\/de\/wp-json\/wp\/v2\/product\/6347\/revisions\/6552"}],"wp:featuredmedia":[{"embeddable":true,"href":"https:\/\/mills-nutrients.com\/de\/wp-json\/wp\/v2\/media\/6346"}],"wp:attachment":[{"href":"https:\/\/mills-nutrients.com\/de\/wp-json\/wp\/v2\/media?parent=6347"}],"wp:term":[{"taxonomy":"category","embeddable":true,"href":"https:\/\/mills-nutrients.com\/de\/wp-json\/wp\/v2\/categories?post=6347"}],"curies":[{"name":"wp","href":"https:\/\/api.w.org\/{rel}","templated":true}]}}