{"id":5070,"date":"2025-08-01T13:19:00","date_gmt":"2025-08-01T11:19:00","guid":{"rendered":"https:\/\/mills-nutrients.com\/product\/mills-vegan-all-mix\/"},"modified":"2026-01-05T06:03:54","modified_gmt":"2026-01-05T05:03:54","slug":"mills-vegan-all-mix","status":"publish","type":"product","link":"https:\/\/mills-nutrients.com\/de\/product\/mills-vegan-all-mix\/","title":{"rendered":"Mills Vegan All Mix"},"content":{"rendered":"\n<p>Mills Vegan All Mix ist unsere einzigartige vegane Rezeptur, die voller organischer G\u00fcte steckt und wohltuend f\u00fcr das Bodenleben ist. Diese feine Mischung aus wei\u00dfem und schwarzem Torf ist vollst\u00e4ndig mit ausreichend organischen und veganen N\u00e4hrstoffen f\u00fcr die ersten 4 Wachstumswochen ged\u00fcngt. <\/p>\n\n<p>Vegan All Mix ist voll von organisch und vegan gewonnenen Makro- und Mikron\u00e4hrstoffen. Unsere spezielle Mischung garantiert gesunde Pflanzen und kr\u00e4ftiges Wachstum. Der zugesetzte Bacillus sorgt daf\u00fcr, dass die N\u00e4hrstoffe zirkulieren und f\u00fcr eine maximale Aufnahme immer f\u00fcr die Pflanzen verf\u00fcgbar sind.  <\/p>\n","protected":false},"excerpt":{"rendered":"<p>Unsere einzigartige vegane Rezeptur steckt voller organischer G\u00fcte und ist wohltuend f\u00fcr das Bodenleben. Vollst\u00e4ndig ged\u00fcngt mit ausreichend organischen und veganen N\u00e4hrstoffen f\u00fcr die ersten 4 Wachstumswochen. <\/p>\n","protected":false},"featured_media":5044,"template":"","meta":{"_acf_changed":false},"categories":[101],"class_list":["post-5070","product","type-product","status-publish","has-post-thumbnail","hentry","category-mills-substrate-organisch"],"acf":[],"yoast_head":"<!-- This site is optimized with the Yoast SEO plugin v27.3 - https:\/\/yoast.com\/product\/yoast-seo-wordpress\/ -->\n<title>Mills Vegan All Mix - Mills<\/title>\n<meta name=\"description\" content=\"Mills Vegan All Mix ist eine n\u00e4hrstoffreiche, organische und 100 % vegane Erdmischung. Entwickelt, um die Bodenbiologie und ein gesundes Pflanzenwachstum zu f\u00f6rdern.\" \/>\n<meta name=\"robots\" content=\"index, follow, max-snippet:-1, max-image-preview:large, max-video-preview:-1\" \/>\n<link rel=\"canonical\" href=\"https:\/\/mills-nutrients.com\/de\/product\/mills-vegan-all-mix\/\" \/>\n<meta property=\"og:locale\" content=\"de_DE\" \/>\n<meta property=\"og:type\" content=\"article\" \/>\n<meta property=\"og:title\" content=\"Mills Vegan All Mix - Mills\" \/>\n<meta property=\"og:description\" content=\"Mills Vegan All Mix ist eine n\u00e4hrstoffreiche, organische und 100 % vegane Erdmischung. Entwickelt, um die Bodenbiologie und ein gesundes Pflanzenwachstum zu f\u00f6rdern.\" \/>\n<meta property=\"og:url\" content=\"https:\/\/mills-nutrients.com\/de\/product\/mills-vegan-all-mix\/\" \/>\n<meta property=\"og:site_name\" content=\"Mills\" \/>\n<meta property=\"article:modified_time\" content=\"2026-01-05T05:03:54+00:00\" \/>\n<meta property=\"og:image\" content=\"https:\/\/mills-nutrients.com\/wp-content\/uploads\/2025\/08\/mills-vegan-soil-l-440x440-1.png\" \/>\n\t<meta property=\"og:image:width\" content=\"440\" \/>\n\t<meta property=\"og:image:height\" content=\"440\" \/>\n\t<meta property=\"og:image:type\" content=\"image\/png\" \/>\n<meta name=\"twitter:card\" content=\"summary_large_image\" \/>\n<script type=\"application\/ld+json\" class=\"yoast-schema-graph\">{\"@context\":\"https:\\\/\\\/schema.org\",\"@graph\":[{\"@type\":\"WebPage\",\"@id\":\"https:\\\/\\\/mills-nutrients.com\\\/de\\\/product\\\/mills-vegan-all-mix\\\/\",\"url\":\"https:\\\/\\\/mills-nutrients.com\\\/de\\\/product\\\/mills-vegan-all-mix\\\/\",\"name\":\"Mills Vegan All Mix - Mills\",\"isPartOf\":{\"@id\":\"https:\\\/\\\/mills-nutrients.com\\\/de\\\/#website\"},\"primaryImageOfPage\":{\"@id\":\"https:\\\/\\\/mills-nutrients.com\\\/de\\\/product\\\/mills-vegan-all-mix\\\/#primaryimage\"},\"image\":{\"@id\":\"https:\\\/\\\/mills-nutrients.com\\\/de\\\/product\\\/mills-vegan-all-mix\\\/#primaryimage\"},\"thumbnailUrl\":\"https:\\\/\\\/mills-nutrients.com\\\/wp-content\\\/uploads\\\/2025\\\/08\\\/mills-vegan-soil-l-440x440-1.png\",\"datePublished\":\"2025-08-01T11:19:00+00:00\",\"dateModified\":\"2026-01-05T05:03:54+00:00\",\"description\":\"Mills Vegan All Mix ist eine n\u00e4hrstoffreiche, organische und 100 % vegane Erdmischung. Entwickelt, um die Bodenbiologie und ein gesundes Pflanzenwachstum zu f\u00f6rdern.\",\"breadcrumb\":{\"@id\":\"https:\\\/\\\/mills-nutrients.com\\\/de\\\/product\\\/mills-vegan-all-mix\\\/#breadcrumb\"},\"inLanguage\":\"de\",\"potentialAction\":[{\"@type\":\"ReadAction\",\"target\":[\"https:\\\/\\\/mills-nutrients.com\\\/de\\\/product\\\/mills-vegan-all-mix\\\/\"]}]},{\"@type\":\"ImageObject\",\"inLanguage\":\"de\",\"@id\":\"https:\\\/\\\/mills-nutrients.com\\\/de\\\/product\\\/mills-vegan-all-mix\\\/#primaryimage\",\"url\":\"https:\\\/\\\/mills-nutrients.com\\\/wp-content\\\/uploads\\\/2025\\\/08\\\/mills-vegan-soil-l-440x440-1.png\",\"contentUrl\":\"https:\\\/\\\/mills-nutrients.com\\\/wp-content\\\/uploads\\\/2025\\\/08\\\/mills-vegan-soil-l-440x440-1.png\",\"width\":440,\"height\":440},{\"@type\":\"BreadcrumbList\",\"@id\":\"https:\\\/\\\/mills-nutrients.com\\\/de\\\/product\\\/mills-vegan-all-mix\\\/#breadcrumb\",\"itemListElement\":[{\"@type\":\"ListItem\",\"position\":1,\"name\":\"Home\",\"item\":\"https:\\\/\\\/mills-nutrients.com\\\/de\\\/\"},{\"@type\":\"ListItem\",\"position\":2,\"name\":\"Mills Vegan All Mix\"}]},{\"@type\":\"WebSite\",\"@id\":\"https:\\\/\\\/mills-nutrients.com\\\/de\\\/#website\",\"url\":\"https:\\\/\\\/mills-nutrients.com\\\/de\\\/\",\"name\":\"Mills\",\"description\":\"\",\"publisher\":{\"@id\":\"https:\\\/\\\/mills-nutrients.com\\\/de\\\/#organization\"},\"potentialAction\":[{\"@type\":\"SearchAction\",\"target\":{\"@type\":\"EntryPoint\",\"urlTemplate\":\"https:\\\/\\\/mills-nutrients.com\\\/de\\\/?s={search_term_string}\"},\"query-input\":{\"@type\":\"PropertyValueSpecification\",\"valueRequired\":true,\"valueName\":\"search_term_string\"}}],\"inLanguage\":\"de\"},{\"@type\":\"Organization\",\"@id\":\"https:\\\/\\\/mills-nutrients.com\\\/de\\\/#organization\",\"name\":\"Mills\",\"url\":\"https:\\\/\\\/mills-nutrients.com\\\/de\\\/\",\"logo\":{\"@type\":\"ImageObject\",\"inLanguage\":\"de\",\"@id\":\"https:\\\/\\\/mills-nutrients.com\\\/de\\\/#\\\/schema\\\/logo\\\/image\\\/\",\"url\":\"https:\\\/\\\/mills-nutrients.com\\\/wp-content\\\/uploads\\\/2025\\\/08\\\/favicon-2-1.png\",\"contentUrl\":\"https:\\\/\\\/mills-nutrients.com\\\/wp-content\\\/uploads\\\/2025\\\/08\\\/favicon-2-1.png\",\"width\":48,\"height\":48,\"caption\":\"Mills\"},\"image\":{\"@id\":\"https:\\\/\\\/mills-nutrients.com\\\/de\\\/#\\\/schema\\\/logo\\\/image\\\/\"}}]}<\/script>\n<!-- \/ Yoast SEO plugin. -->","yoast_head_json":{"title":"Mills Vegan All Mix - Mills","description":"Mills Vegan All Mix ist eine n\u00e4hrstoffreiche, organische und 100 % vegane Erdmischung. Entwickelt, um die Bodenbiologie und ein gesundes Pflanzenwachstum zu f\u00f6rdern.","robots":{"index":"index","follow":"follow","max-snippet":"max-snippet:-1","max-image-preview":"max-image-preview:large","max-video-preview":"max-video-preview:-1"},"canonical":"https:\/\/mills-nutrients.com\/de\/product\/mills-vegan-all-mix\/","og_locale":"de_DE","og_type":"article","og_title":"Mills Vegan All Mix - Mills","og_description":"Mills Vegan All Mix ist eine n\u00e4hrstoffreiche, organische und 100 % vegane Erdmischung. Entwickelt, um die Bodenbiologie und ein gesundes Pflanzenwachstum zu f\u00f6rdern.","og_url":"https:\/\/mills-nutrients.com\/de\/product\/mills-vegan-all-mix\/","og_site_name":"Mills","article_modified_time":"2026-01-05T05:03:54+00:00","og_image":[{"width":440,"height":440,"url":"https:\/\/mills-nutrients.com\/wp-content\/uploads\/2025\/08\/mills-vegan-soil-l-440x440-1.png","type":"image\/png"}],"twitter_card":"summary_large_image","schema":{"@context":"https:\/\/schema.org","@graph":[{"@type":"WebPage","@id":"https:\/\/mills-nutrients.com\/de\/product\/mills-vegan-all-mix\/","url":"https:\/\/mills-nutrients.com\/de\/product\/mills-vegan-all-mix\/","name":"Mills Vegan All Mix - Mills","isPartOf":{"@id":"https:\/\/mills-nutrients.com\/de\/#website"},"primaryImageOfPage":{"@id":"https:\/\/mills-nutrients.com\/de\/product\/mills-vegan-all-mix\/#primaryimage"},"image":{"@id":"https:\/\/mills-nutrients.com\/de\/product\/mills-vegan-all-mix\/#primaryimage"},"thumbnailUrl":"https:\/\/mills-nutrients.com\/wp-content\/uploads\/2025\/08\/mills-vegan-soil-l-440x440-1.png","datePublished":"2025-08-01T11:19:00+00:00","dateModified":"2026-01-05T05:03:54+00:00","description":"Mills Vegan All Mix ist eine n\u00e4hrstoffreiche, organische und 100 % vegane Erdmischung. Entwickelt, um die Bodenbiologie und ein gesundes Pflanzenwachstum zu f\u00f6rdern.","breadcrumb":{"@id":"https:\/\/mills-nutrients.com\/de\/product\/mills-vegan-all-mix\/#breadcrumb"},"inLanguage":"de","potentialAction":[{"@type":"ReadAction","target":["https:\/\/mills-nutrients.com\/de\/product\/mills-vegan-all-mix\/"]}]},{"@type":"ImageObject","inLanguage":"de","@id":"https:\/\/mills-nutrients.com\/de\/product\/mills-vegan-all-mix\/#primaryimage","url":"https:\/\/mills-nutrients.com\/wp-content\/uploads\/2025\/08\/mills-vegan-soil-l-440x440-1.png","contentUrl":"https:\/\/mills-nutrients.com\/wp-content\/uploads\/2025\/08\/mills-vegan-soil-l-440x440-1.png","width":440,"height":440},{"@type":"BreadcrumbList","@id":"https:\/\/mills-nutrients.com\/de\/product\/mills-vegan-all-mix\/#breadcrumb","itemListElement":[{"@type":"ListItem","position":1,"name":"Home","item":"https:\/\/mills-nutrients.com\/de\/"},{"@type":"ListItem","position":2,"name":"Mills Vegan All Mix"}]},{"@type":"WebSite","@id":"https:\/\/mills-nutrients.com\/de\/#website","url":"https:\/\/mills-nutrients.com\/de\/","name":"Mills","description":"","publisher":{"@id":"https:\/\/mills-nutrients.com\/de\/#organization"},"potentialAction":[{"@type":"SearchAction","target":{"@type":"EntryPoint","urlTemplate":"https:\/\/mills-nutrients.com\/de\/?s={search_term_string}"},"query-input":{"@type":"PropertyValueSpecification","valueRequired":true,"valueName":"search_term_string"}}],"inLanguage":"de"},{"@type":"Organization","@id":"https:\/\/mills-nutrients.com\/de\/#organization","name":"Mills","url":"https:\/\/mills-nutrients.com\/de\/","logo":{"@type":"ImageObject","inLanguage":"de","@id":"https:\/\/mills-nutrients.com\/de\/#\/schema\/logo\/image\/","url":"https:\/\/mills-nutrients.com\/wp-content\/uploads\/2025\/08\/favicon-2-1.png","contentUrl":"https:\/\/mills-nutrients.com\/wp-content\/uploads\/2025\/08\/favicon-2-1.png","width":48,"height":48,"caption":"Mills"},"image":{"@id":"https:\/\/mills-nutrients.com\/de\/#\/schema\/logo\/image\/"}}]}},"_links":{"self":[{"href":"https:\/\/mills-nutrients.com\/de\/wp-json\/wp\/v2\/product\/5070","targetHints":{"allow":["GET"]}}],"collection":[{"href":"https:\/\/mills-nutrients.com\/de\/wp-json\/wp\/v2\/product"}],"about":[{"href":"https:\/\/mills-nutrients.com\/de\/wp-json\/wp\/v2\/types\/product"}],"version-history":[{"count":1,"href":"https:\/\/mills-nutrients.com\/de\/wp-json\/wp\/v2\/product\/5070\/revisions"}],"predecessor-version":[{"id":5071,"href":"https:\/\/mills-nutrients.com\/de\/wp-json\/wp\/v2\/product\/5070\/revisions\/5071"}],"wp:featuredmedia":[{"embeddable":true,"href":"https:\/\/mills-nutrients.com\/de\/wp-json\/wp\/v2\/media\/5044"}],"wp:attachment":[{"href":"https:\/\/mills-nutrients.com\/de\/wp-json\/wp\/v2\/media?parent=5070"}],"wp:term":[{"taxonomy":"category","embeddable":true,"href":"https:\/\/mills-nutrients.com\/de\/wp-json\/wp\/v2\/categories?post=5070"}],"curies":[{"name":"wp","href":"https:\/\/api.w.org\/{rel}","templated":true}]}}