{"id":5058,"date":"2025-08-02T13:19:00","date_gmt":"2025-08-02T11:19:00","guid":{"rendered":"https:\/\/mills-nutrients.com\/product\/mills-bio\/"},"modified":"2026-01-05T06:03:46","modified_gmt":"2026-01-05T05:03:46","slug":"mills-bio","status":"publish","type":"product","link":"https:\/\/mills-nutrients.com\/de\/product\/mills-bio\/","title":{"rendered":"Mills Bio"},"content":{"rendered":"\n<p>Mills Bio-Erde ist eine hervorragende Mischung f\u00fcr den umweltbewussten G\u00e4rtner. Mit einer Mischung aus Wei\u00df- und Schwarztorf ist Mills Bio-Erde ideal, wenn du maximale Qualit\u00e4t und Kontrolle \u00fcber deine N\u00e4hrstoffzufuhr suchst. Als unglaublich leichte und luftige Naturmischung ist sie ideal sowohl f\u00fcr die Anzucht als auch f\u00fcr den gesamten Wachstumszyklus mit der Mills Bio-N\u00e4hrstoffreihe.  <\/p>\n","protected":false},"excerpt":{"rendered":"<p>Die vollst\u00e4ndigste und am einfachsten zu verwendende Mischung aus organischen Mikro- und Makron\u00e4hrstoffen, die au\u00dfergew\u00f6hnliche Ergebnisse liefert.<\/p>\n","protected":false},"featured_media":5042,"template":"","meta":{"_acf_changed":false},"categories":[101],"class_list":["post-5058","product","type-product","status-publish","has-post-thumbnail","hentry","category-mills-substrate-organisch"],"acf":[],"yoast_head":"<!-- This site is optimized with the Yoast SEO plugin v27.3 - https:\/\/yoast.com\/product\/yoast-seo-wordpress\/ -->\n<title>Bio-Erde - Mills Bio- Mills<\/title>\n<meta name=\"description\" content=\"Mills Bio-Erde ist ein hochwertiges, vegan-zertifiziertes, OMRI-gelistetes Wachstumsmedium, das eine gesunde, chemiefreie Pflanzenentwicklung unterst\u00fctzt.\" \/>\n<meta name=\"robots\" content=\"index, follow, max-snippet:-1, max-image-preview:large, max-video-preview:-1\" \/>\n<link rel=\"canonical\" href=\"https:\/\/mills-nutrients.com\/de\/product\/mills-bio\/\" \/>\n<meta property=\"og:locale\" content=\"de_DE\" \/>\n<meta property=\"og:type\" content=\"article\" \/>\n<meta property=\"og:title\" content=\"Bio-Erde - Mills Bio- Mills\" \/>\n<meta property=\"og:description\" content=\"Mills Bio-Erde ist ein hochwertiges, vegan-zertifiziertes, OMRI-gelistetes Wachstumsmedium, das eine gesunde, chemiefreie Pflanzenentwicklung unterst\u00fctzt.\" \/>\n<meta property=\"og:url\" content=\"https:\/\/mills-nutrients.com\/de\/product\/mills-bio\/\" \/>\n<meta property=\"og:site_name\" content=\"Mills\" \/>\n<meta property=\"article:modified_time\" content=\"2026-01-05T05:03:46+00:00\" \/>\n<meta property=\"og:image\" content=\"https:\/\/mills-nutrients.com\/wp-content\/uploads\/2025\/08\/mills-organic-soil-l-440x440-1.png\" \/>\n\t<meta property=\"og:image:width\" content=\"440\" \/>\n\t<meta property=\"og:image:height\" content=\"440\" \/>\n\t<meta property=\"og:image:type\" content=\"image\/png\" \/>\n<meta name=\"twitter:card\" content=\"summary_large_image\" \/>\n<script type=\"application\/ld+json\" class=\"yoast-schema-graph\">{\"@context\":\"https:\\\/\\\/schema.org\",\"@graph\":[{\"@type\":\"WebPage\",\"@id\":\"https:\\\/\\\/mills-nutrients.com\\\/de\\\/product\\\/mills-bio\\\/\",\"url\":\"https:\\\/\\\/mills-nutrients.com\\\/de\\\/product\\\/mills-bio\\\/\",\"name\":\"Bio-Erde - Mills Bio- Mills\",\"isPartOf\":{\"@id\":\"https:\\\/\\\/mills-nutrients.com\\\/de\\\/#website\"},\"primaryImageOfPage\":{\"@id\":\"https:\\\/\\\/mills-nutrients.com\\\/de\\\/product\\\/mills-bio\\\/#primaryimage\"},\"image\":{\"@id\":\"https:\\\/\\\/mills-nutrients.com\\\/de\\\/product\\\/mills-bio\\\/#primaryimage\"},\"thumbnailUrl\":\"https:\\\/\\\/mills-nutrients.com\\\/wp-content\\\/uploads\\\/2025\\\/08\\\/mills-organic-soil-l-440x440-1.png\",\"datePublished\":\"2025-08-02T11:19:00+00:00\",\"dateModified\":\"2026-01-05T05:03:46+00:00\",\"description\":\"Mills Bio-Erde ist ein hochwertiges, vegan-zertifiziertes, OMRI-gelistetes Wachstumsmedium, das eine gesunde, chemiefreie Pflanzenentwicklung unterst\u00fctzt.\",\"breadcrumb\":{\"@id\":\"https:\\\/\\\/mills-nutrients.com\\\/de\\\/product\\\/mills-bio\\\/#breadcrumb\"},\"inLanguage\":\"de\",\"potentialAction\":[{\"@type\":\"ReadAction\",\"target\":[\"https:\\\/\\\/mills-nutrients.com\\\/de\\\/product\\\/mills-bio\\\/\"]}]},{\"@type\":\"ImageObject\",\"inLanguage\":\"de\",\"@id\":\"https:\\\/\\\/mills-nutrients.com\\\/de\\\/product\\\/mills-bio\\\/#primaryimage\",\"url\":\"https:\\\/\\\/mills-nutrients.com\\\/wp-content\\\/uploads\\\/2025\\\/08\\\/mills-organic-soil-l-440x440-1.png\",\"contentUrl\":\"https:\\\/\\\/mills-nutrients.com\\\/wp-content\\\/uploads\\\/2025\\\/08\\\/mills-organic-soil-l-440x440-1.png\",\"width\":440,\"height\":440},{\"@type\":\"BreadcrumbList\",\"@id\":\"https:\\\/\\\/mills-nutrients.com\\\/de\\\/product\\\/mills-bio\\\/#breadcrumb\",\"itemListElement\":[{\"@type\":\"ListItem\",\"position\":1,\"name\":\"Home\",\"item\":\"https:\\\/\\\/mills-nutrients.com\\\/de\\\/\"},{\"@type\":\"ListItem\",\"position\":2,\"name\":\"Mills Bio\"}]},{\"@type\":\"WebSite\",\"@id\":\"https:\\\/\\\/mills-nutrients.com\\\/de\\\/#website\",\"url\":\"https:\\\/\\\/mills-nutrients.com\\\/de\\\/\",\"name\":\"Mills\",\"description\":\"\",\"publisher\":{\"@id\":\"https:\\\/\\\/mills-nutrients.com\\\/de\\\/#organization\"},\"potentialAction\":[{\"@type\":\"SearchAction\",\"target\":{\"@type\":\"EntryPoint\",\"urlTemplate\":\"https:\\\/\\\/mills-nutrients.com\\\/de\\\/?s={search_term_string}\"},\"query-input\":{\"@type\":\"PropertyValueSpecification\",\"valueRequired\":true,\"valueName\":\"search_term_string\"}}],\"inLanguage\":\"de\"},{\"@type\":\"Organization\",\"@id\":\"https:\\\/\\\/mills-nutrients.com\\\/de\\\/#organization\",\"name\":\"Mills\",\"url\":\"https:\\\/\\\/mills-nutrients.com\\\/de\\\/\",\"logo\":{\"@type\":\"ImageObject\",\"inLanguage\":\"de\",\"@id\":\"https:\\\/\\\/mills-nutrients.com\\\/de\\\/#\\\/schema\\\/logo\\\/image\\\/\",\"url\":\"https:\\\/\\\/mills-nutrients.com\\\/wp-content\\\/uploads\\\/2025\\\/08\\\/favicon-2-1.png\",\"contentUrl\":\"https:\\\/\\\/mills-nutrients.com\\\/wp-content\\\/uploads\\\/2025\\\/08\\\/favicon-2-1.png\",\"width\":48,\"height\":48,\"caption\":\"Mills\"},\"image\":{\"@id\":\"https:\\\/\\\/mills-nutrients.com\\\/de\\\/#\\\/schema\\\/logo\\\/image\\\/\"}}]}<\/script>\n<!-- \/ Yoast SEO plugin. -->","yoast_head_json":{"title":"Bio-Erde - Mills Bio- Mills","description":"Mills Bio-Erde ist ein hochwertiges, vegan-zertifiziertes, OMRI-gelistetes Wachstumsmedium, das eine gesunde, chemiefreie Pflanzenentwicklung unterst\u00fctzt.","robots":{"index":"index","follow":"follow","max-snippet":"max-snippet:-1","max-image-preview":"max-image-preview:large","max-video-preview":"max-video-preview:-1"},"canonical":"https:\/\/mills-nutrients.com\/de\/product\/mills-bio\/","og_locale":"de_DE","og_type":"article","og_title":"Bio-Erde - Mills Bio- Mills","og_description":"Mills Bio-Erde ist ein hochwertiges, vegan-zertifiziertes, OMRI-gelistetes Wachstumsmedium, das eine gesunde, chemiefreie Pflanzenentwicklung unterst\u00fctzt.","og_url":"https:\/\/mills-nutrients.com\/de\/product\/mills-bio\/","og_site_name":"Mills","article_modified_time":"2026-01-05T05:03:46+00:00","og_image":[{"width":440,"height":440,"url":"https:\/\/mills-nutrients.com\/wp-content\/uploads\/2025\/08\/mills-organic-soil-l-440x440-1.png","type":"image\/png"}],"twitter_card":"summary_large_image","schema":{"@context":"https:\/\/schema.org","@graph":[{"@type":"WebPage","@id":"https:\/\/mills-nutrients.com\/de\/product\/mills-bio\/","url":"https:\/\/mills-nutrients.com\/de\/product\/mills-bio\/","name":"Bio-Erde - Mills Bio- Mills","isPartOf":{"@id":"https:\/\/mills-nutrients.com\/de\/#website"},"primaryImageOfPage":{"@id":"https:\/\/mills-nutrients.com\/de\/product\/mills-bio\/#primaryimage"},"image":{"@id":"https:\/\/mills-nutrients.com\/de\/product\/mills-bio\/#primaryimage"},"thumbnailUrl":"https:\/\/mills-nutrients.com\/wp-content\/uploads\/2025\/08\/mills-organic-soil-l-440x440-1.png","datePublished":"2025-08-02T11:19:00+00:00","dateModified":"2026-01-05T05:03:46+00:00","description":"Mills Bio-Erde ist ein hochwertiges, vegan-zertifiziertes, OMRI-gelistetes Wachstumsmedium, das eine gesunde, chemiefreie Pflanzenentwicklung unterst\u00fctzt.","breadcrumb":{"@id":"https:\/\/mills-nutrients.com\/de\/product\/mills-bio\/#breadcrumb"},"inLanguage":"de","potentialAction":[{"@type":"ReadAction","target":["https:\/\/mills-nutrients.com\/de\/product\/mills-bio\/"]}]},{"@type":"ImageObject","inLanguage":"de","@id":"https:\/\/mills-nutrients.com\/de\/product\/mills-bio\/#primaryimage","url":"https:\/\/mills-nutrients.com\/wp-content\/uploads\/2025\/08\/mills-organic-soil-l-440x440-1.png","contentUrl":"https:\/\/mills-nutrients.com\/wp-content\/uploads\/2025\/08\/mills-organic-soil-l-440x440-1.png","width":440,"height":440},{"@type":"BreadcrumbList","@id":"https:\/\/mills-nutrients.com\/de\/product\/mills-bio\/#breadcrumb","itemListElement":[{"@type":"ListItem","position":1,"name":"Home","item":"https:\/\/mills-nutrients.com\/de\/"},{"@type":"ListItem","position":2,"name":"Mills Bio"}]},{"@type":"WebSite","@id":"https:\/\/mills-nutrients.com\/de\/#website","url":"https:\/\/mills-nutrients.com\/de\/","name":"Mills","description":"","publisher":{"@id":"https:\/\/mills-nutrients.com\/de\/#organization"},"potentialAction":[{"@type":"SearchAction","target":{"@type":"EntryPoint","urlTemplate":"https:\/\/mills-nutrients.com\/de\/?s={search_term_string}"},"query-input":{"@type":"PropertyValueSpecification","valueRequired":true,"valueName":"search_term_string"}}],"inLanguage":"de"},{"@type":"Organization","@id":"https:\/\/mills-nutrients.com\/de\/#organization","name":"Mills","url":"https:\/\/mills-nutrients.com\/de\/","logo":{"@type":"ImageObject","inLanguage":"de","@id":"https:\/\/mills-nutrients.com\/de\/#\/schema\/logo\/image\/","url":"https:\/\/mills-nutrients.com\/wp-content\/uploads\/2025\/08\/favicon-2-1.png","contentUrl":"https:\/\/mills-nutrients.com\/wp-content\/uploads\/2025\/08\/favicon-2-1.png","width":48,"height":48,"caption":"Mills"},"image":{"@id":"https:\/\/mills-nutrients.com\/de\/#\/schema\/logo\/image\/"}}]}},"_links":{"self":[{"href":"https:\/\/mills-nutrients.com\/de\/wp-json\/wp\/v2\/product\/5058","targetHints":{"allow":["GET"]}}],"collection":[{"href":"https:\/\/mills-nutrients.com\/de\/wp-json\/wp\/v2\/product"}],"about":[{"href":"https:\/\/mills-nutrients.com\/de\/wp-json\/wp\/v2\/types\/product"}],"version-history":[{"count":1,"href":"https:\/\/mills-nutrients.com\/de\/wp-json\/wp\/v2\/product\/5058\/revisions"}],"predecessor-version":[{"id":5059,"href":"https:\/\/mills-nutrients.com\/de\/wp-json\/wp\/v2\/product\/5058\/revisions\/5059"}],"wp:featuredmedia":[{"embeddable":true,"href":"https:\/\/mills-nutrients.com\/de\/wp-json\/wp\/v2\/media\/5042"}],"wp:attachment":[{"href":"https:\/\/mills-nutrients.com\/de\/wp-json\/wp\/v2\/media?parent=5058"}],"wp:term":[{"taxonomy":"category","embeddable":true,"href":"https:\/\/mills-nutrients.com\/de\/wp-json\/wp\/v2\/categories?post=5058"}],"curies":[{"name":"wp","href":"https:\/\/api.w.org\/{rel}","templated":true}]}}