{"id":5032,"date":"2025-08-02T13:19:00","date_gmt":"2025-08-02T11:19:00","guid":{"rendered":"https:\/\/mills-nutrients.com\/product\/mills-ph\/"},"modified":"2026-01-15T16:50:55","modified_gmt":"2026-01-15T15:50:55","slug":"mills-ph-2","status":"publish","type":"product","link":"https:\/\/mills-nutrients.com\/de\/product\/mills-ph-2\/","title":{"rendered":"Mills pH-"},"content":{"rendered":"\n<p>Die Mills pH- Erg\u00e4nzung stabilisiert und optimiert die pH-Werte des Bew\u00e4sserungswassers deiner Pflanzen w\u00e4hrend des gesamten Wachstumszyklus. Dieses Additiv kann verwendet werden, um die pH-Werte in allen Anbauphasen anzupassen \u2013 wobei die pH-Werte f\u00fcr Hydrokulturen fest zwischen 5,5-6,0 und f\u00fcr Erde zwischen 6,0-6,5 gehalten werden. Die Sicherstellung der korrekten pH-Werte ist entscheidend, um ein schnelles, kr\u00e4ftiges Wachstum zu f\u00f6rdern und sicherzustellen, dass N\u00e4hrstoffe und Boden in den gew\u00fcnschten Verh\u00e4ltnissen vorliegen.  <\/p>\n","protected":false},"excerpt":{"rendered":"<p>Stabilisiert und optimiert die pH-Werte des Bew\u00e4sserungswassers deiner Pflanzen w\u00e4hrend des gesamten Wachstumszyklus.<\/p>\n","protected":false},"featured_media":5014,"template":"","meta":{"_acf_changed":false},"categories":[98],"class_list":["post-5032","product","type-product","status-publish","has-post-thumbnail","hentry","category-zusatze"],"acf":[],"yoast_head":"<!-- This site is optimized with the Yoast SEO plugin v27.4 - https:\/\/yoast.com\/product\/yoast-seo-wordpress\/ -->\n<title>Mills pH- Mills<\/title>\n<meta name=\"description\" content=\"Die Mills pH- Erg\u00e4nzung stabilisiert und optimiert die pH-Werte des Bew\u00e4sserungswassers deiner Pflanzen. Erfahre hier mehr \u00fcber pH- von Mills.\" \/>\n<meta name=\"robots\" content=\"index, follow, max-snippet:-1, max-image-preview:large, max-video-preview:-1\" \/>\n<link rel=\"canonical\" href=\"https:\/\/mills-nutrients.com\/de\/product\/mills-ph-2\/\" \/>\n<meta property=\"og:locale\" content=\"de_DE\" \/>\n<meta property=\"og:type\" content=\"article\" \/>\n<meta property=\"og:title\" content=\"Mills pH- Mills\" \/>\n<meta property=\"og:description\" content=\"Die Mills pH- Erg\u00e4nzung stabilisiert und optimiert die pH-Werte des Bew\u00e4sserungswassers deiner Pflanzen. Erfahre hier mehr \u00fcber pH- von Mills.\" \/>\n<meta property=\"og:url\" content=\"https:\/\/mills-nutrients.com\/de\/product\/mills-ph-2\/\" \/>\n<meta property=\"og:site_name\" content=\"Mills\" \/>\n<meta property=\"article:modified_time\" content=\"2026-01-15T15:50:55+00:00\" \/>\n<meta property=\"og:image\" content=\"https:\/\/mills-nutrients.com\/wp-content\/uploads\/2025\/08\/mills-PH-1L-440x440-1.png\" \/>\n\t<meta property=\"og:image:width\" content=\"440\" \/>\n\t<meta property=\"og:image:height\" content=\"440\" \/>\n\t<meta property=\"og:image:type\" content=\"image\/png\" \/>\n<meta name=\"twitter:card\" content=\"summary_large_image\" \/>\n<meta name=\"twitter:label1\" content=\"Gesch\u00e4tzte Lesezeit\" \/>\n\t<meta name=\"twitter:data1\" content=\"1\u00a0Minute\" \/>\n<script type=\"application\/ld+json\" class=\"yoast-schema-graph\">{\"@context\":\"https:\\\/\\\/schema.org\",\"@graph\":[{\"@type\":\"WebPage\",\"@id\":\"https:\\\/\\\/mills-nutrients.com\\\/de\\\/product\\\/mills-ph-2\\\/\",\"url\":\"https:\\\/\\\/mills-nutrients.com\\\/de\\\/product\\\/mills-ph-2\\\/\",\"name\":\"Mills pH- Mills\",\"isPartOf\":{\"@id\":\"https:\\\/\\\/mills-nutrients.com\\\/de\\\/#website\"},\"primaryImageOfPage\":{\"@id\":\"https:\\\/\\\/mills-nutrients.com\\\/de\\\/product\\\/mills-ph-2\\\/#primaryimage\"},\"image\":{\"@id\":\"https:\\\/\\\/mills-nutrients.com\\\/de\\\/product\\\/mills-ph-2\\\/#primaryimage\"},\"thumbnailUrl\":\"https:\\\/\\\/mills-nutrients.com\\\/wp-content\\\/uploads\\\/2025\\\/08\\\/mills-PH-1L-440x440-1.png\",\"datePublished\":\"2025-08-02T11:19:00+00:00\",\"dateModified\":\"2026-01-15T15:50:55+00:00\",\"description\":\"Die Mills pH- Erg\u00e4nzung stabilisiert und optimiert die pH-Werte des Bew\u00e4sserungswassers deiner Pflanzen. Erfahre hier mehr \u00fcber pH- von Mills.\",\"breadcrumb\":{\"@id\":\"https:\\\/\\\/mills-nutrients.com\\\/de\\\/product\\\/mills-ph-2\\\/#breadcrumb\"},\"inLanguage\":\"de\",\"potentialAction\":[{\"@type\":\"ReadAction\",\"target\":[\"https:\\\/\\\/mills-nutrients.com\\\/de\\\/product\\\/mills-ph-2\\\/\"]}]},{\"@type\":\"ImageObject\",\"inLanguage\":\"de\",\"@id\":\"https:\\\/\\\/mills-nutrients.com\\\/de\\\/product\\\/mills-ph-2\\\/#primaryimage\",\"url\":\"https:\\\/\\\/mills-nutrients.com\\\/wp-content\\\/uploads\\\/2025\\\/08\\\/mills-PH-1L-440x440-1.png\",\"contentUrl\":\"https:\\\/\\\/mills-nutrients.com\\\/wp-content\\\/uploads\\\/2025\\\/08\\\/mills-PH-1L-440x440-1.png\",\"width\":440,\"height\":440},{\"@type\":\"BreadcrumbList\",\"@id\":\"https:\\\/\\\/mills-nutrients.com\\\/de\\\/product\\\/mills-ph-2\\\/#breadcrumb\",\"itemListElement\":[{\"@type\":\"ListItem\",\"position\":1,\"name\":\"Home\",\"item\":\"https:\\\/\\\/mills-nutrients.com\\\/de\\\/\"},{\"@type\":\"ListItem\",\"position\":2,\"name\":\"Mills pH-\"}]},{\"@type\":\"WebSite\",\"@id\":\"https:\\\/\\\/mills-nutrients.com\\\/de\\\/#website\",\"url\":\"https:\\\/\\\/mills-nutrients.com\\\/de\\\/\",\"name\":\"Mills\",\"description\":\"\",\"publisher\":{\"@id\":\"https:\\\/\\\/mills-nutrients.com\\\/de\\\/#organization\"},\"potentialAction\":[{\"@type\":\"SearchAction\",\"target\":{\"@type\":\"EntryPoint\",\"urlTemplate\":\"https:\\\/\\\/mills-nutrients.com\\\/de\\\/?s={search_term_string}\"},\"query-input\":{\"@type\":\"PropertyValueSpecification\",\"valueRequired\":true,\"valueName\":\"search_term_string\"}}],\"inLanguage\":\"de\"},{\"@type\":\"Organization\",\"@id\":\"https:\\\/\\\/mills-nutrients.com\\\/de\\\/#organization\",\"name\":\"Mills\",\"url\":\"https:\\\/\\\/mills-nutrients.com\\\/de\\\/\",\"logo\":{\"@type\":\"ImageObject\",\"inLanguage\":\"de\",\"@id\":\"https:\\\/\\\/mills-nutrients.com\\\/de\\\/#\\\/schema\\\/logo\\\/image\\\/\",\"url\":\"https:\\\/\\\/mills-nutrients.com\\\/wp-content\\\/uploads\\\/2025\\\/08\\\/favicon-2-1.png\",\"contentUrl\":\"https:\\\/\\\/mills-nutrients.com\\\/wp-content\\\/uploads\\\/2025\\\/08\\\/favicon-2-1.png\",\"width\":48,\"height\":48,\"caption\":\"Mills\"},\"image\":{\"@id\":\"https:\\\/\\\/mills-nutrients.com\\\/de\\\/#\\\/schema\\\/logo\\\/image\\\/\"}}]}<\/script>\n<!-- \/ Yoast SEO plugin. -->","yoast_head_json":{"title":"Mills pH- Mills","description":"Die Mills pH- Erg\u00e4nzung stabilisiert und optimiert die pH-Werte des Bew\u00e4sserungswassers deiner Pflanzen. Erfahre hier mehr \u00fcber pH- von Mills.","robots":{"index":"index","follow":"follow","max-snippet":"max-snippet:-1","max-image-preview":"max-image-preview:large","max-video-preview":"max-video-preview:-1"},"canonical":"https:\/\/mills-nutrients.com\/de\/product\/mills-ph-2\/","og_locale":"de_DE","og_type":"article","og_title":"Mills pH- Mills","og_description":"Die Mills pH- Erg\u00e4nzung stabilisiert und optimiert die pH-Werte des Bew\u00e4sserungswassers deiner Pflanzen. Erfahre hier mehr \u00fcber pH- von Mills.","og_url":"https:\/\/mills-nutrients.com\/de\/product\/mills-ph-2\/","og_site_name":"Mills","article_modified_time":"2026-01-15T15:50:55+00:00","og_image":[{"width":440,"height":440,"url":"https:\/\/mills-nutrients.com\/wp-content\/uploads\/2025\/08\/mills-PH-1L-440x440-1.png","type":"image\/png"}],"twitter_card":"summary_large_image","twitter_misc":{"Gesch\u00e4tzte Lesezeit":"1\u00a0Minute"},"schema":{"@context":"https:\/\/schema.org","@graph":[{"@type":"WebPage","@id":"https:\/\/mills-nutrients.com\/de\/product\/mills-ph-2\/","url":"https:\/\/mills-nutrients.com\/de\/product\/mills-ph-2\/","name":"Mills pH- Mills","isPartOf":{"@id":"https:\/\/mills-nutrients.com\/de\/#website"},"primaryImageOfPage":{"@id":"https:\/\/mills-nutrients.com\/de\/product\/mills-ph-2\/#primaryimage"},"image":{"@id":"https:\/\/mills-nutrients.com\/de\/product\/mills-ph-2\/#primaryimage"},"thumbnailUrl":"https:\/\/mills-nutrients.com\/wp-content\/uploads\/2025\/08\/mills-PH-1L-440x440-1.png","datePublished":"2025-08-02T11:19:00+00:00","dateModified":"2026-01-15T15:50:55+00:00","description":"Die Mills pH- Erg\u00e4nzung stabilisiert und optimiert die pH-Werte des Bew\u00e4sserungswassers deiner Pflanzen. Erfahre hier mehr \u00fcber pH- von Mills.","breadcrumb":{"@id":"https:\/\/mills-nutrients.com\/de\/product\/mills-ph-2\/#breadcrumb"},"inLanguage":"de","potentialAction":[{"@type":"ReadAction","target":["https:\/\/mills-nutrients.com\/de\/product\/mills-ph-2\/"]}]},{"@type":"ImageObject","inLanguage":"de","@id":"https:\/\/mills-nutrients.com\/de\/product\/mills-ph-2\/#primaryimage","url":"https:\/\/mills-nutrients.com\/wp-content\/uploads\/2025\/08\/mills-PH-1L-440x440-1.png","contentUrl":"https:\/\/mills-nutrients.com\/wp-content\/uploads\/2025\/08\/mills-PH-1L-440x440-1.png","width":440,"height":440},{"@type":"BreadcrumbList","@id":"https:\/\/mills-nutrients.com\/de\/product\/mills-ph-2\/#breadcrumb","itemListElement":[{"@type":"ListItem","position":1,"name":"Home","item":"https:\/\/mills-nutrients.com\/de\/"},{"@type":"ListItem","position":2,"name":"Mills pH-"}]},{"@type":"WebSite","@id":"https:\/\/mills-nutrients.com\/de\/#website","url":"https:\/\/mills-nutrients.com\/de\/","name":"Mills","description":"","publisher":{"@id":"https:\/\/mills-nutrients.com\/de\/#organization"},"potentialAction":[{"@type":"SearchAction","target":{"@type":"EntryPoint","urlTemplate":"https:\/\/mills-nutrients.com\/de\/?s={search_term_string}"},"query-input":{"@type":"PropertyValueSpecification","valueRequired":true,"valueName":"search_term_string"}}],"inLanguage":"de"},{"@type":"Organization","@id":"https:\/\/mills-nutrients.com\/de\/#organization","name":"Mills","url":"https:\/\/mills-nutrients.com\/de\/","logo":{"@type":"ImageObject","inLanguage":"de","@id":"https:\/\/mills-nutrients.com\/de\/#\/schema\/logo\/image\/","url":"https:\/\/mills-nutrients.com\/wp-content\/uploads\/2025\/08\/favicon-2-1.png","contentUrl":"https:\/\/mills-nutrients.com\/wp-content\/uploads\/2025\/08\/favicon-2-1.png","width":48,"height":48,"caption":"Mills"},"image":{"@id":"https:\/\/mills-nutrients.com\/de\/#\/schema\/logo\/image\/"}}]}},"_links":{"self":[{"href":"https:\/\/mills-nutrients.com\/de\/wp-json\/wp\/v2\/product\/5032","targetHints":{"allow":["GET"]}}],"collection":[{"href":"https:\/\/mills-nutrients.com\/de\/wp-json\/wp\/v2\/product"}],"about":[{"href":"https:\/\/mills-nutrients.com\/de\/wp-json\/wp\/v2\/types\/product"}],"version-history":[{"count":4,"href":"https:\/\/mills-nutrients.com\/de\/wp-json\/wp\/v2\/product\/5032\/revisions"}],"predecessor-version":[{"id":6093,"href":"https:\/\/mills-nutrients.com\/de\/wp-json\/wp\/v2\/product\/5032\/revisions\/6093"}],"wp:featuredmedia":[{"embeddable":true,"href":"https:\/\/mills-nutrients.com\/de\/wp-json\/wp\/v2\/media\/5014"}],"wp:attachment":[{"href":"https:\/\/mills-nutrients.com\/de\/wp-json\/wp\/v2\/media?parent=5032"}],"wp:term":[{"taxonomy":"category","embeddable":true,"href":"https:\/\/mills-nutrients.com\/de\/wp-json\/wp\/v2\/categories?post=5032"}],"curies":[{"name":"wp","href":"https:\/\/api.w.org\/{rel}","templated":true}]}}