{"id":4982,"date":"2025-08-05T13:19:00","date_gmt":"2025-08-05T11:19:00","guid":{"rendered":"https:\/\/mills-nutrients.com\/product\/mills-starter-set-regulaer\/"},"modified":"2026-03-26T08:51:08","modified_gmt":"2026-03-26T07:51:08","slug":"mills-starter-set-regulaer","status":"publish","type":"product","link":"https:\/\/mills-nutrients.com\/de\/product\/mills-starter-set-regulaer\/","title":{"rendered":"Mills Starter-Set regul\u00e4r"},"content":{"rendered":"\n<p>Das Starter-Set enth\u00e4lt alle N\u00e4hrstoffe, die ein Heimg\u00e4rtner von der Aussaat bis zur Ernte braucht.<\/p>\n","protected":false},"excerpt":{"rendered":"<p>Dieses einfach zu verwendende Set gibt deinen Kunden alles, was sie brauchen, um ihre Pflanzen zu ern\u00e4hren.<\/p>\n","protected":false},"featured_media":4940,"template":"","meta":{"_acf_changed":false},"categories":[95],"class_list":["post-4982","product","type-product","status-publish","has-post-thumbnail","hentry","category-regulare-nahrstoffe"],"acf":[],"yoast_head":"<!-- This site is optimized with the Yoast SEO plugin v27.4 - https:\/\/yoast.com\/product\/yoast-seo-wordpress\/ -->\n<title>Mills Starter-Set regul\u00e4r- Mills<\/title>\n<meta name=\"description\" content=\"Das komplette Mills N\u00e4hrstoff Starter-Set \u2013 enth\u00e4lt Basis A&amp;B, Start-R, Vitalize, C4, PK und Substratproben f\u00fcr Erde, Kokos und Hydro.\" \/>\n<meta name=\"robots\" content=\"index, follow, max-snippet:-1, max-image-preview:large, max-video-preview:-1\" \/>\n<link rel=\"canonical\" href=\"https:\/\/mills-nutrients.com\/de\/product\/mills-starter-set-regulaer\/\" \/>\n<meta property=\"og:locale\" content=\"de_DE\" \/>\n<meta property=\"og:type\" content=\"article\" \/>\n<meta property=\"og:title\" content=\"Mills Starter-Set regul\u00e4r- Mills\" \/>\n<meta property=\"og:description\" content=\"Das komplette Mills N\u00e4hrstoff Starter-Set \u2013 enth\u00e4lt Basis A&amp;B, Start-R, Vitalize, C4, PK und Substratproben f\u00fcr Erde, Kokos und Hydro.\" \/>\n<meta property=\"og:url\" content=\"https:\/\/mills-nutrients.com\/de\/product\/mills-starter-set-regulaer\/\" \/>\n<meta property=\"og:site_name\" content=\"Mills\" \/>\n<meta property=\"article:modified_time\" content=\"2026-03-26T07:51:08+00:00\" \/>\n<meta property=\"og:image\" content=\"https:\/\/mills-nutrients.com\/wp-content\/uploads\/2025\/08\/MILLS_NM_SP_880x880-440x440-1.png\" \/>\n\t<meta property=\"og:image:width\" content=\"440\" \/>\n\t<meta property=\"og:image:height\" content=\"440\" \/>\n\t<meta property=\"og:image:type\" content=\"image\/png\" \/>\n<meta name=\"twitter:card\" content=\"summary_large_image\" \/>\n<script type=\"application\/ld+json\" class=\"yoast-schema-graph\">{\"@context\":\"https:\\\/\\\/schema.org\",\"@graph\":[{\"@type\":\"WebPage\",\"@id\":\"https:\\\/\\\/mills-nutrients.com\\\/de\\\/product\\\/mills-starter-set-regulaer\\\/\",\"url\":\"https:\\\/\\\/mills-nutrients.com\\\/de\\\/product\\\/mills-starter-set-regulaer\\\/\",\"name\":\"Mills Starter-Set regul\u00e4r- Mills\",\"isPartOf\":{\"@id\":\"https:\\\/\\\/mills-nutrients.com\\\/de\\\/#website\"},\"primaryImageOfPage\":{\"@id\":\"https:\\\/\\\/mills-nutrients.com\\\/de\\\/product\\\/mills-starter-set-regulaer\\\/#primaryimage\"},\"image\":{\"@id\":\"https:\\\/\\\/mills-nutrients.com\\\/de\\\/product\\\/mills-starter-set-regulaer\\\/#primaryimage\"},\"thumbnailUrl\":\"https:\\\/\\\/mills-nutrients.com\\\/wp-content\\\/uploads\\\/2025\\\/08\\\/MILLS_NM_SP_880x880-440x440-1.png\",\"datePublished\":\"2025-08-05T11:19:00+00:00\",\"dateModified\":\"2026-03-26T07:51:08+00:00\",\"description\":\"Das komplette Mills N\u00e4hrstoff Starter-Set \u2013 enth\u00e4lt Basis A&B, Start-R, Vitalize, C4, PK und Substratproben f\u00fcr Erde, Kokos und Hydro.\",\"breadcrumb\":{\"@id\":\"https:\\\/\\\/mills-nutrients.com\\\/de\\\/product\\\/mills-starter-set-regulaer\\\/#breadcrumb\"},\"inLanguage\":\"de\",\"potentialAction\":[{\"@type\":\"ReadAction\",\"target\":[\"https:\\\/\\\/mills-nutrients.com\\\/de\\\/product\\\/mills-starter-set-regulaer\\\/\"]}]},{\"@type\":\"ImageObject\",\"inLanguage\":\"de\",\"@id\":\"https:\\\/\\\/mills-nutrients.com\\\/de\\\/product\\\/mills-starter-set-regulaer\\\/#primaryimage\",\"url\":\"https:\\\/\\\/mills-nutrients.com\\\/wp-content\\\/uploads\\\/2025\\\/08\\\/MILLS_NM_SP_880x880-440x440-1.png\",\"contentUrl\":\"https:\\\/\\\/mills-nutrients.com\\\/wp-content\\\/uploads\\\/2025\\\/08\\\/MILLS_NM_SP_880x880-440x440-1.png\",\"width\":440,\"height\":440},{\"@type\":\"BreadcrumbList\",\"@id\":\"https:\\\/\\\/mills-nutrients.com\\\/de\\\/product\\\/mills-starter-set-regulaer\\\/#breadcrumb\",\"itemListElement\":[{\"@type\":\"ListItem\",\"position\":1,\"name\":\"Home\",\"item\":\"https:\\\/\\\/mills-nutrients.com\\\/de\\\/\"},{\"@type\":\"ListItem\",\"position\":2,\"name\":\"Mills Starter-Set regul\u00e4r\"}]},{\"@type\":\"WebSite\",\"@id\":\"https:\\\/\\\/mills-nutrients.com\\\/de\\\/#website\",\"url\":\"https:\\\/\\\/mills-nutrients.com\\\/de\\\/\",\"name\":\"Mills\",\"description\":\"\",\"publisher\":{\"@id\":\"https:\\\/\\\/mills-nutrients.com\\\/de\\\/#organization\"},\"potentialAction\":[{\"@type\":\"SearchAction\",\"target\":{\"@type\":\"EntryPoint\",\"urlTemplate\":\"https:\\\/\\\/mills-nutrients.com\\\/de\\\/?s={search_term_string}\"},\"query-input\":{\"@type\":\"PropertyValueSpecification\",\"valueRequired\":true,\"valueName\":\"search_term_string\"}}],\"inLanguage\":\"de\"},{\"@type\":\"Organization\",\"@id\":\"https:\\\/\\\/mills-nutrients.com\\\/de\\\/#organization\",\"name\":\"Mills\",\"url\":\"https:\\\/\\\/mills-nutrients.com\\\/de\\\/\",\"logo\":{\"@type\":\"ImageObject\",\"inLanguage\":\"de\",\"@id\":\"https:\\\/\\\/mills-nutrients.com\\\/de\\\/#\\\/schema\\\/logo\\\/image\\\/\",\"url\":\"https:\\\/\\\/mills-nutrients.com\\\/wp-content\\\/uploads\\\/2025\\\/08\\\/favicon-2-1.png\",\"contentUrl\":\"https:\\\/\\\/mills-nutrients.com\\\/wp-content\\\/uploads\\\/2025\\\/08\\\/favicon-2-1.png\",\"width\":48,\"height\":48,\"caption\":\"Mills\"},\"image\":{\"@id\":\"https:\\\/\\\/mills-nutrients.com\\\/de\\\/#\\\/schema\\\/logo\\\/image\\\/\"}}]}<\/script>\n<!-- \/ Yoast SEO plugin. -->","yoast_head_json":{"title":"Mills Starter-Set regul\u00e4r- Mills","description":"Das komplette Mills N\u00e4hrstoff Starter-Set \u2013 enth\u00e4lt Basis A&B, Start-R, Vitalize, C4, PK und Substratproben f\u00fcr Erde, Kokos und Hydro.","robots":{"index":"index","follow":"follow","max-snippet":"max-snippet:-1","max-image-preview":"max-image-preview:large","max-video-preview":"max-video-preview:-1"},"canonical":"https:\/\/mills-nutrients.com\/de\/product\/mills-starter-set-regulaer\/","og_locale":"de_DE","og_type":"article","og_title":"Mills Starter-Set regul\u00e4r- Mills","og_description":"Das komplette Mills N\u00e4hrstoff Starter-Set \u2013 enth\u00e4lt Basis A&B, Start-R, Vitalize, C4, PK und Substratproben f\u00fcr Erde, Kokos und Hydro.","og_url":"https:\/\/mills-nutrients.com\/de\/product\/mills-starter-set-regulaer\/","og_site_name":"Mills","article_modified_time":"2026-03-26T07:51:08+00:00","og_image":[{"width":440,"height":440,"url":"https:\/\/mills-nutrients.com\/wp-content\/uploads\/2025\/08\/MILLS_NM_SP_880x880-440x440-1.png","type":"image\/png"}],"twitter_card":"summary_large_image","schema":{"@context":"https:\/\/schema.org","@graph":[{"@type":"WebPage","@id":"https:\/\/mills-nutrients.com\/de\/product\/mills-starter-set-regulaer\/","url":"https:\/\/mills-nutrients.com\/de\/product\/mills-starter-set-regulaer\/","name":"Mills Starter-Set regul\u00e4r- Mills","isPartOf":{"@id":"https:\/\/mills-nutrients.com\/de\/#website"},"primaryImageOfPage":{"@id":"https:\/\/mills-nutrients.com\/de\/product\/mills-starter-set-regulaer\/#primaryimage"},"image":{"@id":"https:\/\/mills-nutrients.com\/de\/product\/mills-starter-set-regulaer\/#primaryimage"},"thumbnailUrl":"https:\/\/mills-nutrients.com\/wp-content\/uploads\/2025\/08\/MILLS_NM_SP_880x880-440x440-1.png","datePublished":"2025-08-05T11:19:00+00:00","dateModified":"2026-03-26T07:51:08+00:00","description":"Das komplette Mills N\u00e4hrstoff Starter-Set \u2013 enth\u00e4lt Basis A&B, Start-R, Vitalize, C4, PK und Substratproben f\u00fcr Erde, Kokos und Hydro.","breadcrumb":{"@id":"https:\/\/mills-nutrients.com\/de\/product\/mills-starter-set-regulaer\/#breadcrumb"},"inLanguage":"de","potentialAction":[{"@type":"ReadAction","target":["https:\/\/mills-nutrients.com\/de\/product\/mills-starter-set-regulaer\/"]}]},{"@type":"ImageObject","inLanguage":"de","@id":"https:\/\/mills-nutrients.com\/de\/product\/mills-starter-set-regulaer\/#primaryimage","url":"https:\/\/mills-nutrients.com\/wp-content\/uploads\/2025\/08\/MILLS_NM_SP_880x880-440x440-1.png","contentUrl":"https:\/\/mills-nutrients.com\/wp-content\/uploads\/2025\/08\/MILLS_NM_SP_880x880-440x440-1.png","width":440,"height":440},{"@type":"BreadcrumbList","@id":"https:\/\/mills-nutrients.com\/de\/product\/mills-starter-set-regulaer\/#breadcrumb","itemListElement":[{"@type":"ListItem","position":1,"name":"Home","item":"https:\/\/mills-nutrients.com\/de\/"},{"@type":"ListItem","position":2,"name":"Mills Starter-Set regul\u00e4r"}]},{"@type":"WebSite","@id":"https:\/\/mills-nutrients.com\/de\/#website","url":"https:\/\/mills-nutrients.com\/de\/","name":"Mills","description":"","publisher":{"@id":"https:\/\/mills-nutrients.com\/de\/#organization"},"potentialAction":[{"@type":"SearchAction","target":{"@type":"EntryPoint","urlTemplate":"https:\/\/mills-nutrients.com\/de\/?s={search_term_string}"},"query-input":{"@type":"PropertyValueSpecification","valueRequired":true,"valueName":"search_term_string"}}],"inLanguage":"de"},{"@type":"Organization","@id":"https:\/\/mills-nutrients.com\/de\/#organization","name":"Mills","url":"https:\/\/mills-nutrients.com\/de\/","logo":{"@type":"ImageObject","inLanguage":"de","@id":"https:\/\/mills-nutrients.com\/de\/#\/schema\/logo\/image\/","url":"https:\/\/mills-nutrients.com\/wp-content\/uploads\/2025\/08\/favicon-2-1.png","contentUrl":"https:\/\/mills-nutrients.com\/wp-content\/uploads\/2025\/08\/favicon-2-1.png","width":48,"height":48,"caption":"Mills"},"image":{"@id":"https:\/\/mills-nutrients.com\/de\/#\/schema\/logo\/image\/"}}]}},"_links":{"self":[{"href":"https:\/\/mills-nutrients.com\/de\/wp-json\/wp\/v2\/product\/4982","targetHints":{"allow":["GET"]}}],"collection":[{"href":"https:\/\/mills-nutrients.com\/de\/wp-json\/wp\/v2\/product"}],"about":[{"href":"https:\/\/mills-nutrients.com\/de\/wp-json\/wp\/v2\/types\/product"}],"version-history":[{"count":1,"href":"https:\/\/mills-nutrients.com\/de\/wp-json\/wp\/v2\/product\/4982\/revisions"}],"predecessor-version":[{"id":4983,"href":"https:\/\/mills-nutrients.com\/de\/wp-json\/wp\/v2\/product\/4982\/revisions\/4983"}],"wp:featuredmedia":[{"embeddable":true,"href":"https:\/\/mills-nutrients.com\/de\/wp-json\/wp\/v2\/media\/4940"}],"wp:attachment":[{"href":"https:\/\/mills-nutrients.com\/de\/wp-json\/wp\/v2\/media?parent=4982"}],"wp:term":[{"taxonomy":"category","embeddable":true,"href":"https:\/\/mills-nutrients.com\/de\/wp-json\/wp\/v2\/categories?post=4982"}],"curies":[{"name":"wp","href":"https:\/\/api.w.org\/{rel}","templated":true}]}}