{"id":4980,"date":"2025-08-04T13:19:00","date_gmt":"2025-08-04T11:19:00","guid":{"rendered":"https:\/\/mills-nutrients.com\/product\/ultimativer-pk-booster\/"},"modified":"2026-01-17T15:23:03","modified_gmt":"2026-01-17T14:23:03","slug":"ultimativer-pk-booster","status":"publish","type":"product","link":"https:\/\/mills-nutrients.com\/de\/product\/ultimativer-pk-booster\/","title":{"rendered":"Ultimativer PK-Booster"},"content":{"rendered":"\t\t<div data-elementor-type=\"wp-post\" data-elementor-id=\"4980\" class=\"elementor elementor-4980 elementor-3174\" data-elementor-post-type=\"product\">\n\t\t\t\t<div class=\"elementor-element elementor-element-a9e8233 e-flex e-con-boxed e-con e-parent\" data-id=\"a9e8233\" data-element_type=\"container\" data-e-type=\"container\">\n\t\t\t\t\t<div class=\"e-con-inner\">\n\t\t\t\t<div class=\"elementor-element elementor-element-8806f38 elementor-widget elementor-widget-text-editor\" data-id=\"8806f38\" data-element_type=\"widget\" data-e-type=\"widget\" data-widget_type=\"text-editor.default\">\n\t\t\t\t<div class=\"elementor-widget-container\">\n\t\t\t\t\t\t\t\t\t<p>Bringe deine Pflanzen an ihre Grenzen. Gib deinen Pflanzen mit Mills Ultimate PK am Ende ihres Bl\u00fctezyklus die zus\u00e4tzliche Leistung, die sie ben\u00f6tigen. <\/p> \t\t\t\t\t\t\t\t<\/div>\n\t\t\t\t<\/div>\n\t\t\t\t<div class=\"elementor-element elementor-element-394a71d elementor-widget elementor-widget-heading\" data-id=\"394a71d\" data-element_type=\"widget\" data-e-type=\"widget\" data-widget_type=\"heading.default\">\n\t\t\t\t<div class=\"elementor-widget-container\">\n\t\t\t\t\t<p class=\"elementor-heading-title elementor-size-default\">Video ansehen:<\/p>\t\t\t\t<\/div>\n\t\t\t\t<\/div>\n\t\t\t\t<div class=\"elementor-element elementor-element-87f4f72 elementor-widget elementor-widget-video\" data-id=\"87f4f72\" data-element_type=\"widget\" data-e-type=\"widget\" data-settings=\"{&quot;video_type&quot;:&quot;hosted&quot;,&quot;controls&quot;:&quot;yes&quot;}\" data-widget_type=\"video.default\">\n\t\t\t\t<div class=\"elementor-widget-container\">\n\t\t\t\t\t\t\t<div class=\"e-hosted-video elementor-wrapper elementor-open-inline\">\n\t\t\t\t\t<video class=\"elementor-video\" src=\"https:\/\/mills-nutrients.com\/wp-content\/uploads\/2026\/01\/Mills%20Ultimate%20PK%20animatie%20DE.mp4\" controls=\"\" preload=\"metadata\" controlsList=\"nodownload\"><\/video>\n\t\t\t\t<\/div>\n\t\t\t\t\t\t<\/div>\n\t\t\t\t<\/div>\n\t\t\t\t\t<\/div>\n\t\t\t\t<\/div>\n\t\t\t\t<\/div>\n\t\t","protected":false},"excerpt":{"rendered":"<p>Gibt deinen Pflanzen die zus\u00e4tzliche Leistung, die sie am Ende ihres Bl\u00fctezyklus ben\u00f6tigen.<\/p>\n","protected":false},"featured_media":4952,"template":"","meta":{"_acf_changed":false},"categories":[24,95],"class_list":["post-4980","product","type-product","status-publish","has-post-thumbnail","hentry","category-nutrients-regular","category-regulare-nahrstoffe"],"acf":[],"yoast_head":"<!-- This site is optimized with the Yoast SEO plugin v27.3 - https:\/\/yoast.com\/product\/yoast-seo-wordpress\/ -->\n<title>Mills ultimativer PK-Booster - Mills<\/title>\n<meta name=\"description\" content=\"Gib deinen Pflanzen am Ende ihres Bl\u00fctezyklus mit Mills Ultimate PK Booster extra Power und produziere dichtere, schwerere und ges\u00fcndere Fr\u00fcchte.\" \/>\n<meta name=\"robots\" content=\"index, follow, max-snippet:-1, max-image-preview:large, max-video-preview:-1\" \/>\n<link rel=\"canonical\" href=\"https:\/\/mills-nutrients.com\/de\/product\/ultimativer-pk-booster\/\" \/>\n<meta property=\"og:locale\" content=\"de_DE\" \/>\n<meta property=\"og:type\" content=\"article\" \/>\n<meta property=\"og:title\" content=\"Mills ultimativer PK-Booster - Mills\" \/>\n<meta property=\"og:description\" content=\"Gib deinen Pflanzen am Ende ihres Bl\u00fctezyklus mit Mills Ultimate PK Booster extra Power und produziere dichtere, schwerere und ges\u00fcndere Fr\u00fcchte.\" \/>\n<meta property=\"og:url\" content=\"https:\/\/mills-nutrients.com\/de\/product\/ultimativer-pk-booster\/\" \/>\n<meta property=\"og:site_name\" content=\"Mills\" \/>\n<meta property=\"article:modified_time\" content=\"2026-01-17T14:23:03+00:00\" \/>\n<meta property=\"og:image\" content=\"https:\/\/mills-nutrients.com\/wp-content\/uploads\/2025\/08\/pk-440x440-1.png\" \/>\n\t<meta property=\"og:image:width\" content=\"440\" \/>\n\t<meta property=\"og:image:height\" content=\"440\" \/>\n\t<meta property=\"og:image:type\" content=\"image\/png\" \/>\n<meta name=\"twitter:card\" content=\"summary_large_image\" \/>\n<meta name=\"twitter:label1\" content=\"Gesch\u00e4tzte Lesezeit\" \/>\n\t<meta name=\"twitter:data1\" content=\"1\u00a0Minute\" \/>\n<script type=\"application\/ld+json\" class=\"yoast-schema-graph\">{\"@context\":\"https:\\\/\\\/schema.org\",\"@graph\":[{\"@type\":\"WebPage\",\"@id\":\"https:\\\/\\\/mills-nutrients.com\\\/de\\\/product\\\/ultimativer-pk-booster\\\/\",\"url\":\"https:\\\/\\\/mills-nutrients.com\\\/de\\\/product\\\/ultimativer-pk-booster\\\/\",\"name\":\"Mills ultimativer PK-Booster - Mills\",\"isPartOf\":{\"@id\":\"https:\\\/\\\/mills-nutrients.com\\\/de\\\/#website\"},\"primaryImageOfPage\":{\"@id\":\"https:\\\/\\\/mills-nutrients.com\\\/de\\\/product\\\/ultimativer-pk-booster\\\/#primaryimage\"},\"image\":{\"@id\":\"https:\\\/\\\/mills-nutrients.com\\\/de\\\/product\\\/ultimativer-pk-booster\\\/#primaryimage\"},\"thumbnailUrl\":\"https:\\\/\\\/mills-nutrients.com\\\/wp-content\\\/uploads\\\/2025\\\/08\\\/pk-440x440-1.png\",\"datePublished\":\"2025-08-04T11:19:00+00:00\",\"dateModified\":\"2026-01-17T14:23:03+00:00\",\"description\":\"Gib deinen Pflanzen am Ende ihres Bl\u00fctezyklus mit Mills Ultimate PK Booster extra Power und produziere dichtere, schwerere und ges\u00fcndere Fr\u00fcchte.\",\"breadcrumb\":{\"@id\":\"https:\\\/\\\/mills-nutrients.com\\\/de\\\/product\\\/ultimativer-pk-booster\\\/#breadcrumb\"},\"inLanguage\":\"de\",\"potentialAction\":[{\"@type\":\"ReadAction\",\"target\":[\"https:\\\/\\\/mills-nutrients.com\\\/de\\\/product\\\/ultimativer-pk-booster\\\/\"]}]},{\"@type\":\"ImageObject\",\"inLanguage\":\"de\",\"@id\":\"https:\\\/\\\/mills-nutrients.com\\\/de\\\/product\\\/ultimativer-pk-booster\\\/#primaryimage\",\"url\":\"https:\\\/\\\/mills-nutrients.com\\\/wp-content\\\/uploads\\\/2025\\\/08\\\/pk-440x440-1.png\",\"contentUrl\":\"https:\\\/\\\/mills-nutrients.com\\\/wp-content\\\/uploads\\\/2025\\\/08\\\/pk-440x440-1.png\",\"width\":440,\"height\":440},{\"@type\":\"BreadcrumbList\",\"@id\":\"https:\\\/\\\/mills-nutrients.com\\\/de\\\/product\\\/ultimativer-pk-booster\\\/#breadcrumb\",\"itemListElement\":[{\"@type\":\"ListItem\",\"position\":1,\"name\":\"Home\",\"item\":\"https:\\\/\\\/mills-nutrients.com\\\/de\\\/\"},{\"@type\":\"ListItem\",\"position\":2,\"name\":\"Ultimativer PK-Booster\"}]},{\"@type\":\"WebSite\",\"@id\":\"https:\\\/\\\/mills-nutrients.com\\\/de\\\/#website\",\"url\":\"https:\\\/\\\/mills-nutrients.com\\\/de\\\/\",\"name\":\"Mills\",\"description\":\"\",\"publisher\":{\"@id\":\"https:\\\/\\\/mills-nutrients.com\\\/de\\\/#organization\"},\"potentialAction\":[{\"@type\":\"SearchAction\",\"target\":{\"@type\":\"EntryPoint\",\"urlTemplate\":\"https:\\\/\\\/mills-nutrients.com\\\/de\\\/?s={search_term_string}\"},\"query-input\":{\"@type\":\"PropertyValueSpecification\",\"valueRequired\":true,\"valueName\":\"search_term_string\"}}],\"inLanguage\":\"de\"},{\"@type\":\"Organization\",\"@id\":\"https:\\\/\\\/mills-nutrients.com\\\/de\\\/#organization\",\"name\":\"Mills\",\"url\":\"https:\\\/\\\/mills-nutrients.com\\\/de\\\/\",\"logo\":{\"@type\":\"ImageObject\",\"inLanguage\":\"de\",\"@id\":\"https:\\\/\\\/mills-nutrients.com\\\/de\\\/#\\\/schema\\\/logo\\\/image\\\/\",\"url\":\"https:\\\/\\\/mills-nutrients.com\\\/wp-content\\\/uploads\\\/2025\\\/08\\\/favicon-2-1.png\",\"contentUrl\":\"https:\\\/\\\/mills-nutrients.com\\\/wp-content\\\/uploads\\\/2025\\\/08\\\/favicon-2-1.png\",\"width\":48,\"height\":48,\"caption\":\"Mills\"},\"image\":{\"@id\":\"https:\\\/\\\/mills-nutrients.com\\\/de\\\/#\\\/schema\\\/logo\\\/image\\\/\"}}]}<\/script>\n<!-- \/ Yoast SEO plugin. -->","yoast_head_json":{"title":"Mills ultimativer PK-Booster - Mills","description":"Gib deinen Pflanzen am Ende ihres Bl\u00fctezyklus mit Mills Ultimate PK Booster extra Power und produziere dichtere, schwerere und ges\u00fcndere Fr\u00fcchte.","robots":{"index":"index","follow":"follow","max-snippet":"max-snippet:-1","max-image-preview":"max-image-preview:large","max-video-preview":"max-video-preview:-1"},"canonical":"https:\/\/mills-nutrients.com\/de\/product\/ultimativer-pk-booster\/","og_locale":"de_DE","og_type":"article","og_title":"Mills ultimativer PK-Booster - Mills","og_description":"Gib deinen Pflanzen am Ende ihres Bl\u00fctezyklus mit Mills Ultimate PK Booster extra Power und produziere dichtere, schwerere und ges\u00fcndere Fr\u00fcchte.","og_url":"https:\/\/mills-nutrients.com\/de\/product\/ultimativer-pk-booster\/","og_site_name":"Mills","article_modified_time":"2026-01-17T14:23:03+00:00","og_image":[{"width":440,"height":440,"url":"https:\/\/mills-nutrients.com\/wp-content\/uploads\/2025\/08\/pk-440x440-1.png","type":"image\/png"}],"twitter_card":"summary_large_image","twitter_misc":{"Gesch\u00e4tzte Lesezeit":"1\u00a0Minute"},"schema":{"@context":"https:\/\/schema.org","@graph":[{"@type":"WebPage","@id":"https:\/\/mills-nutrients.com\/de\/product\/ultimativer-pk-booster\/","url":"https:\/\/mills-nutrients.com\/de\/product\/ultimativer-pk-booster\/","name":"Mills ultimativer PK-Booster - Mills","isPartOf":{"@id":"https:\/\/mills-nutrients.com\/de\/#website"},"primaryImageOfPage":{"@id":"https:\/\/mills-nutrients.com\/de\/product\/ultimativer-pk-booster\/#primaryimage"},"image":{"@id":"https:\/\/mills-nutrients.com\/de\/product\/ultimativer-pk-booster\/#primaryimage"},"thumbnailUrl":"https:\/\/mills-nutrients.com\/wp-content\/uploads\/2025\/08\/pk-440x440-1.png","datePublished":"2025-08-04T11:19:00+00:00","dateModified":"2026-01-17T14:23:03+00:00","description":"Gib deinen Pflanzen am Ende ihres Bl\u00fctezyklus mit Mills Ultimate PK Booster extra Power und produziere dichtere, schwerere und ges\u00fcndere Fr\u00fcchte.","breadcrumb":{"@id":"https:\/\/mills-nutrients.com\/de\/product\/ultimativer-pk-booster\/#breadcrumb"},"inLanguage":"de","potentialAction":[{"@type":"ReadAction","target":["https:\/\/mills-nutrients.com\/de\/product\/ultimativer-pk-booster\/"]}]},{"@type":"ImageObject","inLanguage":"de","@id":"https:\/\/mills-nutrients.com\/de\/product\/ultimativer-pk-booster\/#primaryimage","url":"https:\/\/mills-nutrients.com\/wp-content\/uploads\/2025\/08\/pk-440x440-1.png","contentUrl":"https:\/\/mills-nutrients.com\/wp-content\/uploads\/2025\/08\/pk-440x440-1.png","width":440,"height":440},{"@type":"BreadcrumbList","@id":"https:\/\/mills-nutrients.com\/de\/product\/ultimativer-pk-booster\/#breadcrumb","itemListElement":[{"@type":"ListItem","position":1,"name":"Home","item":"https:\/\/mills-nutrients.com\/de\/"},{"@type":"ListItem","position":2,"name":"Ultimativer PK-Booster"}]},{"@type":"WebSite","@id":"https:\/\/mills-nutrients.com\/de\/#website","url":"https:\/\/mills-nutrients.com\/de\/","name":"Mills","description":"","publisher":{"@id":"https:\/\/mills-nutrients.com\/de\/#organization"},"potentialAction":[{"@type":"SearchAction","target":{"@type":"EntryPoint","urlTemplate":"https:\/\/mills-nutrients.com\/de\/?s={search_term_string}"},"query-input":{"@type":"PropertyValueSpecification","valueRequired":true,"valueName":"search_term_string"}}],"inLanguage":"de"},{"@type":"Organization","@id":"https:\/\/mills-nutrients.com\/de\/#organization","name":"Mills","url":"https:\/\/mills-nutrients.com\/de\/","logo":{"@type":"ImageObject","inLanguage":"de","@id":"https:\/\/mills-nutrients.com\/de\/#\/schema\/logo\/image\/","url":"https:\/\/mills-nutrients.com\/wp-content\/uploads\/2025\/08\/favicon-2-1.png","contentUrl":"https:\/\/mills-nutrients.com\/wp-content\/uploads\/2025\/08\/favicon-2-1.png","width":48,"height":48,"caption":"Mills"},"image":{"@id":"https:\/\/mills-nutrients.com\/de\/#\/schema\/logo\/image\/"}}]}},"_links":{"self":[{"href":"https:\/\/mills-nutrients.com\/de\/wp-json\/wp\/v2\/product\/4980","targetHints":{"allow":["GET"]}}],"collection":[{"href":"https:\/\/mills-nutrients.com\/de\/wp-json\/wp\/v2\/product"}],"about":[{"href":"https:\/\/mills-nutrients.com\/de\/wp-json\/wp\/v2\/types\/product"}],"version-history":[{"count":4,"href":"https:\/\/mills-nutrients.com\/de\/wp-json\/wp\/v2\/product\/4980\/revisions"}],"predecessor-version":[{"id":6070,"href":"https:\/\/mills-nutrients.com\/de\/wp-json\/wp\/v2\/product\/4980\/revisions\/6070"}],"wp:featuredmedia":[{"embeddable":true,"href":"https:\/\/mills-nutrients.com\/de\/wp-json\/wp\/v2\/media\/4952"}],"wp:attachment":[{"href":"https:\/\/mills-nutrients.com\/de\/wp-json\/wp\/v2\/media?parent=4980"}],"wp:term":[{"taxonomy":"category","embeddable":true,"href":"https:\/\/mills-nutrients.com\/de\/wp-json\/wp\/v2\/categories?post=4980"}],"curies":[{"name":"wp","href":"https:\/\/api.w.org\/{rel}","templated":true}]}}