{"id":4630,"date":"2023-08-16T14:01:59","date_gmt":"2023-08-16T12:01:59","guid":{"rendered":"https:\/\/mills-nutrients.com\/datenschutzerklaerung\/"},"modified":"2025-11-20T09:45:07","modified_gmt":"2025-11-20T08:45:07","slug":"datenschutzerklaerung","status":"publish","type":"page","link":"https:\/\/mills-nutrients.com\/de\/datenschutzerklaerung\/","title":{"rendered":"Datenschutzerkl\u00e4rung"},"content":{"rendered":"\t\t<div data-elementor-type=\"wp-page\" data-elementor-id=\"4630\" class=\"elementor elementor-4630 elementor-25\" data-elementor-post-type=\"page\">\n\t\t\t\t<div class=\"elementor-element elementor-element-c655ea9 e-flex e-con-boxed e-con e-parent\" data-id=\"c655ea9\" data-element_type=\"container\" data-e-type=\"container\">\n\t\t\t\t\t<div class=\"e-con-inner\">\n\t\t\t\t<div class=\"elementor-element elementor-element-ee8993a elementor-widget elementor-widget-heading\" data-id=\"ee8993a\" data-element_type=\"widget\" data-e-type=\"widget\" data-widget_type=\"heading.default\">\n\t\t\t\t<div class=\"elementor-widget-container\">\n\t\t\t\t\t<h1 class=\"elementor-heading-title elementor-size-default\">Datenschutzbestimmungen <span style=\"color: #f05121\">.<\/span>\n<\/h1>\t\t\t\t<\/div>\n\t\t\t\t<\/div>\n\t\t\t\t<div class=\"elementor-element elementor-element-77be6a1 elementor-widget elementor-widget-text-editor\" data-id=\"77be6a1\" data-element_type=\"widget\" data-e-type=\"widget\" data-widget_type=\"text-editor.default\">\n\t\t\t\t<div class=\"elementor-widget-container\">\n\t\t\t\t\t\t\t\t\t<p>Vielen Dank f\u00fcr deinen Besuch auf der Datenschutzerkl\u00e4rung von Mills Nutrients. Diese Datenschutzerkl\u00e4rung erl\u00e4utert, wie Mills Nutrients B.V. (zusammenfassend \u201eMills Nutrients\u201c, \u201ewir\u201c oder \u201euns\u201c) Informationen \u00fcber dich (\u201edu\u201c oder \u201eNutzer\u201c) sammelt, verwendet und weitergibt, wenn du unsere Websites (\u201eDienste\u201c) aufrufst oder nutzt. <\/p><p>Nutzer sind f\u00fcr alle Daten Dritter verantwortlich, die sie \u00fcber die Dienste bereitstellen oder teilen, und best\u00e4tigen, dass sie die Zustimmung des Dritten haben, uns diese Daten zur Verf\u00fcgung zu stellen.<\/p><h3>Informationen, die wir sammeln<\/h3><p>Wir k\u00f6nnen Informationen \u00fcber dich sammeln und kombinieren, wenn du auf die Dienste zugreifst oder sie nutzt, einschlie\u00dflich:<\/p><p><strong>Kontaktdaten<\/strong>: wie Adresse (Stra\u00dfe, Stadt, Bundesland, Postleitzahl)<\/p><p><strong>Protokoll- und Nutzungsdaten<\/strong>: wie Browsertyp, Hardwaremodell, Betriebssystem, IP-Adresse, eindeutige Ger\u00e4tekennungen, Zugriffszeiten, angesehene Seiten, geklickte Links, Surfverhalten wie Verweildauer, von welcher Website du gekommen bist und welche Website du besuchst, wenn du uns verl\u00e4sst.<\/p><p><strong>Kontoinformationen<\/strong>: Wenn du ein Konto bei den Diensten erstellst, sammeln wir die Informationen, die du uns im Zusammenhang mit dem Konto gibst, wie Vor- und Nachname, Benutzername, Passwort und E-Mail-Adresse.<\/p><p><strong>Transaktionsinformationen<\/strong>: wie Artikel in deinem Warenkorb, gekaufte Produkte, Produktdetails, Versandinformationen, Kaufpreis, Kaufdatum und Zahlungsinformationen.<\/p><h3>Wie wir deine Informationen verwenden<\/h3><p>Wir verwenden die Informationen, die wir \u00fcber dich sammeln, um unsere Dienste und andere Interaktionen, die wir mit dir haben, bereitzustellen, zu pflegen und zu verbessern. Zum Beispiel verwenden wir die gesammelten Informationen, um: <\/p><ul><li>Unsere Online-Erfahrung zu erleichtern und zu verbessern;<\/li><li>Produkte und Dienstleistungen bereitzustellen und zu liefern, Authentifizierungen durchzuf\u00fchren, Transaktionen und R\u00fccksendungen zu verarbeiten und dir entsprechende Informationen zu senden, einschlie\u00dflich Best\u00e4tigungen, Quittungen, Rechnungen, Umfragen zur Kundenzufriedenheit und produkt- oder dienstleistungsbezogene Mitteilungen;<\/li><li>Werbeaktionen zu verarbeiten und zu liefern;<\/li><li>Auf deine Kommentare und Fragen zu antworten und Kundenservice zu bieten;<\/li><li>Wenn du uns mitgeteilt hast, dass du Benachrichtigungen oder Werbebotschaften erhalten m\u00f6chtest;<\/li><li>Betr\u00fcgerische Transaktionen und andere illegale Aktivit\u00e4ten zu erkennen, zu untersuchen und zu verhindern und unsere Rechte und unser Eigentum sowie das anderer zu sch\u00fctzen;<\/li><li>Unsere rechtlichen und finanziellen Verpflichtungen zu erf\u00fcllen;<\/li><li>Trends, Nutzung und Aktivit\u00e4ten zu \u00fcberwachen und zu analysieren;<\/li><li>Werbung und Marketing, die auf deine Interessen zugeschnitten sind, bereitzustellen und unseren Partnern zu erm\u00f6glichen, diese bereitzustellen.<\/li><\/ul><h3>Wie wir Informationen teilen k\u00f6nnen<\/h3><p>Wir k\u00f6nnen deine pers\u00f6nlichen Informationen in den folgenden Situationen teilen:<\/p><p><strong>Drittanbieter von Dienstleistungen<\/strong>: Wir k\u00f6nnen Daten mit Dienstleistern, Anbietern, Auftragnehmern oder Agenten teilen, die Transaktionen abschlie\u00dfen oder Dienstleistungen in unserem Namen erbringen, wie z. B. solche, die uns bei unseren Gesch\u00e4fts- und internen Abl\u00e4ufen wie Versand und Lieferung, Zahlungsabwicklung, Betrugspr\u00e4vention, Kundenservice, Personalisierung, Marketing und Werbung unterst\u00fctzen.<\/p><p><strong>Gesch\u00e4fts\u00e4nderung<\/strong>: Wir k\u00f6nnen Daten im Zusammenhang mit einer gesch\u00e4ftlichen Unternehmenstransaktion teilen, wie z. B. einer Fusion oder \u00dcbernahme unseres gesamten Gesch\u00e4fts oder eines Teils davon durch ein anderes Unternehmen, einem Joint Venture, einer Unternehmensumstrukturierung, Insolvenz oder Konkurs, Finanzierung oder dem Verkauf von Unternehmensverm\u00f6gen.<\/p><p><strong>Zur Einhaltung von Gesetzen<\/strong>: Wir k\u00f6nnen Daten teilen, um rechtliche Prozesse aufgrund rechtm\u00e4\u00dfiger Anfragen von Beh\u00f6rden zu erleichtern, einschlie\u00dflich der Erf\u00fcllung von Anforderungen der nationalen Sicherheit oder der Strafverfolgung, soweit gesetzlich zul\u00e4ssig.<\/p><p><strong>Mit deiner Zustimmung<\/strong>: Wir k\u00f6nnen Daten mit Dritten teilen, wenn wir deine Zustimmung haben.<\/p><p><strong>Mit Werbe- und Analysepartnern<\/strong>: Siehe den Abschnitt \u201eWerbung und Analyse\u201c unten.<\/p><h3>Google Analytics<\/h3><p>Wir nutzen Google Analytics, einen Analysedienst von Google LLC. Wir nutzen diesen Dienst, um zu analysieren, wie Nutzer den Dienst verwenden, mit dem Ziel, die Nutzung \u00fcber verschiedene Ger\u00e4te hinweg zu analysieren und Verbesserungen f\u00fcr alle Nutzer anzubieten. Um mehr \u00fcber Google Analytics zu erfahren, besuche bitte deren <a target=\"_new\" rel=\"noopener\">Datenschutzerkl\u00e4rung<\/a>. Um diese Funktion durch die Installation des Google Analytics Opt-out Browser-Add-ons zu deaktivieren, klicke bitte <a target=\"_new\" rel=\"noopener\">hier<\/a>.   <\/p><h3>Datensicherheit<\/h3><p>Wir implementieren wirtschaftlich angemessene Sicherheitsma\u00dfnahmen, die darauf abzielen, deine Informationen zu sch\u00fctzen. Jedoch sind keine Sicherheitsma\u00dfnahmen vollst\u00e4ndig undurchdringlich. <\/p><h3>Datenaufbewahrung<\/h3><p>Wir speichern die Informationen, die wir \u00fcber dich sammeln, so lange wie f\u00fcr den\/die Zweck(e), f\u00fcr den\/die wir sie gesammelt haben, oder f\u00fcr andere legitime Gesch\u00e4ftszwecke erforderlich, einschlie\u00dflich der Erf\u00fcllung unserer rechtlichen, regulatorischen oder sonstigen Compliance-Verpflichtungen.<\/p><h3>EU-Datenschutzrechte<\/h3><p>Personen in bestimmten L\u00e4ndern, einschlie\u00dflich des Europ\u00e4ischen Wirtschaftsraums (EWR) und des Vereinigten K\u00f6nigreichs, haben bestimmte gesetzliche Rechte gem\u00e4\u00df der Datenschutz-Grundverordnung (DSGVO) in Bezug auf ihre pers\u00f6nlichen Daten.<\/p><p>Soweit die von uns gesammelten Informationen mit einer identifizierten oder identifizierbaren nat\u00fcrlichen Person verbunden sind und als personenbezogene Daten gem\u00e4\u00df DSGVO gesch\u00fctzt sind, werden sie in dieser Datenschutzerkl\u00e4rung als \u201epersonenbezogene Daten\u201c bezeichnet.<\/p><h4>Anfragen von betroffenen Personen<\/h4><p>Vorbehaltlich gesetzlich vorgesehener Ausnahmen hast du m\u00f6glicherweise das Recht, Folgendes zu beantragen:<\/p><ul><li>Eine Kopie der personenbezogenen Daten, die wir \u00fcber dich speichern;<\/li><li>Die personenbezogenen Daten, die wir \u00fcber dich speichern, zu korrigieren;<\/li><li>Dein Konto oder deine personenbezogenen Daten zu l\u00f6schen;<\/li><li>Der Verarbeitung deiner personenbezogenen Daten f\u00fcr bestimmte Zwecke zu widersprechen.<\/li><\/ul><p>Um deine Datenschutzrechte auszu\u00fcben, sende uns eine E-Mail an <a rel=\"noopener\">info@mills-nutrients.com<\/a>.<\/p><p>Wir werden Anfragen in der Regel innerhalb eines Monats bearbeiten. Wir m\u00fcssen m\u00f6glicherweise spezifische Informationen von dir anfordern, um deine Identit\u00e4t und\/oder die Gerichtsbarkeit, in der du wohnst, zu best\u00e4tigen. Wenn deine Anfrage kompliziert ist oder du eine gro\u00dfe Anzahl von Anfragen gestellt hast, kann es l\u00e4nger dauern. Wir werden dich informieren, wenn wir l\u00e4nger als einen Monat f\u00fcr die Beantwortung ben\u00f6tigen.   <\/p><h3>Rechtsgrundlagen f\u00fcr die Verarbeitung personenbezogener Daten<\/h3><p>Wir k\u00f6nnen deine personenbezogenen Daten gem\u00e4\u00df geltendem Datenschutzrecht auf den folgenden Rechtsgrundlagen verarbeiten:<\/p><ul><li><strong>Vertragliche Notwendigkeit<\/strong>: Wir k\u00f6nnen deine personenbezogenen Daten verarbeiten, um einen Vertrag mit dir abzuschlie\u00dfen oder zu erf\u00fcllen.<\/li><li><strong>Einwilligung<\/strong>: Wo du deine Einwilligung zur Verarbeitung deiner personenbezogenen Daten gegeben hast. Du kannst deine Einwilligung jederzeit widerrufen. <\/li><li><strong>Berechtigtes Interesse<\/strong>: Wir verarbeiten deine personenbezogenen Daten, um dir unsere Dienste bereitzustellen, z. B. um unsere Online-Benutzererfahrung zu verbessern, mit dir zu kommunizieren, Kundenservice zu bieten und unser Gesch\u00e4ft zu verbessern.<\/li><\/ul><h3>Altersbeschr\u00e4nkungen<\/h3><p>Unser Dienst ist f\u00fcr Erwachsene ab 18 Jahren bestimmt. Wir sammeln wissentlich keine pers\u00f6nlich identifizierbaren Informationen von Kindern. Wenn du ein Elternteil oder Erziehungsberechtigter bist und denkst, dass dein Kind unter 13 Jahren uns Informationen gegeben hat, sende uns bitte eine E-Mail oder schreibe uns an die am Ende dieser Datenschutzerkl\u00e4rung angegebene Adresse. Bitte kennzeichne deine Anfragen mit \u201eCOPPA Informationsanfrage\u201c.   <\/p><h3>\u00c4nderungen dieser Datenschutzerkl\u00e4rung<\/h3><p>Mills Nutrients kann diese Datenschutzerkl\u00e4rung von Zeit zu Zeit \u00e4ndern. Wir ermutigen dich, diese Seite regelm\u00e4\u00dfig zu besuchen, um auf dem Laufenden zu bleiben. Wenn die \u00c4nderungen wesentlich sind, k\u00f6nnen wir dich zus\u00e4tzlich per E-Mail oder \u00fcber unsere Dienste benachrichtigen. Deine fortgesetzte Nutzung der Dienste zeigt deine Akzeptanz der ge\u00e4nderten Datenschutzerkl\u00e4rung.   <\/p><h3>Newsletter<\/h3><p>Du kannst den Empfang unserer Marketing-E-Mails und\/oder Newsletter abbestellen, indem du uns wie unter \u201eKontaktiere uns\u201c unten beschrieben kontaktierst. Wir k\u00f6nnen dir weiterhin transaktionale Nachrichten senden, die dienstbezogene Mitteilungen und Antworten auf deine Fragen enthalten. <\/p><h3>Speicherung von Informationen<\/h3><p>Informationen, die wir pflegen, k\u00f6nnen sowohl innerhalb als auch au\u00dferhalb der Europ\u00e4ischen Union gespeichert werden. Wenn du au\u00dferhalb der EU lebst, verstehst und stimmst du zu, dass wir deine Informationen international \u00fcbertragen k\u00f6nnen und dass die Gesetze in anderen L\u00e4ndern m\u00f6glicherweise nicht das gleiche Schutzniveau bieten wie die in deinem Land. <\/p><h3>Kontaktieren Sie uns<\/h3><p>Wenn du Fragen, Kommentare oder Bedenken bez\u00fcglich dieser Datenschutzerkl\u00e4rung hast, kannst du uns kontaktieren unter:<\/p><p>Mills Nutrients<br>info@mills-nutrients.com<br>+31 20 223 3957<\/p>\t\t\t\t\t\t\t\t<\/div>\n\t\t\t\t<\/div>\n\t\t\t\t\t<\/div>\n\t\t\t\t<\/div>\n\t\t\t\t<\/div>\n\t\t","protected":false},"excerpt":{"rendered":"<p>Datenschutzbestimmungen . Vielen Dank f\u00fcr deinen Besuch auf der Datenschutzerkl\u00e4rung von Mills Nutrients. Diese Datenschutzerkl\u00e4rung erl\u00e4utert, wie Mills Nutrients B.V. (zusammenfassend \u201eMills Nutrients\u201c, \u201ewir\u201c oder \u201euns\u201c) Informationen \u00fcber dich (\u201edu\u201c oder \u201eNutzer\u201c) sammelt, verwendet und weitergibt, wenn du unsere Websites (\u201eDienste\u201c) aufrufst oder nutzt. Nutzer sind f\u00fcr alle Daten Dritter verantwortlich, die sie \u00fcber die [&hellip;]<\/p>\n","protected":false},"author":6,"featured_media":0,"parent":0,"menu_order":18,"comment_status":"closed","ping_status":"closed","template":"elementor_header_footer","meta":{"_acf_changed":false,"footnotes":""},"class_list":["post-4630","page","type-page","status-publish","hentry"],"acf":[],"yoast_head":"<!-- This site is optimized with the Yoast SEO plugin v27.3 - https:\/\/yoast.com\/product\/yoast-seo-wordpress\/ -->\n<title>Datenschutzerkl\u00e4rung - Mills<\/title>\n<meta name=\"robots\" content=\"index, follow, max-snippet:-1, max-image-preview:large, max-video-preview:-1\" \/>\n<link rel=\"canonical\" href=\"https:\/\/mills-nutrients.com\/de\/datenschutzerklaerung\/\" \/>\n<meta property=\"og:locale\" content=\"de_DE\" \/>\n<meta property=\"og:type\" content=\"article\" \/>\n<meta property=\"og:title\" content=\"Datenschutzerkl\u00e4rung - Mills\" \/>\n<meta property=\"og:description\" content=\"Datenschutzbestimmungen . Vielen Dank f\u00fcr deinen Besuch auf der Datenschutzerkl\u00e4rung von Mills Nutrients. Diese Datenschutzerkl\u00e4rung erl\u00e4utert, wie Mills Nutrients B.V. (zusammenfassend \u201eMills Nutrients\u201c, \u201ewir\u201c oder \u201euns\u201c) Informationen \u00fcber dich (\u201edu\u201c oder \u201eNutzer\u201c) sammelt, verwendet und weitergibt, wenn du unsere Websites (\u201eDienste\u201c) aufrufst oder nutzt. Nutzer sind f\u00fcr alle Daten Dritter verantwortlich, die sie \u00fcber die [&hellip;]\" \/>\n<meta property=\"og:url\" content=\"https:\/\/mills-nutrients.com\/de\/datenschutzerklaerung\/\" \/>\n<meta property=\"og:site_name\" content=\"Mills\" \/>\n<meta property=\"article:modified_time\" content=\"2025-11-20T08:45:07+00:00\" \/>\n<meta name=\"twitter:card\" content=\"summary_large_image\" \/>\n<meta name=\"twitter:label1\" content=\"Gesch\u00e4tzte Lesezeit\" \/>\n\t<meta name=\"twitter:data1\" content=\"6\u00a0Minuten\" \/>\n<script type=\"application\/ld+json\" class=\"yoast-schema-graph\">{\"@context\":\"https:\\\/\\\/schema.org\",\"@graph\":[{\"@type\":\"WebPage\",\"@id\":\"https:\\\/\\\/mills-nutrients.com\\\/de\\\/datenschutzerklaerung\\\/\",\"url\":\"https:\\\/\\\/mills-nutrients.com\\\/de\\\/datenschutzerklaerung\\\/\",\"name\":\"Datenschutzerkl\u00e4rung - Mills\",\"isPartOf\":{\"@id\":\"https:\\\/\\\/mills-nutrients.com\\\/de\\\/#website\"},\"datePublished\":\"2023-08-16T12:01:59+00:00\",\"dateModified\":\"2025-11-20T08:45:07+00:00\",\"breadcrumb\":{\"@id\":\"https:\\\/\\\/mills-nutrients.com\\\/de\\\/datenschutzerklaerung\\\/#breadcrumb\"},\"inLanguage\":\"de\",\"potentialAction\":[{\"@type\":\"ReadAction\",\"target\":[\"https:\\\/\\\/mills-nutrients.com\\\/de\\\/datenschutzerklaerung\\\/\"]}]},{\"@type\":\"BreadcrumbList\",\"@id\":\"https:\\\/\\\/mills-nutrients.com\\\/de\\\/datenschutzerklaerung\\\/#breadcrumb\",\"itemListElement\":[{\"@type\":\"ListItem\",\"position\":1,\"name\":\"Home\",\"item\":\"https:\\\/\\\/mills-nutrients.com\\\/de\\\/\"},{\"@type\":\"ListItem\",\"position\":2,\"name\":\"Datenschutzerkl\u00e4rung\"}]},{\"@type\":\"WebSite\",\"@id\":\"https:\\\/\\\/mills-nutrients.com\\\/de\\\/#website\",\"url\":\"https:\\\/\\\/mills-nutrients.com\\\/de\\\/\",\"name\":\"Mills\",\"description\":\"\",\"publisher\":{\"@id\":\"https:\\\/\\\/mills-nutrients.com\\\/de\\\/#organization\"},\"potentialAction\":[{\"@type\":\"SearchAction\",\"target\":{\"@type\":\"EntryPoint\",\"urlTemplate\":\"https:\\\/\\\/mills-nutrients.com\\\/de\\\/?s={search_term_string}\"},\"query-input\":{\"@type\":\"PropertyValueSpecification\",\"valueRequired\":true,\"valueName\":\"search_term_string\"}}],\"inLanguage\":\"de\"},{\"@type\":\"Organization\",\"@id\":\"https:\\\/\\\/mills-nutrients.com\\\/de\\\/#organization\",\"name\":\"Mills\",\"url\":\"https:\\\/\\\/mills-nutrients.com\\\/de\\\/\",\"logo\":{\"@type\":\"ImageObject\",\"inLanguage\":\"de\",\"@id\":\"https:\\\/\\\/mills-nutrients.com\\\/de\\\/#\\\/schema\\\/logo\\\/image\\\/\",\"url\":\"https:\\\/\\\/mills-nutrients.com\\\/wp-content\\\/uploads\\\/2025\\\/08\\\/favicon-2-1.png\",\"contentUrl\":\"https:\\\/\\\/mills-nutrients.com\\\/wp-content\\\/uploads\\\/2025\\\/08\\\/favicon-2-1.png\",\"width\":48,\"height\":48,\"caption\":\"Mills\"},\"image\":{\"@id\":\"https:\\\/\\\/mills-nutrients.com\\\/de\\\/#\\\/schema\\\/logo\\\/image\\\/\"}}]}<\/script>\n<!-- \/ Yoast SEO plugin. -->","yoast_head_json":{"title":"Datenschutzerkl\u00e4rung - Mills","robots":{"index":"index","follow":"follow","max-snippet":"max-snippet:-1","max-image-preview":"max-image-preview:large","max-video-preview":"max-video-preview:-1"},"canonical":"https:\/\/mills-nutrients.com\/de\/datenschutzerklaerung\/","og_locale":"de_DE","og_type":"article","og_title":"Datenschutzerkl\u00e4rung - Mills","og_description":"Datenschutzbestimmungen . Vielen Dank f\u00fcr deinen Besuch auf der Datenschutzerkl\u00e4rung von Mills Nutrients. Diese Datenschutzerkl\u00e4rung erl\u00e4utert, wie Mills Nutrients B.V. (zusammenfassend \u201eMills Nutrients\u201c, \u201ewir\u201c oder \u201euns\u201c) Informationen \u00fcber dich (\u201edu\u201c oder \u201eNutzer\u201c) sammelt, verwendet und weitergibt, wenn du unsere Websites (\u201eDienste\u201c) aufrufst oder nutzt. Nutzer sind f\u00fcr alle Daten Dritter verantwortlich, die sie \u00fcber die [&hellip;]","og_url":"https:\/\/mills-nutrients.com\/de\/datenschutzerklaerung\/","og_site_name":"Mills","article_modified_time":"2025-11-20T08:45:07+00:00","twitter_card":"summary_large_image","twitter_misc":{"Gesch\u00e4tzte Lesezeit":"6\u00a0Minuten"},"schema":{"@context":"https:\/\/schema.org","@graph":[{"@type":"WebPage","@id":"https:\/\/mills-nutrients.com\/de\/datenschutzerklaerung\/","url":"https:\/\/mills-nutrients.com\/de\/datenschutzerklaerung\/","name":"Datenschutzerkl\u00e4rung - Mills","isPartOf":{"@id":"https:\/\/mills-nutrients.com\/de\/#website"},"datePublished":"2023-08-16T12:01:59+00:00","dateModified":"2025-11-20T08:45:07+00:00","breadcrumb":{"@id":"https:\/\/mills-nutrients.com\/de\/datenschutzerklaerung\/#breadcrumb"},"inLanguage":"de","potentialAction":[{"@type":"ReadAction","target":["https:\/\/mills-nutrients.com\/de\/datenschutzerklaerung\/"]}]},{"@type":"BreadcrumbList","@id":"https:\/\/mills-nutrients.com\/de\/datenschutzerklaerung\/#breadcrumb","itemListElement":[{"@type":"ListItem","position":1,"name":"Home","item":"https:\/\/mills-nutrients.com\/de\/"},{"@type":"ListItem","position":2,"name":"Datenschutzerkl\u00e4rung"}]},{"@type":"WebSite","@id":"https:\/\/mills-nutrients.com\/de\/#website","url":"https:\/\/mills-nutrients.com\/de\/","name":"Mills","description":"","publisher":{"@id":"https:\/\/mills-nutrients.com\/de\/#organization"},"potentialAction":[{"@type":"SearchAction","target":{"@type":"EntryPoint","urlTemplate":"https:\/\/mills-nutrients.com\/de\/?s={search_term_string}"},"query-input":{"@type":"PropertyValueSpecification","valueRequired":true,"valueName":"search_term_string"}}],"inLanguage":"de"},{"@type":"Organization","@id":"https:\/\/mills-nutrients.com\/de\/#organization","name":"Mills","url":"https:\/\/mills-nutrients.com\/de\/","logo":{"@type":"ImageObject","inLanguage":"de","@id":"https:\/\/mills-nutrients.com\/de\/#\/schema\/logo\/image\/","url":"https:\/\/mills-nutrients.com\/wp-content\/uploads\/2025\/08\/favicon-2-1.png","contentUrl":"https:\/\/mills-nutrients.com\/wp-content\/uploads\/2025\/08\/favicon-2-1.png","width":48,"height":48,"caption":"Mills"},"image":{"@id":"https:\/\/mills-nutrients.com\/de\/#\/schema\/logo\/image\/"}}]}},"_links":{"self":[{"href":"https:\/\/mills-nutrients.com\/de\/wp-json\/wp\/v2\/pages\/4630","targetHints":{"allow":["GET"]}}],"collection":[{"href":"https:\/\/mills-nutrients.com\/de\/wp-json\/wp\/v2\/pages"}],"about":[{"href":"https:\/\/mills-nutrients.com\/de\/wp-json\/wp\/v2\/types\/page"}],"author":[{"embeddable":true,"href":"https:\/\/mills-nutrients.com\/de\/wp-json\/wp\/v2\/users\/6"}],"replies":[{"embeddable":true,"href":"https:\/\/mills-nutrients.com\/de\/wp-json\/wp\/v2\/comments?post=4630"}],"version-history":[{"count":2,"href":"https:\/\/mills-nutrients.com\/de\/wp-json\/wp\/v2\/pages\/4630\/revisions"}],"predecessor-version":[{"id":4632,"href":"https:\/\/mills-nutrients.com\/de\/wp-json\/wp\/v2\/pages\/4630\/revisions\/4632"}],"wp:attachment":[{"href":"https:\/\/mills-nutrients.com\/de\/wp-json\/wp\/v2\/media?parent=4630"}],"curies":[{"name":"wp","href":"https:\/\/api.w.org\/{rel}","templated":true}]}}