{"id":4625,"date":"2025-08-18T07:08:30","date_gmt":"2025-08-18T05:08:30","guid":{"rendered":"https:\/\/mills-nutrients.com\/haftungsausschluss\/"},"modified":"2025-11-20T09:44:24","modified_gmt":"2025-11-20T08:44:24","slug":"haftungsausschluss","status":"publish","type":"page","link":"https:\/\/mills-nutrients.com\/de\/haftungsausschluss\/","title":{"rendered":"Haftungsausschluss"},"content":{"rendered":"\t\t<div data-elementor-type=\"wp-page\" data-elementor-id=\"4625\" class=\"elementor elementor-4625 elementor-1977\" data-elementor-post-type=\"page\">\n\t\t\t\t<div class=\"elementor-element elementor-element-c655ea9 e-flex e-con-boxed e-con e-parent\" data-id=\"c655ea9\" data-element_type=\"container\" data-e-type=\"container\">\n\t\t\t\t\t<div class=\"e-con-inner\">\n\t\t\t\t<div class=\"elementor-element elementor-element-ee8993a elementor-widget elementor-widget-heading\" data-id=\"ee8993a\" data-element_type=\"widget\" data-e-type=\"widget\" data-widget_type=\"heading.default\">\n\t\t\t\t<div class=\"elementor-widget-container\">\n\t\t\t\t\t<h1 class=\"elementor-heading-title elementor-size-default\">Haftungsausschluss <span style=\"color: #f05121\">.<\/span>\n<\/h1>\t\t\t\t<\/div>\n\t\t\t\t<\/div>\n\t\t\t\t<div class=\"elementor-element elementor-element-77be6a1 elementor-widget elementor-widget-text-editor\" data-id=\"77be6a1\" data-element_type=\"widget\" data-e-type=\"widget\" data-widget_type=\"text-editor.default\">\n\t\t\t\t<div class=\"elementor-widget-container\">\n\t\t\t\t\t\t\t\t\t<p>Absatz 1 \u2013 Der Abnehmer wird die von Mills Nutrients &amp; Substrates zu liefernde Pflanzennahrung nicht zur Verf\u00fcgung stellen, liefern, zubereiten, bearbeiten, verarbeiten, zum Verkauf anbieten, verkaufen, bereitstellen, transportieren, herstellen oder besitzen, wenn er wei\u00df oder ernsthafte Gr\u00fcnde zu der Annahme hat, dass sie dazu bestimmt sind, eine der in Artikel 11a in Verbindung mit Artikel 11 Absatz 3 und 5 des Opiumgesetzes sowie Artikel 1 Absatz 2 der Opiumgesetzverordnung strafbaren Handlungen zu begehen, n\u00e4mlich zum Zwecke des gewerblichen oder gesch\u00e4ftsm\u00e4\u00dfigen, oder des gro\u00dffl\u00e4chigen oder professionellen Hanfanbaus im Sinne dieser Artikel.<\/p><p>Absatz 2 \u2013 Dem Abnehmer ist bekannt, dass das Anbieten zum Verkauf, der Verkauf, die Lieferung oder die Bereitstellung von durch Mills Nutrients &amp; Substrates gelieferter Pflanzennahrung an einen anderen Abnehmer, der sich des oben genannten gewerblichen oder gesch\u00e4ftsm\u00e4\u00dfigen, gro\u00dffl\u00e4chigen Anbaus und\/oder organisierten Hanfanbaus schuldig macht, oder dessen Erleichterung, m\u00f6glicherweise den Verdacht auf Mills Nutrients &amp; Substrates lenkt, eine Straftat im Sinne von Artikel 11a i.V.m. Artikel 11 Absatz 3 und Absatz 5 des Opiumgesetzes.<\/p><p>Absatz 3 \u2013 Im Rahmen der Sorgfaltspflicht sowohl f\u00fcr Mills Nutrients &amp; Substrates als auch f\u00fcr den Abnehmer der von Mills Nutrients &amp; Substrates gelieferten Pflanzennahrung, um zu verhindern, dass Mills Nutrients &amp; Substrates sich einer Verletzung von Artikel 11a des Opiumgesetzes schuldig macht, erkl\u00e4rt der Abnehmer durch die Aufgabe seiner Bestellung bei Mills Nutrients &amp; Substrates, dass die von ihm bestellte Pflanzennahrung nicht dazu bestimmt ist, verwendet, zur Verf\u00fcgung gestellt, geliefert, zubereitet, bearbeitet, verarbeitet, zum Verkauf angeboten, verkauft, bereitgestellt oder transportiert zu werden, zum Zwecke oder in Bezug auf den gewerblichen oder gesch\u00e4ftsm\u00e4\u00dfigen, oder den gro\u00dffl\u00e4chigen oder professionellen Hanfanbau.<\/p><p>Absatz 4 \u2013 Sollte der Abnehmer in irgendeiner Weise Kenntnis davon erlangen, dass von ihm gekaufte oder gelieferte Pflanzennahrung im gewerblichen oder gesch\u00e4ftsm\u00e4\u00dfigen, oder im gro\u00dffl\u00e4chigen oder professionellen Hanfanbau im Sinne dieses Haftungsausschlusses verwendet wird, so verpflichtet er sich durch den Kauf und die Abnahme von Pflanzennahrung von Mills Nutrients &amp; Substrates, diese Kenntnis Mills Nutrients &amp; Substrates unverz\u00fcglich mitzuteilen.<\/p><p>Absatz 5 \u2013 Handelt der Abnehmer entgegen den Bestimmungen dieses Haftungsausschlusses, wird Mills Nutrients &amp; Substrates den Kaufvertrag unverz\u00fcglich aufl\u00f6sen und nicht zur Lieferung \u00fcbergehen. Alle gesch\u00e4ftlichen Kontakte mit dem betreffenden Abnehmer werden in diesem Fall unverz\u00fcglich beendet. Mills Nutrients &amp; Substrates ist in diesem Fall berechtigt, dem Abnehmer s\u00e4mtlichen Schaden, einschlie\u00dflich entgangenen Gewinns, in Rechnung zu stellen. In diesem Fall besteht kein Anspruch auf Schadensersatz f\u00fcr den Abnehmer.<\/p><p>Absatz 6 \u2013 Bietet der Abnehmer die bei Mills Nutrients &amp; Substrates zu bestellende Pflanzennahrung entgegen diesem Haftungsausschluss und\/oder der niederl\u00e4ndischen Opiumgesetzgebung bez\u00fcglich Pflanzennahrung und\/oder Cannabisprodukten zum Verkauf an, verkauft, liefert oder stellt sie zum Zwecke des gewerblichen oder gesch\u00e4ftsm\u00e4\u00dfigen, oder des gro\u00dffl\u00e4chigen oder professionellen Hanfanbaus zur Verf\u00fcgung, so haftet er f\u00fcr den gesamten Schaden, den Mills Nutrients &amp; Substrates infolge jeder strafrechtlichen Untersuchung und\/oder Strafverfolgung sowie infolge der eventuellen verwaltungsrechtlichen Ma\u00dfnahmen, die gegen Mills Nutrients &amp; Substrates und\/oder ihre Mitarbeiter gefordert werden, erleiden wird.<\/p><p>Absatz 7 \u2013 Unter Schaden sind alle direkten oder indirekten Sch\u00e4den, materielle und immaterielle Sch\u00e4den, Gesch\u00e4ftssch\u00e4den, Folgesch\u00e4den und sonstige Sch\u00e4den zu verstehen, die Mills Nutrients &amp; Substrates infolge der strafrechtlichen Untersuchung und\/oder der Strafverfolgung und\/oder der verwaltungsrechtlichen Ma\u00dfnahmen erleiden wird. Unter diesem Schaden sind ferner, aber nicht ausschlie\u00dflich, entgangener Gewinn, Kosten f\u00fcr Rechtsbeistand und sonstige Beratungen, Reputationssch\u00e4den, Warenverlust, materielle und immaterielle Sch\u00e4den zu verstehen.<\/p>\t\t\t\t\t\t\t\t<\/div>\n\t\t\t\t<\/div>\n\t\t\t\t\t<\/div>\n\t\t\t\t<\/div>\n\t\t\t\t<\/div>\n\t\t","protected":false},"excerpt":{"rendered":"<p>Haftungsausschluss . Absatz 1 \u2013 Der Abnehmer wird die von Mills Nutrients &amp; Substrates zu liefernde Pflanzennahrung nicht zur Verf\u00fcgung stellen, liefern, zubereiten, bearbeiten, verarbeiten, zum Verkauf anbieten, verkaufen, bereitstellen, transportieren, herstellen oder besitzen, wenn er wei\u00df oder ernsthafte Gr\u00fcnde zu der Annahme hat, dass sie dazu bestimmt sind, eine der in Artikel 11a in [&hellip;]<\/p>\n","protected":false},"author":6,"featured_media":0,"parent":0,"menu_order":17,"comment_status":"closed","ping_status":"closed","template":"elementor_header_footer","meta":{"_acf_changed":false,"footnotes":""},"class_list":["post-4625","page","type-page","status-publish","hentry"],"acf":[],"yoast_head":"<!-- This site is optimized with the Yoast SEO plugin v27.3 - https:\/\/yoast.com\/product\/yoast-seo-wordpress\/ -->\n<title>Haftungsausschluss - Mills<\/title>\n<meta name=\"robots\" content=\"index, follow, max-snippet:-1, max-image-preview:large, max-video-preview:-1\" \/>\n<link rel=\"canonical\" href=\"https:\/\/mills-nutrients.com\/de\/haftungsausschluss\/\" \/>\n<meta property=\"og:locale\" content=\"de_DE\" \/>\n<meta property=\"og:type\" content=\"article\" \/>\n<meta property=\"og:title\" content=\"Haftungsausschluss - Mills\" \/>\n<meta property=\"og:description\" content=\"Haftungsausschluss . Absatz 1 \u2013 Der Abnehmer wird die von Mills Nutrients &amp; Substrates zu liefernde Pflanzennahrung nicht zur Verf\u00fcgung stellen, liefern, zubereiten, bearbeiten, verarbeiten, zum Verkauf anbieten, verkaufen, bereitstellen, transportieren, herstellen oder besitzen, wenn er wei\u00df oder ernsthafte Gr\u00fcnde zu der Annahme hat, dass sie dazu bestimmt sind, eine der in Artikel 11a in [&hellip;]\" \/>\n<meta property=\"og:url\" content=\"https:\/\/mills-nutrients.com\/de\/haftungsausschluss\/\" \/>\n<meta property=\"og:site_name\" content=\"Mills\" \/>\n<meta property=\"article:modified_time\" content=\"2025-11-20T08:44:24+00:00\" \/>\n<meta name=\"twitter:card\" content=\"summary_large_image\" \/>\n<meta name=\"twitter:label1\" content=\"Gesch\u00e4tzte Lesezeit\" \/>\n\t<meta name=\"twitter:data1\" content=\"3\u00a0Minuten\" \/>\n<script type=\"application\/ld+json\" class=\"yoast-schema-graph\">{\"@context\":\"https:\\\/\\\/schema.org\",\"@graph\":[{\"@type\":\"WebPage\",\"@id\":\"https:\\\/\\\/mills-nutrients.com\\\/de\\\/haftungsausschluss\\\/\",\"url\":\"https:\\\/\\\/mills-nutrients.com\\\/de\\\/haftungsausschluss\\\/\",\"name\":\"Haftungsausschluss - Mills\",\"isPartOf\":{\"@id\":\"https:\\\/\\\/mills-nutrients.com\\\/de\\\/#website\"},\"datePublished\":\"2025-08-18T05:08:30+00:00\",\"dateModified\":\"2025-11-20T08:44:24+00:00\",\"breadcrumb\":{\"@id\":\"https:\\\/\\\/mills-nutrients.com\\\/de\\\/haftungsausschluss\\\/#breadcrumb\"},\"inLanguage\":\"de\",\"potentialAction\":[{\"@type\":\"ReadAction\",\"target\":[\"https:\\\/\\\/mills-nutrients.com\\\/de\\\/haftungsausschluss\\\/\"]}]},{\"@type\":\"BreadcrumbList\",\"@id\":\"https:\\\/\\\/mills-nutrients.com\\\/de\\\/haftungsausschluss\\\/#breadcrumb\",\"itemListElement\":[{\"@type\":\"ListItem\",\"position\":1,\"name\":\"Home\",\"item\":\"https:\\\/\\\/mills-nutrients.com\\\/de\\\/\"},{\"@type\":\"ListItem\",\"position\":2,\"name\":\"Haftungsausschluss\"}]},{\"@type\":\"WebSite\",\"@id\":\"https:\\\/\\\/mills-nutrients.com\\\/de\\\/#website\",\"url\":\"https:\\\/\\\/mills-nutrients.com\\\/de\\\/\",\"name\":\"Mills\",\"description\":\"\",\"publisher\":{\"@id\":\"https:\\\/\\\/mills-nutrients.com\\\/de\\\/#organization\"},\"potentialAction\":[{\"@type\":\"SearchAction\",\"target\":{\"@type\":\"EntryPoint\",\"urlTemplate\":\"https:\\\/\\\/mills-nutrients.com\\\/de\\\/?s={search_term_string}\"},\"query-input\":{\"@type\":\"PropertyValueSpecification\",\"valueRequired\":true,\"valueName\":\"search_term_string\"}}],\"inLanguage\":\"de\"},{\"@type\":\"Organization\",\"@id\":\"https:\\\/\\\/mills-nutrients.com\\\/de\\\/#organization\",\"name\":\"Mills\",\"url\":\"https:\\\/\\\/mills-nutrients.com\\\/de\\\/\",\"logo\":{\"@type\":\"ImageObject\",\"inLanguage\":\"de\",\"@id\":\"https:\\\/\\\/mills-nutrients.com\\\/de\\\/#\\\/schema\\\/logo\\\/image\\\/\",\"url\":\"https:\\\/\\\/mills-nutrients.com\\\/wp-content\\\/uploads\\\/2025\\\/08\\\/favicon-2-1.png\",\"contentUrl\":\"https:\\\/\\\/mills-nutrients.com\\\/wp-content\\\/uploads\\\/2025\\\/08\\\/favicon-2-1.png\",\"width\":48,\"height\":48,\"caption\":\"Mills\"},\"image\":{\"@id\":\"https:\\\/\\\/mills-nutrients.com\\\/de\\\/#\\\/schema\\\/logo\\\/image\\\/\"}}]}<\/script>\n<!-- \/ Yoast SEO plugin. -->","yoast_head_json":{"title":"Haftungsausschluss - Mills","robots":{"index":"index","follow":"follow","max-snippet":"max-snippet:-1","max-image-preview":"max-image-preview:large","max-video-preview":"max-video-preview:-1"},"canonical":"https:\/\/mills-nutrients.com\/de\/haftungsausschluss\/","og_locale":"de_DE","og_type":"article","og_title":"Haftungsausschluss - Mills","og_description":"Haftungsausschluss . Absatz 1 \u2013 Der Abnehmer wird die von Mills Nutrients &amp; Substrates zu liefernde Pflanzennahrung nicht zur Verf\u00fcgung stellen, liefern, zubereiten, bearbeiten, verarbeiten, zum Verkauf anbieten, verkaufen, bereitstellen, transportieren, herstellen oder besitzen, wenn er wei\u00df oder ernsthafte Gr\u00fcnde zu der Annahme hat, dass sie dazu bestimmt sind, eine der in Artikel 11a in [&hellip;]","og_url":"https:\/\/mills-nutrients.com\/de\/haftungsausschluss\/","og_site_name":"Mills","article_modified_time":"2025-11-20T08:44:24+00:00","twitter_card":"summary_large_image","twitter_misc":{"Gesch\u00e4tzte Lesezeit":"3\u00a0Minuten"},"schema":{"@context":"https:\/\/schema.org","@graph":[{"@type":"WebPage","@id":"https:\/\/mills-nutrients.com\/de\/haftungsausschluss\/","url":"https:\/\/mills-nutrients.com\/de\/haftungsausschluss\/","name":"Haftungsausschluss - Mills","isPartOf":{"@id":"https:\/\/mills-nutrients.com\/de\/#website"},"datePublished":"2025-08-18T05:08:30+00:00","dateModified":"2025-11-20T08:44:24+00:00","breadcrumb":{"@id":"https:\/\/mills-nutrients.com\/de\/haftungsausschluss\/#breadcrumb"},"inLanguage":"de","potentialAction":[{"@type":"ReadAction","target":["https:\/\/mills-nutrients.com\/de\/haftungsausschluss\/"]}]},{"@type":"BreadcrumbList","@id":"https:\/\/mills-nutrients.com\/de\/haftungsausschluss\/#breadcrumb","itemListElement":[{"@type":"ListItem","position":1,"name":"Home","item":"https:\/\/mills-nutrients.com\/de\/"},{"@type":"ListItem","position":2,"name":"Haftungsausschluss"}]},{"@type":"WebSite","@id":"https:\/\/mills-nutrients.com\/de\/#website","url":"https:\/\/mills-nutrients.com\/de\/","name":"Mills","description":"","publisher":{"@id":"https:\/\/mills-nutrients.com\/de\/#organization"},"potentialAction":[{"@type":"SearchAction","target":{"@type":"EntryPoint","urlTemplate":"https:\/\/mills-nutrients.com\/de\/?s={search_term_string}"},"query-input":{"@type":"PropertyValueSpecification","valueRequired":true,"valueName":"search_term_string"}}],"inLanguage":"de"},{"@type":"Organization","@id":"https:\/\/mills-nutrients.com\/de\/#organization","name":"Mills","url":"https:\/\/mills-nutrients.com\/de\/","logo":{"@type":"ImageObject","inLanguage":"de","@id":"https:\/\/mills-nutrients.com\/de\/#\/schema\/logo\/image\/","url":"https:\/\/mills-nutrients.com\/wp-content\/uploads\/2025\/08\/favicon-2-1.png","contentUrl":"https:\/\/mills-nutrients.com\/wp-content\/uploads\/2025\/08\/favicon-2-1.png","width":48,"height":48,"caption":"Mills"},"image":{"@id":"https:\/\/mills-nutrients.com\/de\/#\/schema\/logo\/image\/"}}]}},"_links":{"self":[{"href":"https:\/\/mills-nutrients.com\/de\/wp-json\/wp\/v2\/pages\/4625","targetHints":{"allow":["GET"]}}],"collection":[{"href":"https:\/\/mills-nutrients.com\/de\/wp-json\/wp\/v2\/pages"}],"about":[{"href":"https:\/\/mills-nutrients.com\/de\/wp-json\/wp\/v2\/types\/page"}],"author":[{"embeddable":true,"href":"https:\/\/mills-nutrients.com\/de\/wp-json\/wp\/v2\/users\/6"}],"replies":[{"embeddable":true,"href":"https:\/\/mills-nutrients.com\/de\/wp-json\/wp\/v2\/comments?post=4625"}],"version-history":[{"count":2,"href":"https:\/\/mills-nutrients.com\/de\/wp-json\/wp\/v2\/pages\/4625\/revisions"}],"predecessor-version":[{"id":4627,"href":"https:\/\/mills-nutrients.com\/de\/wp-json\/wp\/v2\/pages\/4625\/revisions\/4627"}],"wp:attachment":[{"href":"https:\/\/mills-nutrients.com\/de\/wp-json\/wp\/v2\/media?parent=4625"}],"curies":[{"name":"wp","href":"https:\/\/api.w.org\/{rel}","templated":true}]}}