{"id":4611,"date":"2025-08-19T00:13:41","date_gmt":"2025-08-18T22:13:41","guid":{"rendered":"https:\/\/mills-nutrients.com\/naehrstoffrechner\/"},"modified":"2026-02-23T15:52:33","modified_gmt":"2026-02-23T14:52:33","slug":"naehrstoffrechner","status":"publish","type":"page","link":"https:\/\/mills-nutrients.com\/de\/naehrstoffrechner\/","title":{"rendered":"N\u00e4hrstoffrechner"},"content":{"rendered":"\t\t<div data-elementor-type=\"wp-page\" data-elementor-id=\"4611\" class=\"elementor elementor-4611 elementor-2161\" data-elementor-post-type=\"page\">\n\t\t\t\t<div class=\"elementor-element elementor-element-b5e4479 e-flex e-con-boxed e-con e-parent\" data-id=\"b5e4479\" data-element_type=\"container\" data-e-type=\"container\" data-settings=\"{&quot;background_background&quot;:&quot;classic&quot;}\">\n\t\t\t\t\t<div class=\"e-con-inner\">\n\t\t<div class=\"elementor-element elementor-element-e1c1713 e-con-full e-flex e-con e-child\" data-id=\"e1c1713\" data-element_type=\"container\" data-e-type=\"container\">\n\t\t\t\t<div class=\"elementor-element elementor-element-f4da975 elementor-widget elementor-widget-heading\" data-id=\"f4da975\" data-element_type=\"widget\" data-e-type=\"widget\" data-widget_type=\"heading.default\">\n\t\t\t\t<div class=\"elementor-widget-container\">\n\t\t\t\t\t<h1 class=\"elementor-heading-title elementor-size-default\">N\u00e4hrstoffrechner\n<\/h1>\t\t\t\t<\/div>\n\t\t\t\t<\/div>\n\t\t\t\t<div class=\"elementor-element elementor-element-d051e33 elementor-widget elementor-widget-heading\" data-id=\"d051e33\" data-element_type=\"widget\" data-e-type=\"widget\" data-widget_type=\"heading.default\">\n\t\t\t\t<div class=\"elementor-widget-container\">\n\t\t\t\t\t<h3 class=\"elementor-heading-title elementor-size-default\">Lass uns das Rechnen \u00fcbernehmen\n<\/h3>\t\t\t\t<\/div>\n\t\t\t\t<\/div>\n\t\t\t\t<div class=\"elementor-element elementor-element-0618864 elementor-widget-divider--view-line elementor-widget elementor-widget-divider\" data-id=\"0618864\" data-element_type=\"widget\" data-e-type=\"widget\" data-widget_type=\"divider.default\">\n\t\t\t\t<div class=\"elementor-widget-container\">\n\t\t\t\t\t\t\t<div class=\"elementor-divider\">\n\t\t\t<span class=\"elementor-divider-separator\">\n\t\t\t\t\t\t<\/span>\n\t\t<\/div>\n\t\t\t\t\t\t<\/div>\n\t\t\t\t<\/div>\n\t\t\t\t<\/div>\n\t\t\t\t\t<\/div>\n\t\t\t\t<\/div>\n\t\t<div class=\"elementor-element elementor-element-5f950be e-flex e-con-boxed e-con e-parent\" data-id=\"5f950be\" data-element_type=\"container\" data-e-type=\"container\">\n\t\t\t\t\t<div class=\"e-con-inner\">\n\t\t\t\t<div class=\"elementor-element elementor-element-a1944ca elementor-widget elementor-widget-nutrient_calculator_translatable\" data-id=\"a1944ca\" data-element_type=\"widget\" data-e-type=\"widget\" data-widget_type=\"nutrient_calculator_translatable.default\">\n\t\t\t\t<div class=\"elementor-widget-container\">\n\t\t\t\t\t        <div class=\"calc-wrapper\">\n            <div data-component=\"nutrient-calculator\"\n                 data-translations='{\"Ready\":\"Bereit?\",\"Calculate\":\"Berechnen\",\"Download result\":\"Ergebnis herunterladen\",\"Values in ml\":\"Werte in ml\",\"Values per 10 liters of water\":\"Werte pro 10 Liter Wasser\",\"week\":\"Woche\",\"Week\":\"Woche\",\"Growth\":\"Wachstum\",\"Bloom\":\"Bl\\u00fcte\",\"weeks\":\"Wochen\",\"*For more growth advise, feel free to send an email to \":\"*F\\u00fcr weitere Wachstumstipps kannst du gerne eine E-Mail senden an  \",\"Type\":\"Typ\",\"Regular\":\"Regul\\u00e4r\",\"Organic\":\"Organisch\",\"High Concentrate Fertilizer\":\"Hochkonzentrierter D\\u00fcnger\",\"Growth Period\":\"Wachstumsphase\",\"Bloom Period\":\"Bl\\u00fctephase\",\"Water\":\"Wasser\",\"Liquid measure\":\"Fl\\u00fcssigkeitsma\\u00df\",\"Amount of water\":\"Wassermenge\",\"Tap water\":\"Leitungswasser\",\"Osmose water\":\"Osmosewasser\",\"Liters\":\"Liter\",\"Gallons\":\"Gallonen\",\"1 week\":\"1 Woche\",\"2 weeks\":\"2 Wochen\",\"3 weeks\":\"3 Wochen\",\"4 weeks\":\"4 Wochen\",\"8 weeks\":\"8 Wochen\",\"9 weeks\":\"9 Wochen\",\"9 week(s)\":\"9 Wochen\",\"8 week(s)\":\"8 Wochen\"}'\n                 data-language=\"de\">\n            <\/div>\n        <\/div>\n        \t\t\t\t<\/div>\n\t\t\t\t<\/div>\n\t\t\t\t\t<\/div>\n\t\t\t\t<\/div>\n\t\t\t\t<\/div>\n\t\t","protected":false},"excerpt":{"rendered":"<p>N\u00e4hrstoffrechner Lass uns das Rechnen \u00fcbernehmen<\/p>\n","protected":false},"author":6,"featured_media":0,"parent":0,"menu_order":13,"comment_status":"closed","ping_status":"closed","template":"","meta":{"_acf_changed":false,"footnotes":""},"class_list":["post-4611","page","type-page","status-publish","hentry"],"acf":[],"yoast_head":"<!-- This site is optimized with the Yoast SEO plugin v27.3 - https:\/\/yoast.com\/product\/yoast-seo-wordpress\/ -->\n<title>N\u00e4hrstoffrechner - Mills<\/title>\n<meta name=\"robots\" content=\"index, follow, max-snippet:-1, max-image-preview:large, max-video-preview:-1\" \/>\n<link rel=\"canonical\" href=\"https:\/\/mills-nutrients.com\/de\/naehrstoffrechner\/\" \/>\n<meta property=\"og:locale\" content=\"de_DE\" \/>\n<meta property=\"og:type\" content=\"article\" \/>\n<meta property=\"og:title\" content=\"N\u00e4hrstoffrechner - Mills\" \/>\n<meta property=\"og:description\" content=\"N\u00e4hrstoffrechner Lass uns das Rechnen \u00fcbernehmen\" \/>\n<meta property=\"og:url\" content=\"https:\/\/mills-nutrients.com\/de\/naehrstoffrechner\/\" \/>\n<meta property=\"og:site_name\" content=\"Mills\" \/>\n<meta property=\"article:modified_time\" content=\"2026-02-23T14:52:33+00:00\" \/>\n<meta name=\"twitter:card\" content=\"summary_large_image\" \/>\n<meta name=\"twitter:label1\" content=\"Gesch\u00e4tzte Lesezeit\" \/>\n\t<meta name=\"twitter:data1\" content=\"1\u00a0Minute\" \/>\n<script type=\"application\/ld+json\" class=\"yoast-schema-graph\">{\"@context\":\"https:\\\/\\\/schema.org\",\"@graph\":[{\"@type\":\"WebPage\",\"@id\":\"https:\\\/\\\/mills-nutrients.com\\\/de\\\/naehrstoffrechner\\\/\",\"url\":\"https:\\\/\\\/mills-nutrients.com\\\/de\\\/naehrstoffrechner\\\/\",\"name\":\"N\u00e4hrstoffrechner - Mills\",\"isPartOf\":{\"@id\":\"https:\\\/\\\/mills-nutrients.com\\\/de\\\/#website\"},\"datePublished\":\"2025-08-18T22:13:41+00:00\",\"dateModified\":\"2026-02-23T14:52:33+00:00\",\"breadcrumb\":{\"@id\":\"https:\\\/\\\/mills-nutrients.com\\\/de\\\/naehrstoffrechner\\\/#breadcrumb\"},\"inLanguage\":\"de\",\"potentialAction\":[{\"@type\":\"ReadAction\",\"target\":[\"https:\\\/\\\/mills-nutrients.com\\\/de\\\/naehrstoffrechner\\\/\"]}]},{\"@type\":\"BreadcrumbList\",\"@id\":\"https:\\\/\\\/mills-nutrients.com\\\/de\\\/naehrstoffrechner\\\/#breadcrumb\",\"itemListElement\":[{\"@type\":\"ListItem\",\"position\":1,\"name\":\"Home\",\"item\":\"https:\\\/\\\/mills-nutrients.com\\\/de\\\/\"},{\"@type\":\"ListItem\",\"position\":2,\"name\":\"N\u00e4hrstoffrechner\"}]},{\"@type\":\"WebSite\",\"@id\":\"https:\\\/\\\/mills-nutrients.com\\\/de\\\/#website\",\"url\":\"https:\\\/\\\/mills-nutrients.com\\\/de\\\/\",\"name\":\"Mills\",\"description\":\"\",\"publisher\":{\"@id\":\"https:\\\/\\\/mills-nutrients.com\\\/de\\\/#organization\"},\"potentialAction\":[{\"@type\":\"SearchAction\",\"target\":{\"@type\":\"EntryPoint\",\"urlTemplate\":\"https:\\\/\\\/mills-nutrients.com\\\/de\\\/?s={search_term_string}\"},\"query-input\":{\"@type\":\"PropertyValueSpecification\",\"valueRequired\":true,\"valueName\":\"search_term_string\"}}],\"inLanguage\":\"de\"},{\"@type\":\"Organization\",\"@id\":\"https:\\\/\\\/mills-nutrients.com\\\/de\\\/#organization\",\"name\":\"Mills\",\"url\":\"https:\\\/\\\/mills-nutrients.com\\\/de\\\/\",\"logo\":{\"@type\":\"ImageObject\",\"inLanguage\":\"de\",\"@id\":\"https:\\\/\\\/mills-nutrients.com\\\/de\\\/#\\\/schema\\\/logo\\\/image\\\/\",\"url\":\"https:\\\/\\\/mills-nutrients.com\\\/wp-content\\\/uploads\\\/2025\\\/08\\\/favicon-2-1.png\",\"contentUrl\":\"https:\\\/\\\/mills-nutrients.com\\\/wp-content\\\/uploads\\\/2025\\\/08\\\/favicon-2-1.png\",\"width\":48,\"height\":48,\"caption\":\"Mills\"},\"image\":{\"@id\":\"https:\\\/\\\/mills-nutrients.com\\\/de\\\/#\\\/schema\\\/logo\\\/image\\\/\"}}]}<\/script>\n<!-- \/ Yoast SEO plugin. -->","yoast_head_json":{"title":"N\u00e4hrstoffrechner - Mills","robots":{"index":"index","follow":"follow","max-snippet":"max-snippet:-1","max-image-preview":"max-image-preview:large","max-video-preview":"max-video-preview:-1"},"canonical":"https:\/\/mills-nutrients.com\/de\/naehrstoffrechner\/","og_locale":"de_DE","og_type":"article","og_title":"N\u00e4hrstoffrechner - Mills","og_description":"N\u00e4hrstoffrechner Lass uns das Rechnen \u00fcbernehmen","og_url":"https:\/\/mills-nutrients.com\/de\/naehrstoffrechner\/","og_site_name":"Mills","article_modified_time":"2026-02-23T14:52:33+00:00","twitter_card":"summary_large_image","twitter_misc":{"Gesch\u00e4tzte Lesezeit":"1\u00a0Minute"},"schema":{"@context":"https:\/\/schema.org","@graph":[{"@type":"WebPage","@id":"https:\/\/mills-nutrients.com\/de\/naehrstoffrechner\/","url":"https:\/\/mills-nutrients.com\/de\/naehrstoffrechner\/","name":"N\u00e4hrstoffrechner - Mills","isPartOf":{"@id":"https:\/\/mills-nutrients.com\/de\/#website"},"datePublished":"2025-08-18T22:13:41+00:00","dateModified":"2026-02-23T14:52:33+00:00","breadcrumb":{"@id":"https:\/\/mills-nutrients.com\/de\/naehrstoffrechner\/#breadcrumb"},"inLanguage":"de","potentialAction":[{"@type":"ReadAction","target":["https:\/\/mills-nutrients.com\/de\/naehrstoffrechner\/"]}]},{"@type":"BreadcrumbList","@id":"https:\/\/mills-nutrients.com\/de\/naehrstoffrechner\/#breadcrumb","itemListElement":[{"@type":"ListItem","position":1,"name":"Home","item":"https:\/\/mills-nutrients.com\/de\/"},{"@type":"ListItem","position":2,"name":"N\u00e4hrstoffrechner"}]},{"@type":"WebSite","@id":"https:\/\/mills-nutrients.com\/de\/#website","url":"https:\/\/mills-nutrients.com\/de\/","name":"Mills","description":"","publisher":{"@id":"https:\/\/mills-nutrients.com\/de\/#organization"},"potentialAction":[{"@type":"SearchAction","target":{"@type":"EntryPoint","urlTemplate":"https:\/\/mills-nutrients.com\/de\/?s={search_term_string}"},"query-input":{"@type":"PropertyValueSpecification","valueRequired":true,"valueName":"search_term_string"}}],"inLanguage":"de"},{"@type":"Organization","@id":"https:\/\/mills-nutrients.com\/de\/#organization","name":"Mills","url":"https:\/\/mills-nutrients.com\/de\/","logo":{"@type":"ImageObject","inLanguage":"de","@id":"https:\/\/mills-nutrients.com\/de\/#\/schema\/logo\/image\/","url":"https:\/\/mills-nutrients.com\/wp-content\/uploads\/2025\/08\/favicon-2-1.png","contentUrl":"https:\/\/mills-nutrients.com\/wp-content\/uploads\/2025\/08\/favicon-2-1.png","width":48,"height":48,"caption":"Mills"},"image":{"@id":"https:\/\/mills-nutrients.com\/de\/#\/schema\/logo\/image\/"}}]}},"_links":{"self":[{"href":"https:\/\/mills-nutrients.com\/de\/wp-json\/wp\/v2\/pages\/4611","targetHints":{"allow":["GET"]}}],"collection":[{"href":"https:\/\/mills-nutrients.com\/de\/wp-json\/wp\/v2\/pages"}],"about":[{"href":"https:\/\/mills-nutrients.com\/de\/wp-json\/wp\/v2\/types\/page"}],"author":[{"embeddable":true,"href":"https:\/\/mills-nutrients.com\/de\/wp-json\/wp\/v2\/users\/6"}],"replies":[{"embeddable":true,"href":"https:\/\/mills-nutrients.com\/de\/wp-json\/wp\/v2\/comments?post=4611"}],"version-history":[{"count":4,"href":"https:\/\/mills-nutrients.com\/de\/wp-json\/wp\/v2\/pages\/4611\/revisions"}],"predecessor-version":[{"id":6256,"href":"https:\/\/mills-nutrients.com\/de\/wp-json\/wp\/v2\/pages\/4611\/revisions\/6256"}],"wp:attachment":[{"href":"https:\/\/mills-nutrients.com\/de\/wp-json\/wp\/v2\/media?parent=4611"}],"curies":[{"name":"wp","href":"https:\/\/api.w.org\/{rel}","templated":true}]}}